{"id":4587,"date":"2025-10-31T11:04:15","date_gmt":"2025-10-31T10:04:15","guid":{"rendered":"https:\/\/automated-transactions.es\/producto\/modulo-deposito-de-billetes-ca-10n\/"},"modified":"2025-11-13T21:11:38","modified_gmt":"2025-11-13T20:11:38","slug":"modulo-de-deposito-de-notas-ca-10n","status":"publish","type":"product","link":"https:\/\/automated-transactions.es\/pt-pt\/producto\/modulo-de-deposito-de-notas-ca-10n\/","title":{"rendered":"M\u00f3dulo de dep\u00f3sito de notas CA-10N"},"content":{"rendered":"<div class=\"fusion-fullwidth fullwidth-box fusion-builder-row-1 fusion-flex-container nonhundred-percent-fullwidth non-hundred-percent-height-scrolling\" style=\"background-color: rgba(255,255,255,0);background-position: center center;background-repeat: no-repeat;border-width: 0px 0px 0px 0px;border-color:#e2e2e2;border-style:solid;\" ><div class=\"fusion-builder-row fusion-row fusion-flex-align-items-flex-start fusion-flex-justify-content-center\" style=\"max-width:1248px;margin-left: calc(-4% \/ 2 );margin-right: calc(-4% \/ 2 );\"><div class=\"fusion-layout-column fusion_builder_column fusion-builder-column-0 fusion_builder_column_4_5 4_5 fusion-flex-column\"><div class=\"fusion-column-wrapper fusion-flex-justify-content-flex-start fusion-content-layout-column\" style=\"background-position:left top;background-repeat:no-repeat;-webkit-background-size:cover;-moz-background-size:cover;-o-background-size:cover;background-size:cover;padding: 0px 0px 0px 0px;\">\n<div class=\"table-1\">\n<p style=\"text-align: center; background-color: #043f7a; color: white; padding: 10px; margin-bottom: 0px;\"><strong>CARACTER\u00cdSTICAS<\/strong><\/p>\n<table width=\"100%\">\n<tbody>\n<tr>\n<td style=\"text-align: center;\" align=\"left\">Moeda Suportada<\/td>\n<td style=\"text-align: center;\" align=\"left\">RMB (4.\u00aa e 5.\u00aa s\u00e9rie, &gt;1 yuan), atualiz\u00e1vel para m\u00faltiplas moedas<\/td>\n<\/tr>\n<tr>\n<td style=\"text-align: center;\" align=\"left\">Capacidade das Ranhuras<\/td>\n<td style=\"text-align: center;\" align=\"left\">Entrada: 500\/1000 notas, Escrow: 200, Rejei\u00e7\u00e3o: 100<\/td>\n<\/tr>\n<tr>\n<td style=\"text-align: center;\" align=\"left\">Velocidade de Carga<\/td>\n<td style=\"text-align: center;\" align=\"left\">780\/1000 notas por minuto<\/td>\n<\/tr>\n<tr>\n<td style=\"text-align: center;\" align=\"left\">Ambiente Operacional<\/td>\n<td style=\"text-align: center;\" align=\"left\">0\u00baC \u2013 40\u00baC; 20%-90% HR sem condensa\u00e7\u00e3o<\/td>\n<\/tr>\n<tr>\n<td style=\"text-align: center;\" align=\"left\">Dimens\u00f5es das Notas Suportadas<\/td>\n<td style=\"text-align: center;\" align=\"left\">M\u00e1x. 178 mm (L) x 90 mm (A) x 0.15 mm (E)<\/td>\n<\/tr>\n<tr>\n<td style=\"text-align: center;\" align=\"left\">Dimens\u00f5es Totais<\/td>\n<td style=\"text-align: center;\" align=\"left\">313 mm (L) x 286 mm (A) x 337 mm (P)<\/td>\n<\/tr>\n<tr>\n<td style=\"text-align: center;\" align=\"left\">Peso<\/td>\n<td style=\"text-align: center;\" align=\"left\">19 kg<\/td>\n<\/tr>\n<tr>\n<td style=\"text-align: center;\" align=\"left\">Interface de Comunica\u00e7\u00e3o<\/td>\n<td style=\"text-align: center;\" align=\"left\">LAN<\/td>\n<\/tr>\n<\/tbody>\n<\/table>\n<\/div>\n<div class=\"fusion-separator fusion-full-width-sep\" style=\"align-self: center;margin-left: auto;margin-right: auto;margin-bottom:20px;width:100%;\"><\/div><div class=\"fusion-text fusion-text-1\"><p>O CA-10 da GRG Banking agiliza a classifica\u00e7\u00e3o de notas com elevada precis\u00e3o, gra\u00e7as \u00e0 sua tecnologia de dete\u00e7\u00e3o e \u00e0 capacidade de captar e registar imagens e n\u00fameros de s\u00e9rie das notas, operando de forma eficiente numa ampla gama de condi\u00e7\u00f5es ambientais.<\/p>\n<\/div><\/div><style type=\"text\/css\">.fusion-body .fusion-builder-column-0{width:80% !important;margin-top : 0px;margin-bottom : 56px;}.fusion-builder-column-0 > .fusion-column-wrapper {padding-top : 0px !important;padding-right : 0px !important;margin-right : 2.4%;padding-bottom : 0px !important;padding-left : 0px !important;margin-left : 2.4%;}@media only screen and (max-width:1024px) {.fusion-body .fusion-builder-column-0{width:80% !important;order : 0;}.fusion-builder-column-0 > .fusion-column-wrapper {margin-right : 2.4%;margin-left : 2.4%;}}@media only screen and (max-width:640px) {.fusion-body .fusion-builder-column-0{width:100% !important;order : 0;}.fusion-builder-column-0 > .fusion-column-wrapper {margin-right : 1.92%;margin-left : 1.92%;}}<\/style><\/div><\/div><style type=\"text\/css\">.fusion-body .fusion-flex-container.fusion-builder-row-1{ padding-top : 0px;margin-top : 0px;padding-right : 0px;padding-bottom : 0px;margin-bottom : 0px;padding-left : 0px;}<\/style><\/div>\n","protected":false},"excerpt":{"rendered":"<h5>O CA-10N da GRG Banking \u00e9 uma m\u00e1quina classificadora de notas que utiliza tecnologia de dete\u00e7\u00e3o avan\u00e7ada para melhorar a velocidade e a precis\u00e3o no manuseamento de numer\u00e1rio. Equipada com tecnologia CIS e OCR, capta e regista imagens de ambos os lados da nota e o seu n\u00famero de s\u00e9rie.<\/h5>\n<ul>\n<li>Captura Autom\u00e1tica de N\u00fameros de S\u00e9rie: A uma velocidade de 12 notas por segundo.<\/li>\n<li>Versatilidade: Capaz de realizar diversas tarefas como contagem, dete\u00e7\u00e3o de notas suspeitas, classifica\u00e7\u00e3o por orienta\u00e7\u00e3o, vers\u00e3o e aptid\u00e3o.<\/li>\n<li>Tecnologia de Dete\u00e7\u00e3o Avan\u00e7ada: Utiliza v\u00e1rios m\u00e9todos de an\u00e1lise para uma identifica\u00e7\u00e3o precisa das notas.<\/li>\n<li>Capacidade da Ranhura: Suporta at\u00e9 500 notas na ranhura de entrada, com op\u00e7\u00e3o de expans\u00e3o at\u00e9 1.000 notas.<\/li>\n<li>Ambiente Operacional Amplo: Funciona de forma eficiente numa vasta gama de temperatura e humidade.<\/li>\n<li>Liga\u00e7\u00e3o LAN: Facilita uma comunica\u00e7\u00e3o r\u00e1pida e eficaz.<\/li>\n<\/ul>\n","protected":false},"featured_media":4577,"comment_status":"open","ping_status":"closed","template":"","meta":{"content-type":""},"product_cat":[1090,136],"product_tag":[],"class_list":["post-4587","product","type-product","status-publish","has-post-thumbnail","hentry","product_cat-deposito-de-efectivo-pt-pt","product_cat-nao-categorizar"],"yoast_head":"<!-- This site is optimized with the Yoast SEO plugin v23.0 - https:\/\/yoast.com\/wordpress\/plugins\/seo\/ -->\n<title>M\u00f3dulo de dep\u00f3sito de notas CA-10N - Automated Transactions<\/title>\n<meta name=\"description\" content=\"El CAS-006K6 es un m\u00f3dulo de circulaci\u00f3n de monedas en paquete de alta capacidad, dise\u00f1ado para reconocer, clasificar, recibir y almacenar monedas, y dar cambio seg\u00fan el control externo.\" \/>\n<meta name=\"robots\" content=\"index, follow, max-snippet:-1, max-image-preview:large, max-video-preview:-1\" \/>\n<link rel=\"canonical\" href=\"https:\/\/automated-transactions.es\/pt-pt\/producto\/modulo-de-deposito-de-notas-ca-10n\/\" \/>\n<meta property=\"og:locale\" content=\"pt_PT\" \/>\n<meta property=\"og:type\" content=\"article\" \/>\n<meta property=\"og:title\" content=\"M\u00f3dulo de dep\u00f3sito de notas CA-10N - Automated Transactions\" \/>\n<meta property=\"og:description\" content=\"El CAS-006K6 es un m\u00f3dulo de circulaci\u00f3n de monedas en paquete de alta capacidad, dise\u00f1ado para reconocer, clasificar, recibir y almacenar monedas, y dar cambio seg\u00fan el control externo.\" \/>\n<meta property=\"og:url\" content=\"https:\/\/automated-transactions.es\/pt-pt\/producto\/modulo-de-deposito-de-notas-ca-10n\/\" \/>\n<meta property=\"og:site_name\" content=\"Automated Transactions\" \/>\n<meta property=\"article:modified_time\" content=\"2025-11-13T20:11:38+00:00\" \/>\n<meta property=\"og:image\" content=\"https:\/\/automated-transactions.es\/wp-content\/uploads\/2025\/10\/CA-10N-User-Manual-V1.jpeg\" \/>\n\t<meta property=\"og:image:width\" content=\"786\" \/>\n\t<meta property=\"og:image:height\" content=\"836\" \/>\n\t<meta property=\"og:image:type\" content=\"image\/jpeg\" \/>\n<meta name=\"twitter:card\" content=\"summary_large_image\" \/>\n<meta name=\"twitter:label1\" content=\"Tempo estimado de leitura\" \/>\n\t<meta name=\"twitter:data1\" content=\"2 minutos\" \/>\n<script type=\"application\/ld+json\" class=\"yoast-schema-graph\">{\"@context\":\"https:\/\/schema.org\",\"@graph\":[{\"@type\":\"WebPage\",\"@id\":\"https:\/\/automated-transactions.es\/pt-pt\/producto\/modulo-de-deposito-de-notas-ca-10n\/\",\"url\":\"https:\/\/automated-transactions.es\/pt-pt\/producto\/modulo-de-deposito-de-notas-ca-10n\/\",\"name\":\"M\u00f3dulo de dep\u00f3sito de notas CA-10N - Automated Transactions\",\"isPartOf\":{\"@id\":\"https:\/\/automated-transactions.es\/#website\"},\"primaryImageOfPage\":{\"@id\":\"https:\/\/automated-transactions.es\/pt-pt\/producto\/modulo-de-deposito-de-notas-ca-10n\/#primaryimage\"},\"image\":{\"@id\":\"https:\/\/automated-transactions.es\/pt-pt\/producto\/modulo-de-deposito-de-notas-ca-10n\/#primaryimage\"},\"thumbnailUrl\":\"https:\/\/automated-transactions.es\/wp-content\/uploads\/2025\/10\/CA-10N-User-Manual-V1.jpeg\",\"datePublished\":\"2025-10-31T10:04:15+00:00\",\"dateModified\":\"2025-11-13T20:11:38+00:00\",\"description\":\"El CAS-006K6 es un m\u00f3dulo de circulaci\u00f3n de monedas en paquete de alta capacidad, dise\u00f1ado para reconocer, clasificar, recibir y almacenar monedas, y dar cambio seg\u00fan el control externo.\",\"breadcrumb\":{\"@id\":\"https:\/\/automated-transactions.es\/pt-pt\/producto\/modulo-de-deposito-de-notas-ca-10n\/#breadcrumb\"},\"inLanguage\":\"pt-PT\",\"potentialAction\":[{\"@type\":\"ReadAction\",\"target\":[\"https:\/\/automated-transactions.es\/pt-pt\/producto\/modulo-de-deposito-de-notas-ca-10n\/\"]}]},{\"@type\":\"ImageObject\",\"inLanguage\":\"pt-PT\",\"@id\":\"https:\/\/automated-transactions.es\/pt-pt\/producto\/modulo-de-deposito-de-notas-ca-10n\/#primaryimage\",\"url\":\"https:\/\/automated-transactions.es\/wp-content\/uploads\/2025\/10\/CA-10N-User-Manual-V1.jpeg\",\"contentUrl\":\"https:\/\/automated-transactions.es\/wp-content\/uploads\/2025\/10\/CA-10N-User-Manual-V1.jpeg\",\"width\":786,\"height\":836},{\"@type\":\"BreadcrumbList\",\"@id\":\"https:\/\/automated-transactions.es\/pt-pt\/producto\/modulo-de-deposito-de-notas-ca-10n\/#breadcrumb\",\"itemListElement\":[{\"@type\":\"ListItem\",\"position\":1,\"name\":\"Tienda\",\"item\":\"https:\/\/automated-transactions.es\/?page_id=7\"},{\"@type\":\"ListItem\",\"position\":2,\"name\":\"M\u00f3dulo de dep\u00f3sito de notas CA-10N\"}]},{\"@type\":\"WebSite\",\"@id\":\"https:\/\/automated-transactions.es\/#website\",\"url\":\"https:\/\/automated-transactions.es\/\",\"name\":\"Soluciones tecnol\u00f3gicas innovadoras para desarrolladores, fabricantes y operadores de m\u00e1quinas desatendidas.\",\"description\":\"Tecnolog\u00eda innovadora para m\u00e1quinas de autoservicio\",\"alternateName\":\"Automated Transactions\",\"potentialAction\":[{\"@type\":\"SearchAction\",\"target\":{\"@type\":\"EntryPoint\",\"urlTemplate\":\"https:\/\/automated-transactions.es\/?s={search_term_string}\"},\"query-input\":\"required name=search_term_string\"}],\"inLanguage\":\"pt-PT\"}]}<\/script>\n<!-- \/ Yoast SEO plugin. -->","yoast_head_json":{"title":"M\u00f3dulo de dep\u00f3sito de notas CA-10N - Automated Transactions","description":"El CAS-006K6 es un m\u00f3dulo de circulaci\u00f3n de monedas en paquete de alta capacidad, dise\u00f1ado para reconocer, clasificar, recibir y almacenar monedas, y dar cambio seg\u00fan el control externo.","robots":{"index":"index","follow":"follow","max-snippet":"max-snippet:-1","max-image-preview":"max-image-preview:large","max-video-preview":"max-video-preview:-1"},"canonical":"https:\/\/automated-transactions.es\/pt-pt\/producto\/modulo-de-deposito-de-notas-ca-10n\/","og_locale":"pt_PT","og_type":"article","og_title":"M\u00f3dulo de dep\u00f3sito de notas CA-10N - Automated Transactions","og_description":"El CAS-006K6 es un m\u00f3dulo de circulaci\u00f3n de monedas en paquete de alta capacidad, dise\u00f1ado para reconocer, clasificar, recibir y almacenar monedas, y dar cambio seg\u00fan el control externo.","og_url":"https:\/\/automated-transactions.es\/pt-pt\/producto\/modulo-de-deposito-de-notas-ca-10n\/","og_site_name":"Automated Transactions","article_modified_time":"2025-11-13T20:11:38+00:00","og_image":[{"width":786,"height":836,"url":"https:\/\/automated-transactions.es\/wp-content\/uploads\/2025\/10\/CA-10N-User-Manual-V1.jpeg","type":"image\/jpeg"}],"twitter_card":"summary_large_image","twitter_misc":{"Tempo estimado de leitura":"2 minutos"},"schema":{"@context":"https:\/\/schema.org","@graph":[{"@type":"WebPage","@id":"https:\/\/automated-transactions.es\/pt-pt\/producto\/modulo-de-deposito-de-notas-ca-10n\/","url":"https:\/\/automated-transactions.es\/pt-pt\/producto\/modulo-de-deposito-de-notas-ca-10n\/","name":"M\u00f3dulo de dep\u00f3sito de notas CA-10N - Automated Transactions","isPartOf":{"@id":"https:\/\/automated-transactions.es\/#website"},"primaryImageOfPage":{"@id":"https:\/\/automated-transactions.es\/pt-pt\/producto\/modulo-de-deposito-de-notas-ca-10n\/#primaryimage"},"image":{"@id":"https:\/\/automated-transactions.es\/pt-pt\/producto\/modulo-de-deposito-de-notas-ca-10n\/#primaryimage"},"thumbnailUrl":"https:\/\/automated-transactions.es\/wp-content\/uploads\/2025\/10\/CA-10N-User-Manual-V1.jpeg","datePublished":"2025-10-31T10:04:15+00:00","dateModified":"2025-11-13T20:11:38+00:00","description":"El CAS-006K6 es un m\u00f3dulo de circulaci\u00f3n de monedas en paquete de alta capacidad, dise\u00f1ado para reconocer, clasificar, recibir y almacenar monedas, y dar cambio seg\u00fan el control externo.","breadcrumb":{"@id":"https:\/\/automated-transactions.es\/pt-pt\/producto\/modulo-de-deposito-de-notas-ca-10n\/#breadcrumb"},"inLanguage":"pt-PT","potentialAction":[{"@type":"ReadAction","target":["https:\/\/automated-transactions.es\/pt-pt\/producto\/modulo-de-deposito-de-notas-ca-10n\/"]}]},{"@type":"ImageObject","inLanguage":"pt-PT","@id":"https:\/\/automated-transactions.es\/pt-pt\/producto\/modulo-de-deposito-de-notas-ca-10n\/#primaryimage","url":"https:\/\/automated-transactions.es\/wp-content\/uploads\/2025\/10\/CA-10N-User-Manual-V1.jpeg","contentUrl":"https:\/\/automated-transactions.es\/wp-content\/uploads\/2025\/10\/CA-10N-User-Manual-V1.jpeg","width":786,"height":836},{"@type":"BreadcrumbList","@id":"https:\/\/automated-transactions.es\/pt-pt\/producto\/modulo-de-deposito-de-notas-ca-10n\/#breadcrumb","itemListElement":[{"@type":"ListItem","position":1,"name":"Tienda","item":"https:\/\/automated-transactions.es\/?page_id=7"},{"@type":"ListItem","position":2,"name":"M\u00f3dulo de dep\u00f3sito de notas CA-10N"}]},{"@type":"WebSite","@id":"https:\/\/automated-transactions.es\/#website","url":"https:\/\/automated-transactions.es\/","name":"Soluciones tecnol\u00f3gicas innovadoras para desarrolladores, fabricantes y operadores de m\u00e1quinas desatendidas.","description":"Tecnolog\u00eda innovadora para m\u00e1quinas de autoservicio","alternateName":"Automated Transactions","potentialAction":[{"@type":"SearchAction","target":{"@type":"EntryPoint","urlTemplate":"https:\/\/automated-transactions.es\/?s={search_term_string}"},"query-input":"required name=search_term_string"}],"inLanguage":"pt-PT"}]}},"_links":{"self":[{"href":"https:\/\/automated-transactions.es\/pt-pt\/wp-json\/wp\/v2\/product\/4587","targetHints":{"allow":["GET"]}}],"collection":[{"href":"https:\/\/automated-transactions.es\/pt-pt\/wp-json\/wp\/v2\/product"}],"about":[{"href":"https:\/\/automated-transactions.es\/pt-pt\/wp-json\/wp\/v2\/types\/product"}],"replies":[{"embeddable":true,"href":"https:\/\/automated-transactions.es\/pt-pt\/wp-json\/wp\/v2\/comments?post=4587"}],"wp:featuredmedia":[{"embeddable":true,"href":"https:\/\/automated-transactions.es\/pt-pt\/wp-json\/wp\/v2\/media\/4577"}],"wp:attachment":[{"href":"https:\/\/automated-transactions.es\/pt-pt\/wp-json\/wp\/v2\/media?parent=4587"}],"wp:term":[{"taxonomy":"product_cat","embeddable":true,"href":"https:\/\/automated-transactions.es\/pt-pt\/wp-json\/wp\/v2\/product_cat?post=4587"},{"taxonomy":"product_tag","embeddable":true,"href":"https:\/\/automated-transactions.es\/pt-pt\/wp-json\/wp\/v2\/product_tag?post=4587"}],"curies":[{"name":"wp","href":"https:\/\/api.w.org\/{rel}","templated":true}]}}