{"id":3285,"date":"2023-12-22T11:00:18","date_gmt":"2023-12-22T10:00:18","guid":{"rendered":"https:\/\/automated-transactions.es\/?post_type=product&#038;p=3285"},"modified":"2023-12-22T11:23:45","modified_gmt":"2023-12-22T10:23:45","slug":"elm8000a-fingervein","status":"publish","type":"product","link":"https:\/\/automated-transactions.es\/pt-pt\/producto\/elm8000a-fingervein\/","title":{"rendered":"ELM8000A Fingervein"},"content":{"rendered":"<div class=\"fusion-fullwidth fullwidth-box fusion-builder-row-1 fusion-flex-container nonhundred-percent-fullwidth non-hundred-percent-height-scrolling\" style=\"background-color: rgba(255,255,255,0);background-position: center center;background-repeat: no-repeat;border-width: 0px 0px 0px 0px;border-color:#e2e2e2;border-style:solid;\" ><div class=\"fusion-builder-row fusion-row fusion-flex-align-items-flex-start fusion-flex-justify-content-center\" style=\"max-width:1248px;margin-left: calc(-4% \/ 2 );margin-right: calc(-4% \/ 2 );\"><div class=\"fusion-layout-column fusion_builder_column fusion-builder-column-0 fusion_builder_column_4_5 4_5 fusion-flex-column\"><div class=\"fusion-column-wrapper fusion-flex-justify-content-flex-start fusion-content-layout-column\" style=\"background-position:left top;background-repeat:no-repeat;-webkit-background-size:cover;-moz-background-size:cover;-o-background-size:cover;background-size:cover;padding: 0px 0px 0px 0px;\">\n<div class=\"table-1\">\n<p style=\"text-align: center; background-color: #043f7a; color: white; padding: 10px; margin-bottom: 0px;\"><strong>CARACTER\u00cdSTICAS<\/strong><\/p>\n<table width=\"100%\">\n<tbody>\n<tr>\n<td style=\"text-align: center;\" align=\"left\">Tipo de Producto<\/td>\n<td style=\"text-align: center;\" align=\"left\">Candado electr\u00f3nico de seguridad<\/td>\n<\/tr>\n<tr>\n<td style=\"text-align: center;\" align=\"left\">M\u00e9todos de Autenticaci\u00f3n<\/td>\n<td style=\"text-align: center;\" align=\"left\">C\u00f3digo personal, huella dactilar, vena del dedo<\/td>\n<\/tr>\n<tr>\n<td style=\"text-align: center;\" align=\"left\">Fuente de Alimentaci\u00f3n<\/td>\n<td style=\"text-align: center;\" align=\"left\">USB 5V o bater\u00eda alcalina de 9V<\/td>\n<\/tr>\n<tr>\n<td style=\"text-align: center;\" align=\"left\">Corriente Operativa<\/td>\n<td style=\"text-align: center;\" align=\"left\">&lt;100mA<\/td>\n<\/tr>\n<tr>\n<td style=\"text-align: center;\" align=\"left\">Corriente en Espera<\/td>\n<td style=\"text-align: center;\" align=\"left\">&lt;25uA<\/td>\n<\/tr>\n<tr>\n<td style=\"text-align: center;\" align=\"left\">Humedad Operativa<\/td>\n<td style=\"text-align: center;\" align=\"left\">?93% RH (sin condensaci\u00f3n)<\/td>\n<\/tr>\n<tr>\n<td style=\"text-align: center;\" align=\"left\">Temperatura Operativa<\/td>\n<td style=\"text-align: center;\" align=\"left\">-10? a 50?<\/td>\n<\/tr>\n<tr>\n<td style=\"text-align: center;\" align=\"left\">Pantalla<\/td>\n<td style=\"text-align: center;\" align=\"left\">Display HD de 0.96 pulgadas<\/td>\n<\/tr>\n<tr>\n<td style=\"text-align: center;\" align=\"left\">Especificaciones del Cuerpo<\/td>\n<td style=\"text-align: center;\" align=\"left\">85mm(D) x 60mm(W) x 30.7mm(H)<\/td>\n<\/tr>\n<tr>\n<td style=\"text-align: center;\" align=\"left\">Especificaciones del Cerrojo<\/td>\n<td style=\"text-align: center;\" align=\"left\">25.4mm(W) x 8mm(H)<\/td>\n<\/tr>\n<tr>\n<td style=\"text-align: center;\" align=\"left\">Especificaciones del Teclado<\/td>\n<td style=\"text-align: center;\" align=\"left\">?105mm<\/td>\n<\/tr>\n<tr>\n<td style=\"text-align: center;\" align=\"left\">Bater\u00eda<\/td>\n<td style=\"text-align: center;\" align=\"left\">GP1604A-L1(6LF22) 9V Alcalina<\/td>\n<\/tr>\n<tr>\n<td style=\"text-align: center;\" align=\"left\">Capacidad de Registro<\/td>\n<td style=\"text-align: center;\" align=\"left\">1000 registros de apertura\/cierre<\/td>\n<\/tr>\n<tr>\n<td style=\"text-align: center;\" align=\"left\">Capacidad de Huella Dactilar<\/td>\n<td style=\"text-align: center;\" align=\"left\">1:100 dedos<\/td>\n<\/tr>\n<tr>\n<td style=\"text-align: center;\" align=\"left\">Capacidad de Vena del Dedo<\/td>\n<td style=\"text-align: center;\" align=\"left\">1:100 dedos<\/td>\n<\/tr>\n<\/tbody>\n<\/table>\n<\/div>\n<div class=\"fusion-separator fusion-full-width-sep\" style=\"align-self: center;margin-left: auto;margin-right: auto;margin-bottom:20px;width:100%;\"><\/div><div class=\"fusion-text fusion-text-1\"><p>El ELM8000A Fingervein de G-Locks es un candado electr\u00f3nico de alta seguridad, perfecto para equipos de autoservicio y puertas de b\u00f3vedas. Ofrece desbloqueo por contrase\u00f1a, huella dactilar y vena del dedo, con protecciones avanzadas y f\u00e1cil mantenimiento. Ideal para ATM, es fiable, eficiente y adaptable.<\/p>\n<\/div><\/div><style type=\"text\/css\">.fusion-body .fusion-builder-column-0{width:80% !important;margin-top : 0px;margin-bottom : 56px;}.fusion-builder-column-0 > .fusion-column-wrapper {padding-top : 0px !important;padding-right : 0px !important;margin-right : 2.4%;padding-bottom : 0px !important;padding-left : 0px !important;margin-left : 2.4%;}@media only screen and (max-width:1024px) {.fusion-body .fusion-builder-column-0{width:80% !important;order : 0;}.fusion-builder-column-0 > .fusion-column-wrapper {margin-right : 2.4%;margin-left : 2.4%;}}@media only screen and (max-width:640px) {.fusion-body .fusion-builder-column-0{width:100% !important;order : 0;}.fusion-builder-column-0 > .fusion-column-wrapper {margin-right : 1.92%;margin-left : 1.92%;}}<\/style><\/div><\/div><style type=\"text\/css\">.fusion-body .fusion-flex-container.fusion-builder-row-1{ padding-top : 0px;margin-top : 0px;padding-right : 0px;padding-bottom : 0px;margin-bottom : 0px;padding-left : 0px;}<\/style><\/div>\n","protected":false},"excerpt":{"rendered":"<h5>El ELM8000A Fingervein de G-Locks es un cierre electr\u00f3nico de alta seguridad contra robos, ideal para equipos de autoservicio como cajeros autom\u00e1ticos y puertas de b\u00f3vedas bancarias. Ofrece m\u00e9todos de desbloqueo m\u00faltiples y opcionales, incluyendo contrase\u00f1a din\u00e1mica, huella dactilar y vena del dedo. Destaca por su alta seguridad, con protecciones anti-palanca y alarmas para vibraciones, alta temperatura y bloqueo. Es f\u00e1cil de instalar y mantener, no requiriendo cambios en la estructura de la puerta de la caja fuerte.<\/h5>\n<ul>\n<li>M\u00faltiples M\u00e9todos de Desbloqueo: Contrase\u00f1a din\u00e1mica, huella dactilar y vena del dedo.<\/li>\n<li>Alta Seguridad: Cuerpo del candado con protecciones anti-palanca.<\/li>\n<li>Protecci\u00f3n Avanzada: Incluye alarmas para vibraciones, alta temperatura y bloqueo.<\/li>\n<li>Alta Adaptabilidad: Adecuado para una variedad de equipos de autoservicio.<\/li>\n<li>F\u00e1cil Instalaci\u00f3n y Mantenimiento: No requiere cambios en la estructura de la puerta.<\/li>\n<li>Interfaz de Usuario Intuitiva: Teclado con pantalla OLED de alta definici\u00f3n.<\/li>\n<li>Amplia Utilizaci\u00f3n: Utilizado en la mayor\u00eda de los equipos de ATM.<\/li>\n<li>Fiabilidad: Alta seguridad y confiabilidad del cuerpo del candado.<\/li>\n<li>Registro de Actividades: Almacena 1000 registros de apertura\/cierre.<\/li>\n<li>Eficiencia Energ\u00e9tica: Bajo consumo y corriente de espera.<\/li>\n<\/ul>\n<p>&nbsp;<\/p>\n<p><iframe title=\"YouTube video player\" src=\"https:\/\/www.youtube.com\/embed\/5eZoevrf3Ro?si=76WUdrLVe8TCQTVJ\" width=\"560\" height=\"315\" frameborder=\"0\" allowfullscreen=\"allowfullscreen\"><\/iframe><\/p>\n","protected":false},"featured_media":3287,"comment_status":"open","ping_status":"closed","template":"","meta":{"content-type":""},"product_cat":[698],"product_tag":[],"class_list":["post-3285","product","type-product","status-publish","has-post-thumbnail","hentry","product_cat-reconocimiento-vascular-pt-pt"],"yoast_head":"<!-- This site is optimized with the Yoast SEO plugin v23.0 - https:\/\/yoast.com\/wordpress\/plugins\/seo\/ -->\n<title>ELM8000A Fingervein - Automated Transactions<\/title>\n<meta name=\"description\" content=\"Alta velocidad de cambio. Equipado aleatoriamente con cuatro cajas de monedas de diferentes monedas.\" \/>\n<meta name=\"robots\" content=\"index, follow, max-snippet:-1, max-image-preview:large, max-video-preview:-1\" \/>\n<link rel=\"canonical\" href=\"https:\/\/automated-transactions.es\/pt-pt\/producto\/elm8000a-fingervein\/\" \/>\n<meta property=\"og:locale\" content=\"pt_PT\" \/>\n<meta property=\"og:type\" content=\"article\" \/>\n<meta property=\"og:title\" content=\"ELM8000A Fingervein - Automated Transactions\" \/>\n<meta property=\"og:description\" content=\"Alta velocidad de cambio. Equipado aleatoriamente con cuatro cajas de monedas de diferentes monedas.\" \/>\n<meta property=\"og:url\" content=\"https:\/\/automated-transactions.es\/pt-pt\/producto\/elm8000a-fingervein\/\" \/>\n<meta property=\"og:site_name\" content=\"Automated Transactions\" \/>\n<meta property=\"article:modified_time\" content=\"2023-12-22T10:23:45+00:00\" \/>\n<meta property=\"og:image\" content=\"https:\/\/automated-transactions.es\/wp-content\/uploads\/2023\/12\/r-bascular.jpg\" \/>\n\t<meta property=\"og:image:width\" content=\"1000\" \/>\n\t<meta property=\"og:image:height\" content=\"1100\" \/>\n\t<meta property=\"og:image:type\" content=\"image\/jpeg\" \/>\n<meta name=\"twitter:card\" content=\"summary_large_image\" \/>\n<meta name=\"twitter:label1\" content=\"Tempo estimado de leitura\" \/>\n\t<meta name=\"twitter:data1\" content=\"2 minutos\" \/>\n<script type=\"application\/ld+json\" class=\"yoast-schema-graph\">{\"@context\":\"https:\/\/schema.org\",\"@graph\":[{\"@type\":\"WebPage\",\"@id\":\"https:\/\/automated-transactions.es\/pt-pt\/producto\/elm8000a-fingervein\/\",\"url\":\"https:\/\/automated-transactions.es\/pt-pt\/producto\/elm8000a-fingervein\/\",\"name\":\"ELM8000A Fingervein - Automated Transactions\",\"isPartOf\":{\"@id\":\"https:\/\/automated-transactions.es\/#website\"},\"primaryImageOfPage\":{\"@id\":\"https:\/\/automated-transactions.es\/pt-pt\/producto\/elm8000a-fingervein\/#primaryimage\"},\"image\":{\"@id\":\"https:\/\/automated-transactions.es\/pt-pt\/producto\/elm8000a-fingervein\/#primaryimage\"},\"thumbnailUrl\":\"https:\/\/automated-transactions.es\/wp-content\/uploads\/2023\/12\/r-bascular.jpg\",\"datePublished\":\"2023-12-22T10:00:18+00:00\",\"dateModified\":\"2023-12-22T10:23:45+00:00\",\"description\":\"Alta velocidad de cambio. Equipado aleatoriamente con cuatro cajas de monedas de diferentes monedas.\",\"breadcrumb\":{\"@id\":\"https:\/\/automated-transactions.es\/pt-pt\/producto\/elm8000a-fingervein\/#breadcrumb\"},\"inLanguage\":\"pt-PT\",\"potentialAction\":[{\"@type\":\"ReadAction\",\"target\":[\"https:\/\/automated-transactions.es\/pt-pt\/producto\/elm8000a-fingervein\/\"]}]},{\"@type\":\"ImageObject\",\"inLanguage\":\"pt-PT\",\"@id\":\"https:\/\/automated-transactions.es\/pt-pt\/producto\/elm8000a-fingervein\/#primaryimage\",\"url\":\"https:\/\/automated-transactions.es\/wp-content\/uploads\/2023\/12\/r-bascular.jpg\",\"contentUrl\":\"https:\/\/automated-transactions.es\/wp-content\/uploads\/2023\/12\/r-bascular.jpg\",\"width\":1000,\"height\":1100},{\"@type\":\"BreadcrumbList\",\"@id\":\"https:\/\/automated-transactions.es\/pt-pt\/producto\/elm8000a-fingervein\/#breadcrumb\",\"itemListElement\":[{\"@type\":\"ListItem\",\"position\":1,\"name\":\"Tienda\",\"item\":\"https:\/\/automated-transactions.es\/?page_id=7\"},{\"@type\":\"ListItem\",\"position\":2,\"name\":\"ELM8000A Fingervein\"}]},{\"@type\":\"WebSite\",\"@id\":\"https:\/\/automated-transactions.es\/#website\",\"url\":\"https:\/\/automated-transactions.es\/\",\"name\":\"Soluciones tecnol\u00f3gicas innovadoras para desarrolladores, fabricantes y operadores de m\u00e1quinas desatendidas.\",\"description\":\"Tecnolog\u00eda innovadora para m\u00e1quinas de autoservicio\",\"alternateName\":\"Automated Transactions\",\"potentialAction\":[{\"@type\":\"SearchAction\",\"target\":{\"@type\":\"EntryPoint\",\"urlTemplate\":\"https:\/\/automated-transactions.es\/?s={search_term_string}\"},\"query-input\":\"required name=search_term_string\"}],\"inLanguage\":\"pt-PT\"}]}<\/script>\n<!-- \/ Yoast SEO plugin. -->","yoast_head_json":{"title":"ELM8000A Fingervein - Automated Transactions","description":"Alta velocidad de cambio. Equipado aleatoriamente con cuatro cajas de monedas de diferentes monedas.","robots":{"index":"index","follow":"follow","max-snippet":"max-snippet:-1","max-image-preview":"max-image-preview:large","max-video-preview":"max-video-preview:-1"},"canonical":"https:\/\/automated-transactions.es\/pt-pt\/producto\/elm8000a-fingervein\/","og_locale":"pt_PT","og_type":"article","og_title":"ELM8000A Fingervein - Automated Transactions","og_description":"Alta velocidad de cambio. Equipado aleatoriamente con cuatro cajas de monedas de diferentes monedas.","og_url":"https:\/\/automated-transactions.es\/pt-pt\/producto\/elm8000a-fingervein\/","og_site_name":"Automated Transactions","article_modified_time":"2023-12-22T10:23:45+00:00","og_image":[{"width":1000,"height":1100,"url":"https:\/\/automated-transactions.es\/wp-content\/uploads\/2023\/12\/r-bascular.jpg","type":"image\/jpeg"}],"twitter_card":"summary_large_image","twitter_misc":{"Tempo estimado de leitura":"2 minutos"},"schema":{"@context":"https:\/\/schema.org","@graph":[{"@type":"WebPage","@id":"https:\/\/automated-transactions.es\/pt-pt\/producto\/elm8000a-fingervein\/","url":"https:\/\/automated-transactions.es\/pt-pt\/producto\/elm8000a-fingervein\/","name":"ELM8000A Fingervein - Automated Transactions","isPartOf":{"@id":"https:\/\/automated-transactions.es\/#website"},"primaryImageOfPage":{"@id":"https:\/\/automated-transactions.es\/pt-pt\/producto\/elm8000a-fingervein\/#primaryimage"},"image":{"@id":"https:\/\/automated-transactions.es\/pt-pt\/producto\/elm8000a-fingervein\/#primaryimage"},"thumbnailUrl":"https:\/\/automated-transactions.es\/wp-content\/uploads\/2023\/12\/r-bascular.jpg","datePublished":"2023-12-22T10:00:18+00:00","dateModified":"2023-12-22T10:23:45+00:00","description":"Alta velocidad de cambio. Equipado aleatoriamente con cuatro cajas de monedas de diferentes monedas.","breadcrumb":{"@id":"https:\/\/automated-transactions.es\/pt-pt\/producto\/elm8000a-fingervein\/#breadcrumb"},"inLanguage":"pt-PT","potentialAction":[{"@type":"ReadAction","target":["https:\/\/automated-transactions.es\/pt-pt\/producto\/elm8000a-fingervein\/"]}]},{"@type":"ImageObject","inLanguage":"pt-PT","@id":"https:\/\/automated-transactions.es\/pt-pt\/producto\/elm8000a-fingervein\/#primaryimage","url":"https:\/\/automated-transactions.es\/wp-content\/uploads\/2023\/12\/r-bascular.jpg","contentUrl":"https:\/\/automated-transactions.es\/wp-content\/uploads\/2023\/12\/r-bascular.jpg","width":1000,"height":1100},{"@type":"BreadcrumbList","@id":"https:\/\/automated-transactions.es\/pt-pt\/producto\/elm8000a-fingervein\/#breadcrumb","itemListElement":[{"@type":"ListItem","position":1,"name":"Tienda","item":"https:\/\/automated-transactions.es\/?page_id=7"},{"@type":"ListItem","position":2,"name":"ELM8000A Fingervein"}]},{"@type":"WebSite","@id":"https:\/\/automated-transactions.es\/#website","url":"https:\/\/automated-transactions.es\/","name":"Soluciones tecnol\u00f3gicas innovadoras para desarrolladores, fabricantes y operadores de m\u00e1quinas desatendidas.","description":"Tecnolog\u00eda innovadora para m\u00e1quinas de autoservicio","alternateName":"Automated Transactions","potentialAction":[{"@type":"SearchAction","target":{"@type":"EntryPoint","urlTemplate":"https:\/\/automated-transactions.es\/?s={search_term_string}"},"query-input":"required name=search_term_string"}],"inLanguage":"pt-PT"}]}},"_links":{"self":[{"href":"https:\/\/automated-transactions.es\/pt-pt\/wp-json\/wp\/v2\/product\/3285","targetHints":{"allow":["GET"]}}],"collection":[{"href":"https:\/\/automated-transactions.es\/pt-pt\/wp-json\/wp\/v2\/product"}],"about":[{"href":"https:\/\/automated-transactions.es\/pt-pt\/wp-json\/wp\/v2\/types\/product"}],"replies":[{"embeddable":true,"href":"https:\/\/automated-transactions.es\/pt-pt\/wp-json\/wp\/v2\/comments?post=3285"}],"wp:featuredmedia":[{"embeddable":true,"href":"https:\/\/automated-transactions.es\/pt-pt\/wp-json\/wp\/v2\/media\/3287"}],"wp:attachment":[{"href":"https:\/\/automated-transactions.es\/pt-pt\/wp-json\/wp\/v2\/media?parent=3285"}],"wp:term":[{"taxonomy":"product_cat","embeddable":true,"href":"https:\/\/automated-transactions.es\/pt-pt\/wp-json\/wp\/v2\/product_cat?post=3285"},{"taxonomy":"product_tag","embeddable":true,"href":"https:\/\/automated-transactions.es\/pt-pt\/wp-json\/wp\/v2\/product_tag?post=3285"}],"curies":[{"name":"wp","href":"https:\/\/api.w.org\/{rel}","templated":true}]}}