{"id":2529,"date":"2022-11-18T09:55:16","date_gmt":"2022-11-18T08:55:16","guid":{"rendered":"https:\/\/automated-transactions.es\/producto\/reciclador-de-monedas-rch8\/"},"modified":"2023-11-15T13:50:00","modified_gmt":"2023-11-15T12:50:00","slug":"reciclador-de-monedas-rch8","status":"publish","type":"product","link":"https:\/\/automated-transactions.es\/pt-pt\/producto\/reciclador-de-monedas-rch8\/","title":{"rendered":"Reciclador de Monedas RCH8"},"content":{"rendered":"<div class=\"fusion-fullwidth fullwidth-box fusion-builder-row-1 fusion-flex-container nonhundred-percent-fullwidth non-hundred-percent-height-scrolling\" style=\"background-color: rgba(255,255,255,0);background-position: center center;background-repeat: no-repeat;border-width: 0px 0px 0px 0px;border-color:#e2e2e2;border-style:solid;\" ><div class=\"fusion-builder-row fusion-row fusion-flex-align-items-flex-start\" style=\"max-width:1248px;margin-left: calc(-4% \/ 2 );margin-right: calc(-4% \/ 2 );\"><div class=\"fusion-layout-column fusion_builder_column fusion-builder-column-0 fusion_builder_column_1_1 1_1 fusion-flex-column\"><div class=\"fusion-column-wrapper fusion-flex-justify-content-flex-start fusion-content-layout-column\" style=\"background-position:left top;background-repeat:no-repeat;-webkit-background-size:cover;-moz-background-size:cover;-o-background-size:cover;background-size:cover;padding: 0px 0px 0px 0px;\"><div class=\"fusion-text fusion-text-1 bulletblue\"><ul>\n<li>Inserci\u00f3n de monedas: Bulk (50 x 1\u20ac monedas)<\/li>\n<li>Ratio Aceptaci\u00f3n: 96%<\/li>\n<li>Velocidad Aceptaci\u00f3n: 3,5 monedas\/segundo<\/li>\n<li>Velocidad Devoluci\u00f3n: De 7 a 28 monedas\/segundo<\/li>\n<li>Dimensiones: 355 W x 320 H x 605 D mm.<\/li>\n<li>Volumen: 70 Litros<\/li>\n<li>Peso: 13 Kg<\/li>\n<li>Recicladores de monedas: 8 Hoppers \/ Devolvedores<\/li>\n<li>Capacidad recicladores: 8 x 150 (basado en monedas de 1\u20ac)<\/li>\n<li>Temperatura de trabajo: +5\u00baC \/ +55\u00ba C<\/li>\n<li>Humedad Relativa: 95%<\/li>\n<li>Temperatura de almacenamiento: 25\u00baC \/ +70\u00ba C<\/li>\n<li>Certificaciones: CE, RoHS<\/li>\n<li>Caracter\u00edsticas El\u00e9ctricas:<\/li>\n<li>Voltaje Nominal 24V<\/li>\n<li>Voltaje M\u00ednimo 24-5% Vdc<\/li>\n<li>Voltaje M\u00e1ximo 24+5% Vdc<\/li>\n<li>Corriente max. 4A<\/li>\n<\/ul>\n<\/div><\/div><style type=\"text\/css\">.fusion-body .fusion-builder-column-0{width:100% !important;margin-top : 0px;margin-bottom : 56px;}.fusion-builder-column-0 > .fusion-column-wrapper {padding-top : 0px !important;padding-right : 0px !important;margin-right : 1.92%;padding-bottom : 0px !important;padding-left : 0px !important;margin-left : 1.92%;}@media only screen and (max-width:1024px) {.fusion-body .fusion-builder-column-0{width:100% !important;order : 0;}.fusion-builder-column-0 > .fusion-column-wrapper {margin-right : 1.92%;margin-left : 1.92%;}}@media only screen and (max-width:640px) {.fusion-body .fusion-builder-column-0{width:100% !important;order : 0;}.fusion-builder-column-0 > .fusion-column-wrapper {margin-right : 1.92%;margin-left : 1.92%;}}<\/style><\/div><div class=\"fusion-layout-column fusion_builder_column fusion-builder-column-1 fusion_builder_column_1_1 1_1 fusion-flex-column\"><div class=\"fusion-column-wrapper fusion-flex-justify-content-flex-start fusion-content-layout-column\" style=\"background-position:left top;background-repeat:no-repeat;-webkit-background-size:cover;-moz-background-size:cover;-o-background-size:cover;background-size:cover;padding: 0px 0px 0px 0px;\"><div class=\"fusion-text fusion-text-2 bulletblue\"><h5>Otras Caracter\u00edsticas:<\/h5>\n<ul>\n<li>Certificado del Banco Central Europeo.<\/li>\n<li>Entrada de Bulk con sistema de auto limpiado.<\/li>\n<li>Detecci\u00f3n de entrada de moneda.<\/li>\n<li>Digital (DSP) Technology for coin validation.<\/li>\n<li>Sistema de luces para ayuda y orientaci\u00f3n al usuario.<\/li>\n<li>Detecci\u00f3n de posici\u00f3n correcta de Hopper.<\/li>\n<li>Monedas caen a bandeja en estado reposo o desconectado.<\/li>\n<li>Detecci\u00f3n de llenado de bandeja de recogida de monedas.<\/li>\n<li>Dise\u00f1o modular.<\/li>\n<li>F\u00e1cil acceso para mantenimiento y limpieza.<\/li>\n<li>Display &amp; Teclado opcional.<\/li>\n<li>Integraci\u00f3n sencilla de Azkoyen Driver for Windows\u00ae.<\/li>\n<\/ul>\n<\/div><\/div><style type=\"text\/css\">.fusion-body .fusion-builder-column-1{width:100% !important;margin-top : 0px;margin-bottom : 56px;}.fusion-builder-column-1 > .fusion-column-wrapper {padding-top : 0px !important;padding-right : 0px !important;margin-right : 1.92%;padding-bottom : 0px !important;padding-left : 0px !important;margin-left : 1.92%;}@media only screen and (max-width:1024px) {.fusion-body .fusion-builder-column-1{width:100% !important;order : 0;}.fusion-builder-column-1 > .fusion-column-wrapper {margin-right : 1.92%;margin-left : 1.92%;}}@media only screen and (max-width:640px) {.fusion-body .fusion-builder-column-1{width:100% !important;order : 0;}.fusion-builder-column-1 > .fusion-column-wrapper {margin-right : 1.92%;margin-left : 1.92%;}}<\/style><\/div><\/div><style type=\"text\/css\">.fusion-body .fusion-flex-container.fusion-builder-row-1{ padding-top : 0px;margin-top : 0px;padding-right : 0px;padding-bottom : 0px;margin-bottom : 0px;padding-left : 0px;}<\/style><\/div>\n","protected":false},"excerpt":{"rendered":"<h5>El reciclador de monedas m\u00e1s vers\u00e1til y r\u00e1pido de su categor\u00eda<\/h5>\n<p>El RCH8 es un dispositivo con entrada de monedas a granel con un Bulk, que conduce mediante una cinta las monedas hacia 8 tolvas para 8 denominaciones. La devoluci\u00f3n con el cambio correcto se efect\u00faa al final de la transacci\u00f3n.<\/p>\n<ul>\n<li>Acepta y clasifica todas las monedas, desde 0,1 \u20ac hasta 2\u20ac<\/li>\n<li>Paga 30 monedas por segundo.<\/li>\n<li>M\u00ednima altura entre la entrada y salida de monedas.<\/li>\n<li>Dispone de sistema de autolimpieza.<\/li>\n<li>Cumple normas ADA.<\/li>\n<li>Protocolo: Windows API<\/li>\n<\/ul>\n<p>Haz click <span style=\"color: #0000ff;\"><a style=\"color: #0000ff;\" href=\"https:\/\/store.automated-transactions.es\/producto\/reciclador-de-monedas-rch8\/\" target=\"_blank\" rel=\"noopener\"><strong>AQU\u00cd<\/strong><\/a><\/span> para informaci\u00f3n de precios y disponibilidad<\/p>\n","protected":false},"featured_media":2527,"comment_status":"open","ping_status":"closed","template":"","meta":{"content-type":""},"product_cat":[703],"product_tag":[407,407,431,431,408,408,432,432,433,433,434,434,435,435,106,106,436,436,437,437,438,438,439,439,440,440,441,441,442,442,443,443,444,444],"class_list":{"0":"post-2529","1":"product","2":"type-product","3":"status-publish","4":"has-post-thumbnail","5":"hentry","6":"product_cat-recicladores-de-monedas-pt-pt","7":"product_tag-altura-pt-pt","9":"product_tag-autolimpieza-pt-pt","11":"product_tag-bulk-pt-pt","13":"product_tag-cambio-correcto-pt-pt","15":"product_tag-clasificacion-de-monedas-pt-pt","17":"product_tag-denominaciones-pt-pt","19":"product_tag-devolucion-pt-pt","21":"product_tag-efectivo-pt-pt","23":"product_tag-entrada-de-monedas-a-granel-pt-pt","25":"product_tag-normas-ada-pt-pt","27":"product_tag-protocolo-windows-api-pt-pt","29":"product_tag-rapido-pt-pt","31":"product_tag-reciclador-de-monedas-pt-pt","33":"product_tag-tolvas-pt-pt","35":"product_tag-transaccion-pt-pt","37":"product_tag-velocidad-pt-pt","39":"product_tag-versatil-pt-pt"},"yoast_head":"<!-- This site is optimized with the Yoast SEO plugin v23.0 - https:\/\/yoast.com\/wordpress\/plugins\/seo\/ -->\n<title>Reciclador de Monedas RCH8 - Automated Transactions<\/title>\n<meta name=\"description\" content=\"El RCH8 es un dispositivo con entrada de monedas a granel con un Bulk, que conduce mediante una cinta las monedas hacia 8 tolvas para 8 denominaciones. La devoluci\u00f3n con el cambio correcto se efect\u00faa al final de la transacci\u00f3n. Acepta y clasifica todas las monedas, desde 0,1 \u20ac hasta 2\u20ac. Paga 30 monedas por segundo. M\u00ednima altura entre la entrada y salida de monedas. Dispone de sistema de autolimpieza. Cumple normas ADA. Protocolo: Windows API.\" \/>\n<meta name=\"robots\" content=\"index, follow, max-snippet:-1, max-image-preview:large, max-video-preview:-1\" \/>\n<link rel=\"canonical\" href=\"https:\/\/automated-transactions.es\/pt-pt\/producto\/reciclador-de-monedas-rch8\/\" \/>\n<meta property=\"og:locale\" content=\"pt_PT\" \/>\n<meta property=\"og:type\" content=\"article\" \/>\n<meta property=\"og:title\" content=\"Reciclador de Monedas RCH8 - Automated Transactions\" \/>\n<meta property=\"og:description\" content=\"El RCH8 es un dispositivo con entrada de monedas a granel con un Bulk, que conduce mediante una cinta las monedas hacia 8 tolvas para 8 denominaciones. La devoluci\u00f3n con el cambio correcto se efect\u00faa al final de la transacci\u00f3n. Acepta y clasifica todas las monedas, desde 0,1 \u20ac hasta 2\u20ac. Paga 30 monedas por segundo. M\u00ednima altura entre la entrada y salida de monedas. Dispone de sistema de autolimpieza. Cumple normas ADA. Protocolo: Windows API.\" \/>\n<meta property=\"og:url\" content=\"https:\/\/automated-transactions.es\/pt-pt\/producto\/reciclador-de-monedas-rch8\/\" \/>\n<meta property=\"og:site_name\" content=\"Automated Transactions\" \/>\n<meta property=\"article:modified_time\" content=\"2023-11-15T12:50:00+00:00\" \/>\n<meta property=\"og:image\" content=\"https:\/\/automated-transactions.es\/wp-content\/uploads\/2022\/11\/RCH8.jpg\" \/>\n\t<meta property=\"og:image:width\" content=\"931\" \/>\n\t<meta property=\"og:image:height\" content=\"1024\" \/>\n\t<meta property=\"og:image:type\" content=\"image\/jpeg\" \/>\n<meta name=\"twitter:card\" content=\"summary_large_image\" \/>\n<meta name=\"twitter:label1\" content=\"Tempo estimado de leitura\" \/>\n\t<meta name=\"twitter:data1\" content=\"2 minutos\" \/>\n<script type=\"application\/ld+json\" class=\"yoast-schema-graph\">{\"@context\":\"https:\/\/schema.org\",\"@graph\":[{\"@type\":\"WebPage\",\"@id\":\"https:\/\/automated-transactions.es\/pt-pt\/producto\/reciclador-de-monedas-rch8\/\",\"url\":\"https:\/\/automated-transactions.es\/pt-pt\/producto\/reciclador-de-monedas-rch8\/\",\"name\":\"Reciclador de Monedas RCH8 - Automated Transactions\",\"isPartOf\":{\"@id\":\"https:\/\/automated-transactions.es\/#website\"},\"primaryImageOfPage\":{\"@id\":\"https:\/\/automated-transactions.es\/pt-pt\/producto\/reciclador-de-monedas-rch8\/#primaryimage\"},\"image\":{\"@id\":\"https:\/\/automated-transactions.es\/pt-pt\/producto\/reciclador-de-monedas-rch8\/#primaryimage\"},\"thumbnailUrl\":\"https:\/\/automated-transactions.es\/wp-content\/uploads\/2022\/11\/RCH8.jpg\",\"datePublished\":\"2022-11-18T08:55:16+00:00\",\"dateModified\":\"2023-11-15T12:50:00+00:00\",\"description\":\"El RCH8 es un dispositivo con entrada de monedas a granel con un Bulk, que conduce mediante una cinta las monedas hacia 8 tolvas para 8 denominaciones. La devoluci\u00f3n con el cambio correcto se efect\u00faa al final de la transacci\u00f3n. Acepta y clasifica todas las monedas, desde 0,1 \u20ac hasta 2\u20ac. Paga 30 monedas por segundo. M\u00ednima altura entre la entrada y salida de monedas. Dispone de sistema de autolimpieza. Cumple normas ADA. Protocolo: Windows API.\",\"breadcrumb\":{\"@id\":\"https:\/\/automated-transactions.es\/pt-pt\/producto\/reciclador-de-monedas-rch8\/#breadcrumb\"},\"inLanguage\":\"pt-PT\",\"potentialAction\":[{\"@type\":\"ReadAction\",\"target\":[\"https:\/\/automated-transactions.es\/pt-pt\/producto\/reciclador-de-monedas-rch8\/\"]}]},{\"@type\":\"ImageObject\",\"inLanguage\":\"pt-PT\",\"@id\":\"https:\/\/automated-transactions.es\/pt-pt\/producto\/reciclador-de-monedas-rch8\/#primaryimage\",\"url\":\"https:\/\/automated-transactions.es\/wp-content\/uploads\/2022\/11\/RCH8.jpg\",\"contentUrl\":\"https:\/\/automated-transactions.es\/wp-content\/uploads\/2022\/11\/RCH8.jpg\",\"width\":931,\"height\":1024},{\"@type\":\"BreadcrumbList\",\"@id\":\"https:\/\/automated-transactions.es\/pt-pt\/producto\/reciclador-de-monedas-rch8\/#breadcrumb\",\"itemListElement\":[{\"@type\":\"ListItem\",\"position\":1,\"name\":\"Tienda\",\"item\":\"https:\/\/automated-transactions.es\/?page_id=7\"},{\"@type\":\"ListItem\",\"position\":2,\"name\":\"Reciclador de Monedas RCH8\"}]},{\"@type\":\"WebSite\",\"@id\":\"https:\/\/automated-transactions.es\/#website\",\"url\":\"https:\/\/automated-transactions.es\/\",\"name\":\"Soluciones tecnol\u00f3gicas innovadoras para desarrolladores, fabricantes y operadores de m\u00e1quinas desatendidas.\",\"description\":\"Tecnolog\u00eda innovadora para m\u00e1quinas de autoservicio\",\"alternateName\":\"Automated Transactions\",\"potentialAction\":[{\"@type\":\"SearchAction\",\"target\":{\"@type\":\"EntryPoint\",\"urlTemplate\":\"https:\/\/automated-transactions.es\/?s={search_term_string}\"},\"query-input\":\"required name=search_term_string\"}],\"inLanguage\":\"pt-PT\"}]}<\/script>\n<!-- \/ Yoast SEO plugin. -->","yoast_head_json":{"title":"Reciclador de Monedas RCH8 - Automated Transactions","description":"El RCH8 es un dispositivo con entrada de monedas a granel con un Bulk, que conduce mediante una cinta las monedas hacia 8 tolvas para 8 denominaciones. La devoluci\u00f3n con el cambio correcto se efect\u00faa al final de la transacci\u00f3n. Acepta y clasifica todas las monedas, desde 0,1 \u20ac hasta 2\u20ac. Paga 30 monedas por segundo. M\u00ednima altura entre la entrada y salida de monedas. Dispone de sistema de autolimpieza. Cumple normas ADA. Protocolo: Windows API.","robots":{"index":"index","follow":"follow","max-snippet":"max-snippet:-1","max-image-preview":"max-image-preview:large","max-video-preview":"max-video-preview:-1"},"canonical":"https:\/\/automated-transactions.es\/pt-pt\/producto\/reciclador-de-monedas-rch8\/","og_locale":"pt_PT","og_type":"article","og_title":"Reciclador de Monedas RCH8 - Automated Transactions","og_description":"El RCH8 es un dispositivo con entrada de monedas a granel con un Bulk, que conduce mediante una cinta las monedas hacia 8 tolvas para 8 denominaciones. La devoluci\u00f3n con el cambio correcto se efect\u00faa al final de la transacci\u00f3n. Acepta y clasifica todas las monedas, desde 0,1 \u20ac hasta 2\u20ac. Paga 30 monedas por segundo. M\u00ednima altura entre la entrada y salida de monedas. Dispone de sistema de autolimpieza. Cumple normas ADA. Protocolo: Windows API.","og_url":"https:\/\/automated-transactions.es\/pt-pt\/producto\/reciclador-de-monedas-rch8\/","og_site_name":"Automated Transactions","article_modified_time":"2023-11-15T12:50:00+00:00","og_image":[{"width":931,"height":1024,"url":"https:\/\/automated-transactions.es\/wp-content\/uploads\/2022\/11\/RCH8.jpg","type":"image\/jpeg"}],"twitter_card":"summary_large_image","twitter_misc":{"Tempo estimado de leitura":"2 minutos"},"schema":{"@context":"https:\/\/schema.org","@graph":[{"@type":"WebPage","@id":"https:\/\/automated-transactions.es\/pt-pt\/producto\/reciclador-de-monedas-rch8\/","url":"https:\/\/automated-transactions.es\/pt-pt\/producto\/reciclador-de-monedas-rch8\/","name":"Reciclador de Monedas RCH8 - Automated Transactions","isPartOf":{"@id":"https:\/\/automated-transactions.es\/#website"},"primaryImageOfPage":{"@id":"https:\/\/automated-transactions.es\/pt-pt\/producto\/reciclador-de-monedas-rch8\/#primaryimage"},"image":{"@id":"https:\/\/automated-transactions.es\/pt-pt\/producto\/reciclador-de-monedas-rch8\/#primaryimage"},"thumbnailUrl":"https:\/\/automated-transactions.es\/wp-content\/uploads\/2022\/11\/RCH8.jpg","datePublished":"2022-11-18T08:55:16+00:00","dateModified":"2023-11-15T12:50:00+00:00","description":"El RCH8 es un dispositivo con entrada de monedas a granel con un Bulk, que conduce mediante una cinta las monedas hacia 8 tolvas para 8 denominaciones. La devoluci\u00f3n con el cambio correcto se efect\u00faa al final de la transacci\u00f3n. Acepta y clasifica todas las monedas, desde 0,1 \u20ac hasta 2\u20ac. Paga 30 monedas por segundo. M\u00ednima altura entre la entrada y salida de monedas. Dispone de sistema de autolimpieza. Cumple normas ADA. Protocolo: Windows API.","breadcrumb":{"@id":"https:\/\/automated-transactions.es\/pt-pt\/producto\/reciclador-de-monedas-rch8\/#breadcrumb"},"inLanguage":"pt-PT","potentialAction":[{"@type":"ReadAction","target":["https:\/\/automated-transactions.es\/pt-pt\/producto\/reciclador-de-monedas-rch8\/"]}]},{"@type":"ImageObject","inLanguage":"pt-PT","@id":"https:\/\/automated-transactions.es\/pt-pt\/producto\/reciclador-de-monedas-rch8\/#primaryimage","url":"https:\/\/automated-transactions.es\/wp-content\/uploads\/2022\/11\/RCH8.jpg","contentUrl":"https:\/\/automated-transactions.es\/wp-content\/uploads\/2022\/11\/RCH8.jpg","width":931,"height":1024},{"@type":"BreadcrumbList","@id":"https:\/\/automated-transactions.es\/pt-pt\/producto\/reciclador-de-monedas-rch8\/#breadcrumb","itemListElement":[{"@type":"ListItem","position":1,"name":"Tienda","item":"https:\/\/automated-transactions.es\/?page_id=7"},{"@type":"ListItem","position":2,"name":"Reciclador de Monedas RCH8"}]},{"@type":"WebSite","@id":"https:\/\/automated-transactions.es\/#website","url":"https:\/\/automated-transactions.es\/","name":"Soluciones tecnol\u00f3gicas innovadoras para desarrolladores, fabricantes y operadores de m\u00e1quinas desatendidas.","description":"Tecnolog\u00eda innovadora para m\u00e1quinas de autoservicio","alternateName":"Automated Transactions","potentialAction":[{"@type":"SearchAction","target":{"@type":"EntryPoint","urlTemplate":"https:\/\/automated-transactions.es\/?s={search_term_string}"},"query-input":"required name=search_term_string"}],"inLanguage":"pt-PT"}]}},"_links":{"self":[{"href":"https:\/\/automated-transactions.es\/pt-pt\/wp-json\/wp\/v2\/product\/2529","targetHints":{"allow":["GET"]}}],"collection":[{"href":"https:\/\/automated-transactions.es\/pt-pt\/wp-json\/wp\/v2\/product"}],"about":[{"href":"https:\/\/automated-transactions.es\/pt-pt\/wp-json\/wp\/v2\/types\/product"}],"replies":[{"embeddable":true,"href":"https:\/\/automated-transactions.es\/pt-pt\/wp-json\/wp\/v2\/comments?post=2529"}],"wp:featuredmedia":[{"embeddable":true,"href":"https:\/\/automated-transactions.es\/pt-pt\/wp-json\/wp\/v2\/media\/2527"}],"wp:attachment":[{"href":"https:\/\/automated-transactions.es\/pt-pt\/wp-json\/wp\/v2\/media?parent=2529"}],"wp:term":[{"taxonomy":"product_cat","embeddable":true,"href":"https:\/\/automated-transactions.es\/pt-pt\/wp-json\/wp\/v2\/product_cat?post=2529"},{"taxonomy":"product_tag","embeddable":true,"href":"https:\/\/automated-transactions.es\/pt-pt\/wp-json\/wp\/v2\/product_tag?post=2529"}],"curies":[{"name":"wp","href":"https:\/\/api.w.org\/{rel}","templated":true}]}}