{"id":2500,"date":"2022-11-11T12:17:20","date_gmt":"2022-11-11T11:17:20","guid":{"rendered":"https:\/\/automated-transactions.es\/?post_type=product&#038;p=2500"},"modified":"2023-06-14T07:49:53","modified_gmt":"2023-06-14T06:49:53","slug":"mj-2090-lector-codigos-fijo","status":"publish","type":"product","link":"https:\/\/automated-transactions.es\/pt-pt\/producto\/mj-2090-lector-codigos-fijo\/","title":{"rendered":"MJ-2090 Lector C\u00f3digos fijo"},"content":{"rendered":"<div class=\"fusion-fullwidth fullwidth-box fusion-builder-row-1 fusion-flex-container nonhundred-percent-fullwidth non-hundred-percent-height-scrolling\" style=\"background-color: rgba(255,255,255,0);background-position: center center;background-repeat: no-repeat;border-width: 0px 0px 0px 0px;border-color:#e2e2e2;border-style:solid;\" ><div class=\"fusion-builder-row fusion-row fusion-flex-align-items-flex-start\" style=\"max-width:1248px;margin-left: calc(-4% \/ 2 );margin-right: calc(-4% \/ 2 );\"><div class=\"fusion-layout-column fusion_builder_column fusion-builder-column-0 fusion_builder_column_1_1 1_1 fusion-flex-column\"><div class=\"fusion-column-wrapper fusion-flex-justify-content-flex-start fusion-content-layout-column\" style=\"background-position:left top;background-repeat:no-repeat;-webkit-background-size:cover;-moz-background-size:cover;-o-background-size:cover;background-size:cover;padding: 0px 0px 0px 0px;\">\n<div class=\"table-1\">\n<p style=\"text-align: center; background-color: #043f7a; color: white; padding: 10px; margin-bottom: 0px;\"><strong>PAR\u00c1METROS<\/strong><\/p>\n<table width=\"100%\">\n<tbody>\n<tr>\n<td style=\"text-align: center;\" align=\"left\">Resoluci\u00f3n<\/td>\n<td style=\"text-align: center;\" align=\"left\">640 x 480 pixel<\/td>\n<\/tr>\n<tr>\n<td style=\"text-align: center;\" align=\"left\">Precisi\u00f3n<\/td>\n<td style=\"text-align: center;\" align=\"left\">? 4 mil<\/td>\n<\/tr>\n<tr>\n<td style=\"text-align: center;\" align=\"left\">Contraste impresi\u00f3n<\/td>\n<td style=\"text-align: center;\" align=\"left\">? 30 %<\/td>\n<\/tr>\n<tr>\n<td style=\"text-align: center;\" align=\"left\">Luz ambiental<\/td>\n<td style=\"text-align: center;\" align=\"left\">0~100,000 LUX<\/td>\n<\/tr>\n<tr>\n<td style=\"text-align: center;\" align=\"left\">Interface<\/td>\n<td style=\"text-align: center;\" align=\"left\">USB VCOM \/ USB HID \/ RS232<\/td>\n<\/tr>\n<tr>\n<td style=\"text-align: center;\" align=\"left\">C\u00f3digos<\/td>\n<td style=\"text-align: center;\" align=\"left\">1D:Code128, EAN-13,Code39, UPC-A, Code 93, etc.<br \/>\n2D:PDF417 \/ QR code \/ Data Matrix \/ Aztec \/ Maxicode.<\/td>\n<\/tr>\n<tr>\n<td style=\"text-align: center;\" align=\"left\">Profundidad de Campo<\/td>\n<td style=\"text-align: center;\" align=\"left\">40mm~300mm<\/td>\n<\/tr>\n<tr>\n<td style=\"text-align: center;\" align=\"left\">Certificaci\u00f3n<\/td>\n<td style=\"text-align: center;\" align=\"left\">CE, RoHS<\/td>\n<\/tr>\n<tr>\n<td style=\"text-align: center;\" align=\"left\">Sistema Operativo<\/td>\n<td style=\"text-align: center;\" align=\"left\">Win XP \/ Win 7 \/ Win 8 \/ Win10<\/td>\n<\/tr>\n<tr>\n<td style=\"text-align: center;\" align=\"left\">Interface<\/td>\n<td style=\"text-align: center;\" align=\"left\">USB<\/td>\n<\/tr>\n<tr>\n<td style=\"text-align: center;\" align=\"left\">\u00c1ngulo escaneo<\/td>\n<td style=\"text-align: center;\" align=\"left\">Corner 360\u00b0<br \/>\nPitch angle \u00b1 60\u00b0<br \/>\nSkew toleranc \u00b1 60\u00b0<\/td>\n<\/tr>\n<tr>\n<td style=\"text-align: center;\" align=\"left\">Temperatura de trabajo<\/td>\n<td style=\"text-align: center;\" align=\"left\">0 to 50\u00b0C<\/td>\n<\/tr>\n<tr>\n<td style=\"text-align: center;\" align=\"left\">Medidas<\/td>\n<td style=\"text-align: center;\" align=\"left\">67 x 48 x 25 mm<\/td>\n<\/tr>\n<tr>\n<td style=\"text-align: center;\" align=\"left\">Peso<\/td>\n<td style=\"text-align: center;\" align=\"left\">50g<\/td>\n<\/tr>\n<\/tbody>\n<\/table>\n<\/div>\n<\/div><style type=\"text\/css\">.fusion-body .fusion-builder-column-0{width:100% !important;margin-top : 0px;margin-bottom : 56px;}.fusion-builder-column-0 > .fusion-column-wrapper {padding-top : 0px !important;padding-right : 0px !important;margin-right : 1.92%;padding-bottom : 0px !important;padding-left : 0px !important;margin-left : 1.92%;}@media only screen and (max-width:1024px) {.fusion-body .fusion-builder-column-0{width:100% !important;order : 0;}.fusion-builder-column-0 > .fusion-column-wrapper {margin-right : 1.92%;margin-left : 1.92%;}}@media only screen and (max-width:640px) {.fusion-body .fusion-builder-column-0{width:100% !important;order : 0;}.fusion-builder-column-0 > .fusion-column-wrapper {margin-right : 1.92%;margin-left : 1.92%;}}<\/style><\/div><\/div><style type=\"text\/css\">.fusion-body .fusion-flex-container.fusion-builder-row-1{ padding-top : 0px;margin-top : 0px;padding-right : 0px;padding-bottom : 0px;margin-bottom : 0px;padding-left : 0px;}<\/style><\/div>\n","protected":false},"excerpt":{"rendered":"<h5>Caracter\u00edsticas principales:<\/h5>\n<ul>\n<li>Tipo: CMOS \/ Laser\/ CDD<\/li>\n<li>Modo auto escaneo y normal<\/li>\n<li>Interface USB<\/li>\n<li>No Wireless<\/li>\n<\/ul>\n<p>Haz click <span style=\"color: #0000ff;\"><a style=\"color: #0000ff;\" href=\"https:\/\/store.automated-transactions.es\/producto\/mj-2090-lector-codigos-fijo\/\" target=\"_blank\" rel=\"noopener\"><strong>AQU\u00cd<\/strong><\/a><\/span> para informaci\u00f3n de precios y disponibilidad<\/p>\n","protected":false},"featured_media":2502,"comment_status":"open","ping_status":"closed","template":"","meta":{"content-type":""},"product_cat":[114],"product_tag":[],"class_list":["post-2500","product","type-product","status-publish","has-post-thumbnail","hentry","product_cat-leitores-de-codigo-de-barras"],"yoast_head":"<!-- This site is optimized with the Yoast SEO plugin v23.0 - https:\/\/yoast.com\/wordpress\/plugins\/seo\/ -->\n<title>MJ-2090 Lector C\u00f3digos fijo - Automated Transactions<\/title>\n<meta name=\"robots\" content=\"index, follow, max-snippet:-1, max-image-preview:large, max-video-preview:-1\" \/>\n<link rel=\"canonical\" href=\"https:\/\/automated-transactions.es\/pt-pt\/producto\/mj-2090-lector-codigos-fijo\/\" \/>\n<meta property=\"og:locale\" content=\"pt_PT\" \/>\n<meta property=\"og:type\" content=\"article\" \/>\n<meta property=\"og:title\" content=\"MJ-2090 Lector C\u00f3digos fijo - Automated Transactions\" \/>\n<meta property=\"og:description\" content=\"Caracter\u00edsticas principales:   Tipo: CMOS \/ Laser\/ CDD  Modo auto escaneo y normal  Interface USB  No Wireless  Haz click AQU\u00cd para informaci\u00f3n de precios y disponibilidad\" \/>\n<meta property=\"og:url\" content=\"https:\/\/automated-transactions.es\/pt-pt\/producto\/mj-2090-lector-codigos-fijo\/\" \/>\n<meta property=\"og:site_name\" content=\"Automated Transactions\" \/>\n<meta property=\"article:modified_time\" content=\"2023-06-14T06:49:53+00:00\" \/>\n<meta property=\"og:image\" content=\"https:\/\/automated-transactions.es\/wp-content\/uploads\/2022\/11\/MJ-2090.jpg\" \/>\n\t<meta property=\"og:image:width\" content=\"931\" \/>\n\t<meta property=\"og:image:height\" content=\"1024\" \/>\n\t<meta property=\"og:image:type\" content=\"image\/jpeg\" \/>\n<meta name=\"twitter:card\" content=\"summary_large_image\" \/>\n<meta name=\"twitter:label1\" content=\"Tempo estimado de leitura\" \/>\n\t<meta name=\"twitter:data1\" content=\"2 minutos\" \/>\n<script type=\"application\/ld+json\" class=\"yoast-schema-graph\">{\"@context\":\"https:\/\/schema.org\",\"@graph\":[{\"@type\":\"WebPage\",\"@id\":\"https:\/\/automated-transactions.es\/pt-pt\/producto\/mj-2090-lector-codigos-fijo\/\",\"url\":\"https:\/\/automated-transactions.es\/pt-pt\/producto\/mj-2090-lector-codigos-fijo\/\",\"name\":\"MJ-2090 Lector C\u00f3digos fijo - Automated Transactions\",\"isPartOf\":{\"@id\":\"https:\/\/automated-transactions.es\/#website\"},\"primaryImageOfPage\":{\"@id\":\"https:\/\/automated-transactions.es\/pt-pt\/producto\/mj-2090-lector-codigos-fijo\/#primaryimage\"},\"image\":{\"@id\":\"https:\/\/automated-transactions.es\/pt-pt\/producto\/mj-2090-lector-codigos-fijo\/#primaryimage\"},\"thumbnailUrl\":\"https:\/\/automated-transactions.es\/wp-content\/uploads\/2022\/11\/MJ-2090.jpg\",\"datePublished\":\"2022-11-11T11:17:20+00:00\",\"dateModified\":\"2023-06-14T06:49:53+00:00\",\"breadcrumb\":{\"@id\":\"https:\/\/automated-transactions.es\/pt-pt\/producto\/mj-2090-lector-codigos-fijo\/#breadcrumb\"},\"inLanguage\":\"pt-PT\",\"potentialAction\":[{\"@type\":\"ReadAction\",\"target\":[\"https:\/\/automated-transactions.es\/pt-pt\/producto\/mj-2090-lector-codigos-fijo\/\"]}]},{\"@type\":\"ImageObject\",\"inLanguage\":\"pt-PT\",\"@id\":\"https:\/\/automated-transactions.es\/pt-pt\/producto\/mj-2090-lector-codigos-fijo\/#primaryimage\",\"url\":\"https:\/\/automated-transactions.es\/wp-content\/uploads\/2022\/11\/MJ-2090.jpg\",\"contentUrl\":\"https:\/\/automated-transactions.es\/wp-content\/uploads\/2022\/11\/MJ-2090.jpg\",\"width\":931,\"height\":1024},{\"@type\":\"BreadcrumbList\",\"@id\":\"https:\/\/automated-transactions.es\/pt-pt\/producto\/mj-2090-lector-codigos-fijo\/#breadcrumb\",\"itemListElement\":[{\"@type\":\"ListItem\",\"position\":1,\"name\":\"Tienda\",\"item\":\"https:\/\/automated-transactions.es\/?page_id=7\"},{\"@type\":\"ListItem\",\"position\":2,\"name\":\"MJ-2090 Lector C\u00f3digos fijo\"}]},{\"@type\":\"WebSite\",\"@id\":\"https:\/\/automated-transactions.es\/#website\",\"url\":\"https:\/\/automated-transactions.es\/\",\"name\":\"Soluciones tecnol\u00f3gicas innovadoras para desarrolladores, fabricantes y operadores de m\u00e1quinas desatendidas.\",\"description\":\"Tecnolog\u00eda innovadora para m\u00e1quinas de autoservicio\",\"alternateName\":\"Automated Transactions\",\"potentialAction\":[{\"@type\":\"SearchAction\",\"target\":{\"@type\":\"EntryPoint\",\"urlTemplate\":\"https:\/\/automated-transactions.es\/?s={search_term_string}\"},\"query-input\":\"required name=search_term_string\"}],\"inLanguage\":\"pt-PT\"}]}<\/script>\n<!-- \/ Yoast SEO plugin. -->","yoast_head_json":{"title":"MJ-2090 Lector C\u00f3digos fijo - Automated Transactions","robots":{"index":"index","follow":"follow","max-snippet":"max-snippet:-1","max-image-preview":"max-image-preview:large","max-video-preview":"max-video-preview:-1"},"canonical":"https:\/\/automated-transactions.es\/pt-pt\/producto\/mj-2090-lector-codigos-fijo\/","og_locale":"pt_PT","og_type":"article","og_title":"MJ-2090 Lector C\u00f3digos fijo - Automated Transactions","og_description":"Caracter\u00edsticas principales:   Tipo: CMOS \/ Laser\/ CDD  Modo auto escaneo y normal  Interface USB  No Wireless  Haz click AQU\u00cd para informaci\u00f3n de precios y disponibilidad","og_url":"https:\/\/automated-transactions.es\/pt-pt\/producto\/mj-2090-lector-codigos-fijo\/","og_site_name":"Automated Transactions","article_modified_time":"2023-06-14T06:49:53+00:00","og_image":[{"width":931,"height":1024,"url":"https:\/\/automated-transactions.es\/wp-content\/uploads\/2022\/11\/MJ-2090.jpg","type":"image\/jpeg"}],"twitter_card":"summary_large_image","twitter_misc":{"Tempo estimado de leitura":"2 minutos"},"schema":{"@context":"https:\/\/schema.org","@graph":[{"@type":"WebPage","@id":"https:\/\/automated-transactions.es\/pt-pt\/producto\/mj-2090-lector-codigos-fijo\/","url":"https:\/\/automated-transactions.es\/pt-pt\/producto\/mj-2090-lector-codigos-fijo\/","name":"MJ-2090 Lector C\u00f3digos fijo - Automated Transactions","isPartOf":{"@id":"https:\/\/automated-transactions.es\/#website"},"primaryImageOfPage":{"@id":"https:\/\/automated-transactions.es\/pt-pt\/producto\/mj-2090-lector-codigos-fijo\/#primaryimage"},"image":{"@id":"https:\/\/automated-transactions.es\/pt-pt\/producto\/mj-2090-lector-codigos-fijo\/#primaryimage"},"thumbnailUrl":"https:\/\/automated-transactions.es\/wp-content\/uploads\/2022\/11\/MJ-2090.jpg","datePublished":"2022-11-11T11:17:20+00:00","dateModified":"2023-06-14T06:49:53+00:00","breadcrumb":{"@id":"https:\/\/automated-transactions.es\/pt-pt\/producto\/mj-2090-lector-codigos-fijo\/#breadcrumb"},"inLanguage":"pt-PT","potentialAction":[{"@type":"ReadAction","target":["https:\/\/automated-transactions.es\/pt-pt\/producto\/mj-2090-lector-codigos-fijo\/"]}]},{"@type":"ImageObject","inLanguage":"pt-PT","@id":"https:\/\/automated-transactions.es\/pt-pt\/producto\/mj-2090-lector-codigos-fijo\/#primaryimage","url":"https:\/\/automated-transactions.es\/wp-content\/uploads\/2022\/11\/MJ-2090.jpg","contentUrl":"https:\/\/automated-transactions.es\/wp-content\/uploads\/2022\/11\/MJ-2090.jpg","width":931,"height":1024},{"@type":"BreadcrumbList","@id":"https:\/\/automated-transactions.es\/pt-pt\/producto\/mj-2090-lector-codigos-fijo\/#breadcrumb","itemListElement":[{"@type":"ListItem","position":1,"name":"Tienda","item":"https:\/\/automated-transactions.es\/?page_id=7"},{"@type":"ListItem","position":2,"name":"MJ-2090 Lector C\u00f3digos fijo"}]},{"@type":"WebSite","@id":"https:\/\/automated-transactions.es\/#website","url":"https:\/\/automated-transactions.es\/","name":"Soluciones tecnol\u00f3gicas innovadoras para desarrolladores, fabricantes y operadores de m\u00e1quinas desatendidas.","description":"Tecnolog\u00eda innovadora para m\u00e1quinas de autoservicio","alternateName":"Automated Transactions","potentialAction":[{"@type":"SearchAction","target":{"@type":"EntryPoint","urlTemplate":"https:\/\/automated-transactions.es\/?s={search_term_string}"},"query-input":"required name=search_term_string"}],"inLanguage":"pt-PT"}]}},"_links":{"self":[{"href":"https:\/\/automated-transactions.es\/pt-pt\/wp-json\/wp\/v2\/product\/2500","targetHints":{"allow":["GET"]}}],"collection":[{"href":"https:\/\/automated-transactions.es\/pt-pt\/wp-json\/wp\/v2\/product"}],"about":[{"href":"https:\/\/automated-transactions.es\/pt-pt\/wp-json\/wp\/v2\/types\/product"}],"replies":[{"embeddable":true,"href":"https:\/\/automated-transactions.es\/pt-pt\/wp-json\/wp\/v2\/comments?post=2500"}],"wp:featuredmedia":[{"embeddable":true,"href":"https:\/\/automated-transactions.es\/pt-pt\/wp-json\/wp\/v2\/media\/2502"}],"wp:attachment":[{"href":"https:\/\/automated-transactions.es\/pt-pt\/wp-json\/wp\/v2\/media?parent=2500"}],"wp:term":[{"taxonomy":"product_cat","embeddable":true,"href":"https:\/\/automated-transactions.es\/pt-pt\/wp-json\/wp\/v2\/product_cat?post=2500"},{"taxonomy":"product_tag","embeddable":true,"href":"https:\/\/automated-transactions.es\/pt-pt\/wp-json\/wp\/v2\/product_tag?post=2500"}],"curies":[{"name":"wp","href":"https:\/\/api.w.org\/{rel}","templated":true}]}}