{"id":2463,"date":"2022-11-11T11:21:27","date_gmt":"2022-11-11T10:21:27","guid":{"rendered":"https:\/\/automated-transactions.es\/?post_type=product&#038;p=2463"},"modified":"2023-06-14T07:55:25","modified_gmt":"2023-06-14T06:55:25","slug":"hwasung-hmv-054","status":"publish","type":"product","link":"https:\/\/automated-transactions.es\/pt-pt\/producto\/hwasung-hmv-054\/","title":{"rendered":"HWASUNG HMV-054"},"content":{"rendered":"<div class=\"fusion-fullwidth fullwidth-box fusion-builder-row-1 fusion-flex-container nonhundred-percent-fullwidth non-hundred-percent-height-scrolling\" style=\"background-color: rgba(255,255,255,0);background-position: center center;background-repeat: no-repeat;border-width: 0px 0px 0px 0px;border-color:#e2e2e2;border-style:solid;\" ><div class=\"fusion-builder-row fusion-row fusion-flex-align-items-flex-start\" style=\"max-width:1248px;margin-left: calc(-4% \/ 2 );margin-right: calc(-4% \/ 2 );\"><div class=\"fusion-layout-column fusion_builder_column fusion-builder-column-0 fusion_builder_column_1_1 1_1 fusion-flex-column\"><div class=\"fusion-column-wrapper fusion-flex-justify-content-flex-start fusion-content-layout-column\" style=\"background-position:left top;background-repeat:no-repeat;-webkit-background-size:cover;-moz-background-size:cover;-o-background-size:cover;background-size:cover;padding: 0px 0px 0px 0px;\"><div class=\"fusion-text fusion-text-1 bulletblue\"><p><strong>Especificaciones Impresi\u00f3n:<\/strong><\/p>\n<ul>\n<li>Impresi\u00f3n: T\u00e9rmica directa<\/li>\n<li>Corte: Guillotina total o parcial<\/li>\n<li>Resoluci\u00f3n: 203DPI<\/li>\n<li>Velocidad de impresi\u00f3n: 150mm\/s. m\u00e1ximo<\/li>\n<\/ul>\n<p><strong>Papel:<\/strong><\/p>\n<ul>\n<li>Puntos por l\u00ednea: 432 puntos<\/li>\n<li>Grueso papel: 50? &#8211; 100?<\/li>\n<li>Ancho papel: 5mm\u00b10.5mm<\/li>\n<li>Di\u00e1metro rollo papel: ?100mm \/ ?150mm (opcional)<\/li>\n<\/ul>\n<p><strong>Rendimiento:<\/strong><\/p>\n<ul>\n<li>Interface: RS-232C y USB 2.0 Full Speed<\/li>\n<li>Buffer recepci\u00f3n: 4Kb<\/li>\n<li>RAM: 256Kb (64MB opcional ampliable)<\/li>\n<li>Flash: 2Mb (128Mb ampliable)<\/li>\n<\/ul>\n<p><strong>Durabilidad:<\/strong><\/p>\n<ul>\n<li>Vida \u00datil: 100 Kms. Impresi\u00f3n<\/li>\n<li>1000.000 Cortes<\/li>\n<\/ul>\n<p><strong>Software:<\/strong><\/p>\n<ul>\n<li>Windows, Linux, Mac, Android SDK, Windows SDK y Linux SDK<\/li>\n<\/ul>\n<p><strong>Fuentes y gr\u00e1ficos:<\/strong><\/p>\n<ul>\n<li>Tama\u00f1o de la Fuente:<br \/>\n<img decoding=\"async\" class=\"alignnone wp-image-2435\" src=\"https:\/\/automated-transactions.es\/wp-content\/uploads\/2022\/01\/imgkrm1.jpg\" alt=\"\" width=\"690\" height=\"55\" srcset=\"https:\/\/automated-transactions.es\/wp-content\/uploads\/2022\/01\/imgkrm1-200x16.jpg 200w, https:\/\/automated-transactions.es\/wp-content\/uploads\/2022\/01\/imgkrm1-300x24.jpg 300w, https:\/\/automated-transactions.es\/wp-content\/uploads\/2022\/01\/imgkrm1-400x32.jpg 400w, https:\/\/automated-transactions.es\/wp-content\/uploads\/2022\/01\/imgkrm1-500x40.jpg 500w, https:\/\/automated-transactions.es\/wp-content\/uploads\/2022\/01\/imgkrm1-600x48.jpg 600w, https:\/\/automated-transactions.es\/wp-content\/uploads\/2022\/01\/imgkrm1-700x56.jpg 700w, https:\/\/automated-transactions.es\/wp-content\/uploads\/2022\/01\/imgkrm1-768x61.jpg 768w, https:\/\/automated-transactions.es\/wp-content\/uploads\/2022\/01\/imgkrm1-800x64.jpg 800w, https:\/\/automated-transactions.es\/wp-content\/uploads\/2022\/01\/imgkrm1-1024x82.jpg 1024w, https:\/\/automated-transactions.es\/wp-content\/uploads\/2022\/01\/imgkrm1-1200x96.jpg 1200w, https:\/\/automated-transactions.es\/wp-content\/uploads\/2022\/01\/imgkrm1.jpg 1206w\" sizes=\"(max-width: 690px) 100vw, 690px\" \/><\/li>\n<li>Caracteres por l\u00ednea:<br \/>\n<img decoding=\"async\" class=\"alignnone wp-image-2437\" src=\"https:\/\/automated-transactions.es\/wp-content\/uploads\/2022\/01\/imgkrm2.jpg\" alt=\"\" width=\"690\" height=\"52\" srcset=\"https:\/\/automated-transactions.es\/wp-content\/uploads\/2022\/01\/imgkrm2-200x15.jpg 200w, https:\/\/automated-transactions.es\/wp-content\/uploads\/2022\/01\/imgkrm2-300x22.jpg 300w, https:\/\/automated-transactions.es\/wp-content\/uploads\/2022\/01\/imgkrm2-400x30.jpg 400w, https:\/\/automated-transactions.es\/wp-content\/uploads\/2022\/01\/imgkrm2-500x37.jpg 500w, https:\/\/automated-transactions.es\/wp-content\/uploads\/2022\/01\/imgkrm2-600x45.jpg 600w, https:\/\/automated-transactions.es\/wp-content\/uploads\/2022\/01\/imgkrm2-700x52.jpg 700w, https:\/\/automated-transactions.es\/wp-content\/uploads\/2022\/01\/imgkrm2-768x57.jpg 768w, https:\/\/automated-transactions.es\/wp-content\/uploads\/2022\/01\/imgkrm2-800x60.jpg 800w, https:\/\/automated-transactions.es\/wp-content\/uploads\/2022\/01\/imgkrm2-1024x77.jpg 1024w, https:\/\/automated-transactions.es\/wp-content\/uploads\/2022\/01\/imgkrm2-1200x90.jpg 1200w, https:\/\/automated-transactions.es\/wp-content\/uploads\/2022\/01\/imgkrm2.jpg 1203w\" sizes=\"(max-width: 690px) 100vw, 690px\" \/><\/li>\n<\/ul>\n<p><strong>N\u00famero de caracteres:<\/strong><\/p>\n<ul>\n<li>English 95<\/li>\n<li>Code page: 128 x 10<\/li>\n<\/ul>\n<p><strong>Cod\u00edgo de barras:<\/strong><\/p>\n<ul>\n<li>1D: UPC-E, EAN8, EAN13, ITF, CODABAR, CODE39, CODE93, CODE128<\/li>\n<li>2D: PDF417, QR CODE<\/li>\n<\/ul>\n<p><strong>Alimentaci\u00f3n:<br \/>\n<img decoding=\"async\" class=\"alignnone wp-image-2439\" src=\"https:\/\/automated-transactions.es\/wp-content\/uploads\/2022\/01\/imgkrm3.jpg\" alt=\"\" width=\"340\" height=\"89\" srcset=\"https:\/\/automated-transactions.es\/wp-content\/uploads\/2022\/01\/imgkrm3-200x52.jpg 200w, https:\/\/automated-transactions.es\/wp-content\/uploads\/2022\/01\/imgkrm3-300x79.jpg 300w, https:\/\/automated-transactions.es\/wp-content\/uploads\/2022\/01\/imgkrm3-400x105.jpg 400w, https:\/\/automated-transactions.es\/wp-content\/uploads\/2022\/01\/imgkrm3-500x131.jpg 500w, https:\/\/automated-transactions.es\/wp-content\/uploads\/2022\/01\/imgkrm3.jpg 591w\" sizes=\"(max-width: 340px) 100vw, 340px\" \/><\/strong><\/p>\n<\/div><\/div><style type=\"text\/css\">.fusion-body .fusion-builder-column-0{width:100% !important;margin-top : 0px;margin-bottom : 56px;}.fusion-builder-column-0 > .fusion-column-wrapper {padding-top : 0px !important;padding-right : 0px !important;margin-right : 1.92%;padding-bottom : 0px !important;padding-left : 0px !important;margin-left : 1.92%;}@media only screen and (max-width:1024px) {.fusion-body .fusion-builder-column-0{width:100% !important;order : 0;}.fusion-builder-column-0 > .fusion-column-wrapper {margin-right : 1.92%;margin-left : 1.92%;}}@media only screen and (max-width:640px) {.fusion-body .fusion-builder-column-0{width:100% !important;order : 0;}.fusion-builder-column-0 > .fusion-column-wrapper {margin-right : 1.92%;margin-left : 1.92%;}}<\/style><\/div><div class=\"fusion-layout-column fusion_builder_column fusion-builder-column-1 fusion_builder_column_1_1 1_1 fusion-flex-column\"><div class=\"fusion-column-wrapper fusion-flex-justify-content-flex-start fusion-content-layout-column\" style=\"background-position:left top;background-repeat:no-repeat;-webkit-background-size:cover;-moz-background-size:cover;-o-background-size:cover;background-size:cover;padding: 0px 0px 0px 0px;\"><div class=\"fusion-text fusion-text-2 bulletblue\"><p><img decoding=\"async\" class=\"alignnone size-full wp-image-2466\" src=\"https:\/\/automated-transactions.es\/wp-content\/uploads\/2022\/11\/HMV-054-.jpg\" alt=\"\" width=\"1281\" height=\"1488\" srcset=\"https:\/\/automated-transactions.es\/wp-content\/uploads\/2022\/11\/HMV-054--200x232.jpg 200w, https:\/\/automated-transactions.es\/wp-content\/uploads\/2022\/11\/HMV-054--258x300.jpg 258w, https:\/\/automated-transactions.es\/wp-content\/uploads\/2022\/11\/HMV-054--400x465.jpg 400w, https:\/\/automated-transactions.es\/wp-content\/uploads\/2022\/11\/HMV-054--500x581.jpg 500w, https:\/\/automated-transactions.es\/wp-content\/uploads\/2022\/11\/HMV-054--600x697.jpg 600w, https:\/\/automated-transactions.es\/wp-content\/uploads\/2022\/11\/HMV-054--700x813.jpg 700w, https:\/\/automated-transactions.es\/wp-content\/uploads\/2022\/11\/HMV-054--768x892.jpg 768w, https:\/\/automated-transactions.es\/wp-content\/uploads\/2022\/11\/HMV-054--800x929.jpg 800w, https:\/\/automated-transactions.es\/wp-content\/uploads\/2022\/11\/HMV-054--882x1024.jpg 882w, https:\/\/automated-transactions.es\/wp-content\/uploads\/2022\/11\/HMV-054--1200x1394.jpg 1200w, https:\/\/automated-transactions.es\/wp-content\/uploads\/2022\/11\/HMV-054-.jpg 1281w\" sizes=\"(max-width: 1281px) 100vw, 1281px\" \/><\/p>\n<\/div><\/div><style type=\"text\/css\">.fusion-body .fusion-builder-column-1{width:100% !important;margin-top : 0px;margin-bottom : 56px;}.fusion-builder-column-1 > .fusion-column-wrapper {padding-top : 0px !important;padding-right : 0px !important;margin-right : 1.92%;padding-bottom : 0px !important;padding-left : 0px !important;margin-left : 1.92%;}@media only screen and (max-width:1024px) {.fusion-body .fusion-builder-column-1{width:100% !important;order : 0;}.fusion-builder-column-1 > .fusion-column-wrapper {margin-right : 1.92%;margin-left : 1.92%;}}@media only screen and (max-width:640px) {.fusion-body .fusion-builder-column-1{width:100% !important;order : 0;}.fusion-builder-column-1 > .fusion-column-wrapper {margin-right : 1.92%;margin-left : 1.92%;}}<\/style><\/div><\/div><style type=\"text\/css\">.fusion-body .fusion-flex-container.fusion-builder-row-1{ padding-top : 0px;margin-top : 0px;padding-right : 0px;padding-bottom : 0px;margin-bottom : 0px;padding-left : 0px;}<\/style><\/div>\n","protected":false},"excerpt":{"rendered":"<h5>La impresora m\u00e1s estable de 2\u201d con la mejor calidad de impresi\u00f3n (disposici\u00f3n vertical).<\/h5>\n<ul>\n<li>Cabezal y cortador robustos<\/li>\n<li>Soporte papel hasta 150 mm.<\/li>\n<li>Espesor m\u00e1ximo de corte: 0,1 mm.<\/li>\n<li>Interface USB y RS-232<\/li>\n<\/ul>\n<p>Haz click <a href=\"https:\/\/store.automated-transactions.es\/categoria-producto\/impresoras\/\" target=\"_blank\" rel=\"noopener\"><strong><span style=\"color: #0000ff;\">AQU\u00cd<\/span><\/strong><\/a> para informaci\u00f3n de precios y disponibilidad<\/p>\n","protected":false},"featured_media":2465,"comment_status":"open","ping_status":"closed","template":"","meta":{"content-type":""},"product_cat":[113],"product_tag":[],"class_list":["post-2463","product","type-product","status-publish","has-post-thumbnail","hentry","product_cat-impressoras"],"yoast_head":"<!-- This site is optimized with the Yoast SEO plugin v23.0 - https:\/\/yoast.com\/wordpress\/plugins\/seo\/ -->\n<title>HWASUNG HMV-054 - Automated Transactions<\/title>\n<meta name=\"robots\" content=\"index, follow, max-snippet:-1, max-image-preview:large, max-video-preview:-1\" \/>\n<link rel=\"canonical\" href=\"https:\/\/automated-transactions.es\/pt-pt\/producto\/hwasung-hmv-054\/\" \/>\n<meta property=\"og:locale\" content=\"pt_PT\" \/>\n<meta property=\"og:type\" content=\"article\" \/>\n<meta property=\"og:title\" content=\"HWASUNG HMV-054 - Automated Transactions\" \/>\n<meta property=\"og:description\" content=\"La impresora m\u00e1s estable de 2\u201d con la mejor calidad de impresi\u00f3n (disposici\u00f3n vertical).   Cabezal y cortador robustos  Soporte papel hasta 150 mm.  Espesor m\u00e1ximo de corte: 0,1 mm.  Interface USB y RS-232  Haz click AQU\u00cd para informaci\u00f3n de precios y disponibilidad\" \/>\n<meta property=\"og:url\" content=\"https:\/\/automated-transactions.es\/pt-pt\/producto\/hwasung-hmv-054\/\" \/>\n<meta property=\"og:site_name\" content=\"Automated Transactions\" \/>\n<meta property=\"article:modified_time\" content=\"2023-06-14T06:55:25+00:00\" \/>\n<meta property=\"og:image\" content=\"https:\/\/automated-transactions.es\/wp-content\/uploads\/2022\/11\/HMV-054.jpg\" \/>\n\t<meta property=\"og:image:width\" content=\"931\" \/>\n\t<meta property=\"og:image:height\" content=\"1024\" \/>\n\t<meta property=\"og:image:type\" content=\"image\/jpeg\" \/>\n<meta name=\"twitter:card\" content=\"summary_large_image\" \/>\n<meta name=\"twitter:label1\" content=\"Tempo estimado de leitura\" \/>\n\t<meta name=\"twitter:data1\" content=\"4 minutos\" \/>\n<script type=\"application\/ld+json\" class=\"yoast-schema-graph\">{\"@context\":\"https:\/\/schema.org\",\"@graph\":[{\"@type\":\"WebPage\",\"@id\":\"https:\/\/automated-transactions.es\/pt-pt\/producto\/hwasung-hmv-054\/\",\"url\":\"https:\/\/automated-transactions.es\/pt-pt\/producto\/hwasung-hmv-054\/\",\"name\":\"HWASUNG HMV-054 - Automated Transactions\",\"isPartOf\":{\"@id\":\"https:\/\/automated-transactions.es\/#website\"},\"primaryImageOfPage\":{\"@id\":\"https:\/\/automated-transactions.es\/pt-pt\/producto\/hwasung-hmv-054\/#primaryimage\"},\"image\":{\"@id\":\"https:\/\/automated-transactions.es\/pt-pt\/producto\/hwasung-hmv-054\/#primaryimage\"},\"thumbnailUrl\":\"https:\/\/automated-transactions.es\/wp-content\/uploads\/2022\/11\/HMV-054.jpg\",\"datePublished\":\"2022-11-11T10:21:27+00:00\",\"dateModified\":\"2023-06-14T06:55:25+00:00\",\"breadcrumb\":{\"@id\":\"https:\/\/automated-transactions.es\/pt-pt\/producto\/hwasung-hmv-054\/#breadcrumb\"},\"inLanguage\":\"pt-PT\",\"potentialAction\":[{\"@type\":\"ReadAction\",\"target\":[\"https:\/\/automated-transactions.es\/pt-pt\/producto\/hwasung-hmv-054\/\"]}]},{\"@type\":\"ImageObject\",\"inLanguage\":\"pt-PT\",\"@id\":\"https:\/\/automated-transactions.es\/pt-pt\/producto\/hwasung-hmv-054\/#primaryimage\",\"url\":\"https:\/\/automated-transactions.es\/wp-content\/uploads\/2022\/11\/HMV-054.jpg\",\"contentUrl\":\"https:\/\/automated-transactions.es\/wp-content\/uploads\/2022\/11\/HMV-054.jpg\",\"width\":931,\"height\":1024},{\"@type\":\"BreadcrumbList\",\"@id\":\"https:\/\/automated-transactions.es\/pt-pt\/producto\/hwasung-hmv-054\/#breadcrumb\",\"itemListElement\":[{\"@type\":\"ListItem\",\"position\":1,\"name\":\"Tienda\",\"item\":\"https:\/\/automated-transactions.es\/?page_id=7\"},{\"@type\":\"ListItem\",\"position\":2,\"name\":\"HWASUNG HMV-054\"}]},{\"@type\":\"WebSite\",\"@id\":\"https:\/\/automated-transactions.es\/#website\",\"url\":\"https:\/\/automated-transactions.es\/\",\"name\":\"Soluciones tecnol\u00f3gicas innovadoras para desarrolladores, fabricantes y operadores de m\u00e1quinas desatendidas.\",\"description\":\"Tecnolog\u00eda innovadora para m\u00e1quinas de autoservicio\",\"alternateName\":\"Automated Transactions\",\"potentialAction\":[{\"@type\":\"SearchAction\",\"target\":{\"@type\":\"EntryPoint\",\"urlTemplate\":\"https:\/\/automated-transactions.es\/?s={search_term_string}\"},\"query-input\":\"required name=search_term_string\"}],\"inLanguage\":\"pt-PT\"}]}<\/script>\n<!-- \/ Yoast SEO plugin. -->","yoast_head_json":{"title":"HWASUNG HMV-054 - Automated Transactions","robots":{"index":"index","follow":"follow","max-snippet":"max-snippet:-1","max-image-preview":"max-image-preview:large","max-video-preview":"max-video-preview:-1"},"canonical":"https:\/\/automated-transactions.es\/pt-pt\/producto\/hwasung-hmv-054\/","og_locale":"pt_PT","og_type":"article","og_title":"HWASUNG HMV-054 - Automated Transactions","og_description":"La impresora m\u00e1s estable de 2\u201d con la mejor calidad de impresi\u00f3n (disposici\u00f3n vertical).   Cabezal y cortador robustos  Soporte papel hasta 150 mm.  Espesor m\u00e1ximo de corte: 0,1 mm.  Interface USB y RS-232  Haz click AQU\u00cd para informaci\u00f3n de precios y disponibilidad","og_url":"https:\/\/automated-transactions.es\/pt-pt\/producto\/hwasung-hmv-054\/","og_site_name":"Automated Transactions","article_modified_time":"2023-06-14T06:55:25+00:00","og_image":[{"width":931,"height":1024,"url":"https:\/\/automated-transactions.es\/wp-content\/uploads\/2022\/11\/HMV-054.jpg","type":"image\/jpeg"}],"twitter_card":"summary_large_image","twitter_misc":{"Tempo estimado de leitura":"4 minutos"},"schema":{"@context":"https:\/\/schema.org","@graph":[{"@type":"WebPage","@id":"https:\/\/automated-transactions.es\/pt-pt\/producto\/hwasung-hmv-054\/","url":"https:\/\/automated-transactions.es\/pt-pt\/producto\/hwasung-hmv-054\/","name":"HWASUNG HMV-054 - Automated Transactions","isPartOf":{"@id":"https:\/\/automated-transactions.es\/#website"},"primaryImageOfPage":{"@id":"https:\/\/automated-transactions.es\/pt-pt\/producto\/hwasung-hmv-054\/#primaryimage"},"image":{"@id":"https:\/\/automated-transactions.es\/pt-pt\/producto\/hwasung-hmv-054\/#primaryimage"},"thumbnailUrl":"https:\/\/automated-transactions.es\/wp-content\/uploads\/2022\/11\/HMV-054.jpg","datePublished":"2022-11-11T10:21:27+00:00","dateModified":"2023-06-14T06:55:25+00:00","breadcrumb":{"@id":"https:\/\/automated-transactions.es\/pt-pt\/producto\/hwasung-hmv-054\/#breadcrumb"},"inLanguage":"pt-PT","potentialAction":[{"@type":"ReadAction","target":["https:\/\/automated-transactions.es\/pt-pt\/producto\/hwasung-hmv-054\/"]}]},{"@type":"ImageObject","inLanguage":"pt-PT","@id":"https:\/\/automated-transactions.es\/pt-pt\/producto\/hwasung-hmv-054\/#primaryimage","url":"https:\/\/automated-transactions.es\/wp-content\/uploads\/2022\/11\/HMV-054.jpg","contentUrl":"https:\/\/automated-transactions.es\/wp-content\/uploads\/2022\/11\/HMV-054.jpg","width":931,"height":1024},{"@type":"BreadcrumbList","@id":"https:\/\/automated-transactions.es\/pt-pt\/producto\/hwasung-hmv-054\/#breadcrumb","itemListElement":[{"@type":"ListItem","position":1,"name":"Tienda","item":"https:\/\/automated-transactions.es\/?page_id=7"},{"@type":"ListItem","position":2,"name":"HWASUNG HMV-054"}]},{"@type":"WebSite","@id":"https:\/\/automated-transactions.es\/#website","url":"https:\/\/automated-transactions.es\/","name":"Soluciones tecnol\u00f3gicas innovadoras para desarrolladores, fabricantes y operadores de m\u00e1quinas desatendidas.","description":"Tecnolog\u00eda innovadora para m\u00e1quinas de autoservicio","alternateName":"Automated Transactions","potentialAction":[{"@type":"SearchAction","target":{"@type":"EntryPoint","urlTemplate":"https:\/\/automated-transactions.es\/?s={search_term_string}"},"query-input":"required name=search_term_string"}],"inLanguage":"pt-PT"}]}},"_links":{"self":[{"href":"https:\/\/automated-transactions.es\/pt-pt\/wp-json\/wp\/v2\/product\/2463","targetHints":{"allow":["GET"]}}],"collection":[{"href":"https:\/\/automated-transactions.es\/pt-pt\/wp-json\/wp\/v2\/product"}],"about":[{"href":"https:\/\/automated-transactions.es\/pt-pt\/wp-json\/wp\/v2\/types\/product"}],"replies":[{"embeddable":true,"href":"https:\/\/automated-transactions.es\/pt-pt\/wp-json\/wp\/v2\/comments?post=2463"}],"wp:featuredmedia":[{"embeddable":true,"href":"https:\/\/automated-transactions.es\/pt-pt\/wp-json\/wp\/v2\/media\/2465"}],"wp:attachment":[{"href":"https:\/\/automated-transactions.es\/pt-pt\/wp-json\/wp\/v2\/media?parent=2463"}],"wp:term":[{"taxonomy":"product_cat","embeddable":true,"href":"https:\/\/automated-transactions.es\/pt-pt\/wp-json\/wp\/v2\/product_cat?post=2463"},{"taxonomy":"product_tag","embeddable":true,"href":"https:\/\/automated-transactions.es\/pt-pt\/wp-json\/wp\/v2\/product_tag?post=2463"}],"curies":[{"name":"wp","href":"https:\/\/api.w.org\/{rel}","templated":true}]}}