{"id":2433,"date":"2022-11-09T13:32:40","date_gmt":"2022-11-09T12:32:40","guid":{"rendered":"https:\/\/automated-transactions.es\/?post_type=product&#038;p=2433"},"modified":"2023-06-14T07:57:47","modified_gmt":"2023-06-14T06:57:47","slug":"monitor-32-pcap-multi-touch-open-frame","status":"publish","type":"product","link":"https:\/\/automated-transactions.es\/pt-pt\/producto\/monitor-32-pcap-multi-touch-open-frame\/","title":{"rendered":"Monitor 32&#8243; PCAP Multi-Touch Open Frame"},"content":{"rendered":"<div class=\"fusion-fullwidth fullwidth-box fusion-builder-row-1 fusion-flex-container nonhundred-percent-fullwidth non-hundred-percent-height-scrolling\" style=\"background-color: rgba(255,255,255,0);background-position: center center;background-repeat: no-repeat;border-width: 0px 0px 0px 0px;border-color:#e2e2e2;border-style:solid;\" ><div class=\"fusion-builder-row fusion-row fusion-flex-align-items-center\" style=\"max-width:1248px;margin-left: calc(-4% \/ 2 );margin-right: calc(-4% \/ 2 );\"><div class=\"fusion-layout-column fusion_builder_column fusion-builder-column-0 fusion_builder_column_1_1 1_1 fusion-flex-column\"><div class=\"fusion-column-wrapper fusion-flex-justify-content-flex-start fusion-content-layout-column\" style=\"background-position:left top;background-repeat:no-repeat;-webkit-background-size:cover;-moz-background-size:cover;-o-background-size:cover;background-size:cover;padding: 0px 0px 0px 0px;\">\n<div class=\"table-1\">\n<p style=\"text-align: center; background-color: #043f7a; color: white; padding: 10px; margin-bottom: 0px;\"><strong>CARACTER\u00cdSTICAS<\/strong><\/p>\n<table width=\"100%\">\n<tbody>\n<tr>\n<td style=\"text-align: center;\" align=\"left\">Tipo Touch Screen<\/td>\n<td style=\"text-align: center;\" align=\"left\">Capacitivo proyectado Touch 10 puntos<\/td>\n<\/tr>\n<tr>\n<td style=\"text-align: center;\" align=\"left\">Color carcasa<\/td>\n<td style=\"text-align: center;\" align=\"left\">Negro<\/td>\n<\/tr>\n<tr>\n<td style=\"text-align: center;\" align=\"left\">Formato<\/td>\n<td style=\"text-align: center;\" align=\"left\">32&#8243;<\/td>\n<\/tr>\n<tr>\n<td style=\"text-align: center;\" align=\"left\">Ratio Aspecto<\/td>\n<td style=\"text-align: center;\" align=\"left\">16:9 Ratio 32?a-Si TFT-LCD,LED backlight<\/td>\n<\/tr>\n<tr>\n<td style=\"text-align: center;\" align=\"left\">Dimensiones<\/td>\n<td style=\"text-align: center;\" align=\"left\">Ancho: 783.6 mm<br \/>\nAlto: 473.5mm<br \/>\nProfundo: 55.2mm<\/td>\n<\/tr>\n<tr>\n<td style=\"text-align: center;\" align=\"left\">Area Display<\/td>\n<td style=\"text-align: center;\" align=\"left\">599.3mm\u00d7337.8mm<\/td>\n<\/tr>\n<tr>\n<td style=\"text-align: center;\" align=\"left\">Resoluci\u00f3n<\/td>\n<td style=\"text-align: center;\" align=\"left\">1920\u00d71080@60Hz<\/td>\n<\/tr>\n<tr>\n<td style=\"text-align: center;\" align=\"left\">Tecnolog\u00eda LCD<\/td>\n<td style=\"text-align: center;\" align=\"left\">Active matrix TFT LCD with LED backlig<\/td>\n<\/tr>\n<tr>\n<td style=\"text-align: center;\" align=\"left\">Colores<\/td>\n<td style=\"text-align: center;\" align=\"left\">16.7M<\/td>\n<\/tr>\n<tr>\n<td style=\"text-align: center;\" align=\"left\">Tipo Brillo<\/td>\n<td style=\"text-align: center;\" align=\"left\">250cd\/m<\/td>\n<\/tr>\n<tr>\n<td style=\"text-align: center;\" align=\"left\">Tiempo de respuesta<\/td>\n<td style=\"text-align: center;\" align=\"left\">5ms<\/td>\n<\/tr>\n<tr>\n<td style=\"text-align: center;\" align=\"left\">\u00c1ngulo de visi\u00f3n<\/td>\n<td style=\"text-align: center;\" align=\"left\">Horizontal (izquierda\/derecha) 89\u00b0\/89\u00b0<br \/>\nVertical (arriba\/abajo) 89\u00b0\/89\u00b0<\/td>\n<\/tr>\n<tr>\n<td style=\"text-align: center;\" align=\"left\">Ratio Contraste<\/td>\n<td style=\"text-align: center;\" align=\"left\">1000:1<\/td>\n<\/tr>\n<tr>\n<td style=\"text-align: center;\" align=\"left\">Video<\/td>\n<td style=\"text-align: center;\" align=\"left\">VGA ,DVI,HDMI<\/td>\n<\/tr>\n<tr>\n<td style=\"text-align: center;\" align=\"left\">Alimentaci\u00f3n<\/td>\n<td style=\"text-align: center;\" align=\"left\">Temperatura de trabajo: 0?50\u00b0C<br \/>\nTemperatura almacenaje: &#8211; 20?60\u00b0C<br \/>\n40W \/2W?Standby<\/td>\n<\/tr>\n<tr>\n<td style=\"text-align: center;\" align=\"left\">Conectores Extern<\/td>\n<td style=\"text-align: center;\" align=\"left\">1 x VGA<br \/>\n1 x DVI-D<br \/>\n1 x PC-Audio<br \/>\n1 x Auricular<br \/>\nConector Touch: 1 x USB<br \/>\nConectores: 1 x 12V DC-IN<\/td>\n<\/tr>\n<tr>\n<td style=\"text-align: center;\" align=\"left\">Ambiente<\/td>\n<td style=\"text-align: center;\" align=\"left\">Temperatura de trabajo: 0?50\u00b0C<br \/>\nTemperatura almacenaje: &#8211; 10?60\u00b0C<\/td>\n<\/tr>\n<tr>\n<td style=\"text-align: center;\" align=\"left\">Vida \u00fatil<\/td>\n<td style=\"text-align: center;\" align=\"left\">30.000 Horas<\/td>\n<\/tr>\n<tr>\n<td style=\"text-align: center;\" align=\"left\">Peso Neto<\/td>\n<td style=\"text-align: center;\" align=\"left\">10.2Kg<\/td>\n<\/tr>\n<tr>\n<td style=\"text-align: center;\" align=\"left\">Opciones de Montaje<\/td>\n<td style=\"text-align: center;\" align=\"left\">VESA 100 mm. \/ VESA 75 mm.<\/td>\n<\/tr>\n<tr>\n<td style=\"text-align: center;\" align=\"left\">Interface Touch<\/td>\n<td style=\"text-align: center;\" align=\"left\">USB Interface<\/td>\n<\/tr>\n<tr>\n<td style=\"text-align: center;\" align=\"left\">Respuesta Touch<\/td>\n<td style=\"text-align: center;\" align=\"left\">&lt; 10ms<\/td>\n<\/tr>\n<tr>\n<td style=\"text-align: center;\" align=\"left\">Drivers Touch<\/td>\n<td style=\"text-align: center;\" align=\"left\">Windows, Linux, Android<\/td>\n<\/tr>\n<tr>\n<td style=\"text-align: center;\" align=\"left\">Vida \u00fatil Touch (Contactos)<\/td>\n<td style=\"text-align: center;\" align=\"left\">ilimitado<\/td>\n<\/tr>\n<tr>\n<td style=\"text-align: center;\" align=\"left\">Dureza superficie<\/td>\n<td style=\"text-align: center;\" align=\"left\">6H<\/td>\n<\/tr>\n<tr>\n<td style=\"text-align: center;\" align=\"left\">Garant\u00eda<\/td>\n<td style=\"text-align: center;\" align=\"left\">1 a\u00f1o<\/td>\n<\/tr>\n<tr>\n<td style=\"text-align: center;\" align=\"left\">MOQ<\/td>\n<td style=\"text-align: center;\" align=\"left\">1 pieza<\/td>\n<\/tr>\n<tr>\n<td style=\"text-align: center;\" align=\"left\">Certificaci\u00f3n<\/td>\n<td style=\"text-align: center;\" align=\"left\">CCC, FCC, CE<\/td>\n<\/tr>\n<\/tbody>\n<\/table>\n<\/div>\n<\/div><style type=\"text\/css\">.fusion-body .fusion-builder-column-0{width:100% !important;margin-top : 0px;margin-bottom : 40px;}.fusion-builder-column-0 > .fusion-column-wrapper {padding-top : 0px !important;padding-right : 0px !important;margin-right : 1.92%;padding-bottom : 0px !important;padding-left : 0px !important;margin-left : 0%;}@media only screen and (max-width:1024px) {.fusion-body .fusion-builder-column-0{width:60% !important;order : 0;}.fusion-builder-column-0 > .fusion-column-wrapper {margin-right : 3.2%;margin-left : 0%;}}@media only screen and (max-width:640px) {.fusion-body .fusion-builder-column-0{width:100% !important;order : 0;}.fusion-builder-column-0 > .fusion-column-wrapper {margin-right : 1.92%;margin-left : 1.92%;}}<\/style><\/div><div class=\"fusion-layout-column fusion_builder_column fusion-builder-column-1 fusion_builder_column_1_1 1_1 fusion-flex-column\"><div class=\"fusion-column-wrapper fusion-flex-justify-content-flex-start fusion-content-layout-column\" style=\"background-position:left top;background-repeat:no-repeat;-webkit-background-size:cover;-moz-background-size:cover;-o-background-size:cover;background-size:cover;padding: 0px 0px 0px 0px;\"><div class=\"fusion-text fusion-text-1\"><p><img decoding=\"async\" class=\"alignnone size-full wp-image-2425\" src=\"https:\/\/automated-transactions.es\/wp-content\/uploads\/2022\/11\/TOT320UCA001-Draw.png\" alt=\"\" width=\"1667\" height=\"791\" srcset=\"https:\/\/automated-transactions.es\/wp-content\/uploads\/2022\/11\/TOT320UCA001-Draw-200x95.png 200w, https:\/\/automated-transactions.es\/wp-content\/uploads\/2022\/11\/TOT320UCA001-Draw-300x142.png 300w, https:\/\/automated-transactions.es\/wp-content\/uploads\/2022\/11\/TOT320UCA001-Draw-400x190.png 400w, https:\/\/automated-transactions.es\/wp-content\/uploads\/2022\/11\/TOT320UCA001-Draw-500x237.png 500w, https:\/\/automated-transactions.es\/wp-content\/uploads\/2022\/11\/TOT320UCA001-Draw-600x285.png 600w, https:\/\/automated-transactions.es\/wp-content\/uploads\/2022\/11\/TOT320UCA001-Draw-700x332.png 700w, https:\/\/automated-transactions.es\/wp-content\/uploads\/2022\/11\/TOT320UCA001-Draw-768x364.png 768w, https:\/\/automated-transactions.es\/wp-content\/uploads\/2022\/11\/TOT320UCA001-Draw-800x380.png 800w, https:\/\/automated-transactions.es\/wp-content\/uploads\/2022\/11\/TOT320UCA001-Draw-1024x486.png 1024w, https:\/\/automated-transactions.es\/wp-content\/uploads\/2022\/11\/TOT320UCA001-Draw-1200x569.png 1200w, https:\/\/automated-transactions.es\/wp-content\/uploads\/2022\/11\/TOT320UCA001-Draw-1536x729.png 1536w, https:\/\/automated-transactions.es\/wp-content\/uploads\/2022\/11\/TOT320UCA001-Draw.png 1667w\" sizes=\"(max-width: 1667px) 100vw, 1667px\" \/><\/p>\n<\/div><\/div><style type=\"text\/css\">.fusion-body .fusion-builder-column-1{width:100% !important;margin-top : 0px;margin-bottom : 0px;}.fusion-builder-column-1 > .fusion-column-wrapper {padding-top : 0px !important;padding-right : 0px !important;margin-right : 1.92%;padding-bottom : 0px !important;padding-left : 0px !important;margin-left : 0%;}@media only screen and (max-width:1024px) {.fusion-body .fusion-builder-column-1{width:60% !important;order : 0;}.fusion-builder-column-1 > .fusion-column-wrapper {margin-right : 3.2%;margin-left : 0%;}}@media only screen and (max-width:640px) {.fusion-body .fusion-builder-column-1{width:100% !important;order : 0;}.fusion-builder-column-1 > .fusion-column-wrapper {margin-right : 1.92%;margin-left : 1.92%;}}<\/style><\/div><\/div><style type=\"text\/css\">.fusion-body .fusion-flex-container.fusion-builder-row-1{ padding-top : 0px;margin-top : 0px;padding-right : 0px;padding-bottom : 0px;margin-bottom : 0px;padding-left : 0px;}@media only screen and (max-width:640px) {.fusion-body .fusion-flex-container.fusion-builder-row-1{ padding-right : 0px;padding-left : 0px;}}<\/style><\/div>\n","protected":false},"excerpt":{"rendered":"<h5>Relaci\u00f3n Calidad \/ Precio \/ Prestaciones \u00fanica en el mercado<\/h5>\n<ul>\n<li>Tecnolog\u00eda Antirreflectante<\/li>\n<li>Puede soportar temperaturas hasta de 40 \u00b0C<\/li>\n<li>Frontal resistente IP65<\/li>\n<li>LCD de alto brillo con LED 1000-2500 cd\/?<\/li>\n<li>M\u00faltiples opciones de montaje, incluido el montaje VESA, montaje en soporte horizontal o vertical<\/li>\n<li>Perfil compacto y delgado para una f\u00e1cil integraci\u00f3n desde el lateral, la parte superior y la parte inferior<\/li>\n<li>La tecnolog\u00eda PCAP de Top One Tech en vidrio puro para lo \u00faltimo en calidad de imagen<\/li>\n<li>Puerto de interfaz t\u00e1ctil USB\/serie<\/li>\n<li>Formato de entrada de video VGA\/DVI\/HDMI<\/li>\n<\/ul>\n<p>Haz click <span style=\"color: #0000ff;\"><a style=\"color: #0000ff;\" href=\"https:\/\/store.automated-transactions.es\/producto\/monitor-32%e2%80%b3-pcap-multi-touch-open-frame\/\" target=\"_blank\" rel=\"noopener\"><strong>AQU\u00cd<\/strong><\/a><\/span> para informaci\u00f3n de precios y disponibilidad<\/p>\n","protected":false},"featured_media":2341,"comment_status":"open","ping_status":"closed","template":"","meta":{"content-type":""},"product_cat":[176],"product_tag":[177],"class_list":["post-2433","product","type-product","status-publish","has-post-thumbnail","hentry","product_cat-monitores-2-pt-pt","product_tag-monitores-pt-pt"],"yoast_head":"<!-- This site is optimized with the Yoast SEO plugin v23.0 - https:\/\/yoast.com\/wordpress\/plugins\/seo\/ -->\n<title>Monitor 32&quot; PCAP Multi-Touch Open Frame - Automated Transactions<\/title>\n<meta name=\"robots\" content=\"index, follow, max-snippet:-1, max-image-preview:large, max-video-preview:-1\" \/>\n<link rel=\"canonical\" href=\"https:\/\/automated-transactions.es\/pt-pt\/producto\/monitor-32-pcap-multi-touch-open-frame\/\" \/>\n<meta property=\"og:locale\" content=\"pt_PT\" \/>\n<meta property=\"og:type\" content=\"article\" \/>\n<meta property=\"og:title\" content=\"Monitor 32&quot; PCAP Multi-Touch Open Frame - Automated Transactions\" \/>\n<meta property=\"og:description\" content=\"Relaci\u00f3n Calidad \/ Precio \/ Prestaciones \u00fanica en el mercado   Tecnolog\u00eda Antirreflectante  Puede soportar temperaturas hasta de 40 \u00b0C  Frontal resistente IP65  LCD de alto brillo con LED 1000-2500 cd\/?  M\u00faltiples opciones de montaje, incluido el montaje VESA, montaje en soporte horizontal o vertical  Perfil compacto y delgado para una f\u00e1cil integraci\u00f3n desde el lateral, la parte superior y la parte inferior  La tecnolog\u00eda PCAP de Top One Tech en vidrio puro para lo \u00faltimo en calidad de imagen  Puerto de interfaz t\u00e1ctil USB\/serie  Formato de entrada de video VGA\/DVI\/HDMI  Haz click AQU\u00cd para informaci\u00f3n de precios y disponibilidad\" \/>\n<meta property=\"og:url\" content=\"https:\/\/automated-transactions.es\/pt-pt\/producto\/monitor-32-pcap-multi-touch-open-frame\/\" \/>\n<meta property=\"og:site_name\" content=\"Automated Transactions\" \/>\n<meta property=\"article:modified_time\" content=\"2023-06-14T06:57:47+00:00\" \/>\n<meta property=\"og:image\" content=\"https:\/\/automated-transactions.es\/wp-content\/uploads\/2022\/11\/monitor1-.jpg\" \/>\n\t<meta property=\"og:image:width\" content=\"931\" \/>\n\t<meta property=\"og:image:height\" content=\"1024\" \/>\n\t<meta property=\"og:image:type\" content=\"image\/jpeg\" \/>\n<meta name=\"twitter:card\" content=\"summary_large_image\" \/>\n<meta name=\"twitter:label1\" content=\"Tempo estimado de leitura\" \/>\n\t<meta name=\"twitter:data1\" content=\"2 minutos\" \/>\n<script type=\"application\/ld+json\" class=\"yoast-schema-graph\">{\"@context\":\"https:\/\/schema.org\",\"@graph\":[{\"@type\":\"WebPage\",\"@id\":\"https:\/\/automated-transactions.es\/pt-pt\/producto\/monitor-32-pcap-multi-touch-open-frame\/\",\"url\":\"https:\/\/automated-transactions.es\/pt-pt\/producto\/monitor-32-pcap-multi-touch-open-frame\/\",\"name\":\"Monitor 32\\\" PCAP Multi-Touch Open Frame - Automated Transactions\",\"isPartOf\":{\"@id\":\"https:\/\/automated-transactions.es\/#website\"},\"primaryImageOfPage\":{\"@id\":\"https:\/\/automated-transactions.es\/pt-pt\/producto\/monitor-32-pcap-multi-touch-open-frame\/#primaryimage\"},\"image\":{\"@id\":\"https:\/\/automated-transactions.es\/pt-pt\/producto\/monitor-32-pcap-multi-touch-open-frame\/#primaryimage\"},\"thumbnailUrl\":\"https:\/\/automated-transactions.es\/wp-content\/uploads\/2022\/11\/monitor1-.jpg\",\"datePublished\":\"2022-11-09T12:32:40+00:00\",\"dateModified\":\"2023-06-14T06:57:47+00:00\",\"breadcrumb\":{\"@id\":\"https:\/\/automated-transactions.es\/pt-pt\/producto\/monitor-32-pcap-multi-touch-open-frame\/#breadcrumb\"},\"inLanguage\":\"pt-PT\",\"potentialAction\":[{\"@type\":\"ReadAction\",\"target\":[\"https:\/\/automated-transactions.es\/pt-pt\/producto\/monitor-32-pcap-multi-touch-open-frame\/\"]}]},{\"@type\":\"ImageObject\",\"inLanguage\":\"pt-PT\",\"@id\":\"https:\/\/automated-transactions.es\/pt-pt\/producto\/monitor-32-pcap-multi-touch-open-frame\/#primaryimage\",\"url\":\"https:\/\/automated-transactions.es\/wp-content\/uploads\/2022\/11\/monitor1-.jpg\",\"contentUrl\":\"https:\/\/automated-transactions.es\/wp-content\/uploads\/2022\/11\/monitor1-.jpg\",\"width\":931,\"height\":1024},{\"@type\":\"BreadcrumbList\",\"@id\":\"https:\/\/automated-transactions.es\/pt-pt\/producto\/monitor-32-pcap-multi-touch-open-frame\/#breadcrumb\",\"itemListElement\":[{\"@type\":\"ListItem\",\"position\":1,\"name\":\"Tienda\",\"item\":\"https:\/\/automated-transactions.es\/?page_id=7\"},{\"@type\":\"ListItem\",\"position\":2,\"name\":\"Monitor 32&#8243; PCAP Multi-Touch Open Frame\"}]},{\"@type\":\"WebSite\",\"@id\":\"https:\/\/automated-transactions.es\/#website\",\"url\":\"https:\/\/automated-transactions.es\/\",\"name\":\"Soluciones tecnol\u00f3gicas innovadoras para desarrolladores, fabricantes y operadores de m\u00e1quinas desatendidas.\",\"description\":\"Tecnolog\u00eda innovadora para m\u00e1quinas de autoservicio\",\"alternateName\":\"Automated Transactions\",\"potentialAction\":[{\"@type\":\"SearchAction\",\"target\":{\"@type\":\"EntryPoint\",\"urlTemplate\":\"https:\/\/automated-transactions.es\/?s={search_term_string}\"},\"query-input\":\"required name=search_term_string\"}],\"inLanguage\":\"pt-PT\"}]}<\/script>\n<!-- \/ Yoast SEO plugin. -->","yoast_head_json":{"title":"Monitor 32\" PCAP Multi-Touch Open Frame - Automated Transactions","robots":{"index":"index","follow":"follow","max-snippet":"max-snippet:-1","max-image-preview":"max-image-preview:large","max-video-preview":"max-video-preview:-1"},"canonical":"https:\/\/automated-transactions.es\/pt-pt\/producto\/monitor-32-pcap-multi-touch-open-frame\/","og_locale":"pt_PT","og_type":"article","og_title":"Monitor 32\" PCAP Multi-Touch Open Frame - Automated Transactions","og_description":"Relaci\u00f3n Calidad \/ Precio \/ Prestaciones \u00fanica en el mercado   Tecnolog\u00eda Antirreflectante  Puede soportar temperaturas hasta de 40 \u00b0C  Frontal resistente IP65  LCD de alto brillo con LED 1000-2500 cd\/?  M\u00faltiples opciones de montaje, incluido el montaje VESA, montaje en soporte horizontal o vertical  Perfil compacto y delgado para una f\u00e1cil integraci\u00f3n desde el lateral, la parte superior y la parte inferior  La tecnolog\u00eda PCAP de Top One Tech en vidrio puro para lo \u00faltimo en calidad de imagen  Puerto de interfaz t\u00e1ctil USB\/serie  Formato de entrada de video VGA\/DVI\/HDMI  Haz click AQU\u00cd para informaci\u00f3n de precios y disponibilidad","og_url":"https:\/\/automated-transactions.es\/pt-pt\/producto\/monitor-32-pcap-multi-touch-open-frame\/","og_site_name":"Automated Transactions","article_modified_time":"2023-06-14T06:57:47+00:00","og_image":[{"width":931,"height":1024,"url":"https:\/\/automated-transactions.es\/wp-content\/uploads\/2022\/11\/monitor1-.jpg","type":"image\/jpeg"}],"twitter_card":"summary_large_image","twitter_misc":{"Tempo estimado de leitura":"2 minutos"},"schema":{"@context":"https:\/\/schema.org","@graph":[{"@type":"WebPage","@id":"https:\/\/automated-transactions.es\/pt-pt\/producto\/monitor-32-pcap-multi-touch-open-frame\/","url":"https:\/\/automated-transactions.es\/pt-pt\/producto\/monitor-32-pcap-multi-touch-open-frame\/","name":"Monitor 32\" PCAP Multi-Touch Open Frame - Automated Transactions","isPartOf":{"@id":"https:\/\/automated-transactions.es\/#website"},"primaryImageOfPage":{"@id":"https:\/\/automated-transactions.es\/pt-pt\/producto\/monitor-32-pcap-multi-touch-open-frame\/#primaryimage"},"image":{"@id":"https:\/\/automated-transactions.es\/pt-pt\/producto\/monitor-32-pcap-multi-touch-open-frame\/#primaryimage"},"thumbnailUrl":"https:\/\/automated-transactions.es\/wp-content\/uploads\/2022\/11\/monitor1-.jpg","datePublished":"2022-11-09T12:32:40+00:00","dateModified":"2023-06-14T06:57:47+00:00","breadcrumb":{"@id":"https:\/\/automated-transactions.es\/pt-pt\/producto\/monitor-32-pcap-multi-touch-open-frame\/#breadcrumb"},"inLanguage":"pt-PT","potentialAction":[{"@type":"ReadAction","target":["https:\/\/automated-transactions.es\/pt-pt\/producto\/monitor-32-pcap-multi-touch-open-frame\/"]}]},{"@type":"ImageObject","inLanguage":"pt-PT","@id":"https:\/\/automated-transactions.es\/pt-pt\/producto\/monitor-32-pcap-multi-touch-open-frame\/#primaryimage","url":"https:\/\/automated-transactions.es\/wp-content\/uploads\/2022\/11\/monitor1-.jpg","contentUrl":"https:\/\/automated-transactions.es\/wp-content\/uploads\/2022\/11\/monitor1-.jpg","width":931,"height":1024},{"@type":"BreadcrumbList","@id":"https:\/\/automated-transactions.es\/pt-pt\/producto\/monitor-32-pcap-multi-touch-open-frame\/#breadcrumb","itemListElement":[{"@type":"ListItem","position":1,"name":"Tienda","item":"https:\/\/automated-transactions.es\/?page_id=7"},{"@type":"ListItem","position":2,"name":"Monitor 32&#8243; PCAP Multi-Touch Open Frame"}]},{"@type":"WebSite","@id":"https:\/\/automated-transactions.es\/#website","url":"https:\/\/automated-transactions.es\/","name":"Soluciones tecnol\u00f3gicas innovadoras para desarrolladores, fabricantes y operadores de m\u00e1quinas desatendidas.","description":"Tecnolog\u00eda innovadora para m\u00e1quinas de autoservicio","alternateName":"Automated Transactions","potentialAction":[{"@type":"SearchAction","target":{"@type":"EntryPoint","urlTemplate":"https:\/\/automated-transactions.es\/?s={search_term_string}"},"query-input":"required name=search_term_string"}],"inLanguage":"pt-PT"}]}},"_links":{"self":[{"href":"https:\/\/automated-transactions.es\/pt-pt\/wp-json\/wp\/v2\/product\/2433","targetHints":{"allow":["GET"]}}],"collection":[{"href":"https:\/\/automated-transactions.es\/pt-pt\/wp-json\/wp\/v2\/product"}],"about":[{"href":"https:\/\/automated-transactions.es\/pt-pt\/wp-json\/wp\/v2\/types\/product"}],"replies":[{"embeddable":true,"href":"https:\/\/automated-transactions.es\/pt-pt\/wp-json\/wp\/v2\/comments?post=2433"}],"wp:featuredmedia":[{"embeddable":true,"href":"https:\/\/automated-transactions.es\/pt-pt\/wp-json\/wp\/v2\/media\/2341"}],"wp:attachment":[{"href":"https:\/\/automated-transactions.es\/pt-pt\/wp-json\/wp\/v2\/media?parent=2433"}],"wp:term":[{"taxonomy":"product_cat","embeddable":true,"href":"https:\/\/automated-transactions.es\/pt-pt\/wp-json\/wp\/v2\/product_cat?post=2433"},{"taxonomy":"product_tag","embeddable":true,"href":"https:\/\/automated-transactions.es\/pt-pt\/wp-json\/wp\/v2\/product_tag?post=2433"}],"curies":[{"name":"wp","href":"https:\/\/api.w.org\/{rel}","templated":true}]}}