{"id":2125,"date":"2022-01-23T00:21:04","date_gmt":"2022-01-23T00:21:04","guid":{"rendered":"https:\/\/automated-transactions.es\/producto\/pago-con-tarjeta-bancaria\/"},"modified":"2022-03-16T11:57:53","modified_gmt":"2022-03-16T10:57:53","slug":"pagamento-com-cartao-de-credito","status":"publish","type":"product","link":"https:\/\/automated-transactions.es\/pt-pt\/producto\/pagamento-com-cartao-de-credito\/","title":{"rendered":"Pagamento com cart\u00e3o de cr\u00e9dito"},"content":{"rendered":"<div class=\"fusion-fullwidth fullwidth-box fusion-builder-row-1 fusion-flex-container nonhundred-percent-fullwidth non-hundred-percent-height-scrolling\" style=\"background-color: rgba(255,255,255,0);background-position: center center;background-repeat: no-repeat;border-width: 0px 0px 0px 0px;border-color:#e2e2e2;border-style:solid;\" ><div class=\"fusion-builder-row fusion-row fusion-flex-align-items-center\" style=\"max-width:1248px;margin-left: calc(-4% \/ 2 );margin-right: calc(-4% \/ 2 );\"><div class=\"fusion-layout-column fusion_builder_column fusion-builder-column-0 fusion_builder_column_1_2 1_2 fusion-flex-column\"><div class=\"fusion-column-wrapper fusion-flex-justify-content-flex-start fusion-content-layout-column\" style=\"background-position:left top;background-repeat:no-repeat;-webkit-background-size:cover;-moz-background-size:cover;-o-background-size:cover;background-size:cover;padding: 0px 0px 0px 0px;\"><div class=\"fusion-builder-row fusion-builder-row-inner fusion-row fusion-flex-align-items-center\" style=\"width:104% !important;max-width:104% !important;margin-left: calc(-4% \/ 2 );margin-right: calc(-4% \/ 2 );\"><div class=\"fusion-layout-column fusion_builder_column_inner fusion-builder-nested-column-0 fusion_builder_column_inner_1_6 1_6 fusion-flex-column\"><div class=\"fusion-column-wrapper fusion-flex-justify-content-flex-start fusion-content-layout-column\" style=\"background-position:left top;background-repeat:no-repeat;-webkit-background-size:cover;-moz-background-size:cover;-o-background-size:cover;background-size:cover;padding: 0px 0px 0px 0px;\"><div ><span class=\" fusion-imageframe imageframe-none imageframe-1 hover-type-none\" style=\"max-width:55px;\"><img decoding=\"async\" width=\"200\" height=\"200\" src=\"https:\/\/automated-transactions.es\/wp-content\/uploads\/2022\/01\/interface.png\" alt class=\"img-responsive wp-image-1615\" srcset=\"https:\/\/automated-transactions.es\/wp-content\/uploads\/2022\/01\/interface-66x66.png 66w, https:\/\/automated-transactions.es\/wp-content\/uploads\/2022\/01\/interface-150x150.png 150w, https:\/\/automated-transactions.es\/wp-content\/uploads\/2022\/01\/interface.png 200w\" sizes=\"(max-width: 200px) 100vw, 200px\" \/><\/span><\/div><\/div><style type=\"text\/css\">.fusion-body .fusion-builder-nested-column-0{width:16.666666666667% !important;margin-top : -15px;margin-bottom : 20px;}.fusion-builder-nested-column-0 > .fusion-column-wrapper {padding-top : 0px !important;padding-right : 0px !important;margin-right : 11.52%;padding-bottom : 0px !important;padding-left : 0px !important;margin-left : 11.52%;}@media only screen and (max-width:1024px) {.fusion-body .fusion-builder-nested-column-0{width:16.666666666667% !important;order : 0;margin-top : -20px;}.fusion-builder-nested-column-0 > .fusion-column-wrapper {margin-right : 11.52%;margin-left : 11.52%;}}@media only screen and (max-width:640px) {.fusion-body .fusion-builder-nested-column-0{width:20% !important;order : 0;}.fusion-builder-nested-column-0 > .fusion-column-wrapper {margin-right : 10px;margin-left : 9.6%;}}<\/style><\/div><div class=\"fusion-layout-column fusion_builder_column_inner fusion-builder-nested-column-1 fusion_builder_column_inner_5_6 5_6 fusion-flex-column\"><div class=\"fusion-column-wrapper fusion-flex-justify-content-flex-start fusion-content-layout-column\" style=\"background-position:left top;background-repeat:no-repeat;-webkit-background-size:cover;-moz-background-size:cover;-o-background-size:cover;background-size:cover;padding: 0px 0px 0px 0px;\"><div class=\"fusion-text fusion-text-1\"><p><strong>Interface de comunica\u00e7\u00f5es:<\/strong><br \/>\n\u00c9 um elemento desenvolvido pela AV para esta utiliza\u00e7\u00e3o e ser\u00e1 utilizado como caixa de comunica\u00e7\u00f5es e como interface entre o leitor de cart\u00f5es de cr\u00e9dito e a m\u00e1quina.<\/p>\n<\/div><div class=\"fusion-separator fusion-full-width-sep\" style=\"align-self: center;margin-left: auto;margin-right: auto;width:100%;\"><div class=\"fusion-separator-border sep-single sep-solid\" style=\"border-color:#00ace9;border-top-width:1px;\"><\/div><\/div><\/div><style type=\"text\/css\">.fusion-body .fusion-builder-nested-column-1{width:83.333333333333% !important;margin-top : 0px;margin-bottom : 20px;}.fusion-builder-nested-column-1 > .fusion-column-wrapper {padding-top : 0px !important;padding-right : 0px !important;margin-right : 2.304%;padding-bottom : 0px !important;padding-left : 0px !important;margin-left : 0%;}@media only screen and (max-width:1024px) {.fusion-body .fusion-builder-nested-column-1{width:83.333333333333% !important;order : 0;}.fusion-builder-nested-column-1 > .fusion-column-wrapper {margin-right : 2.304%;margin-left : 0%;}}@media only screen and (max-width:640px) {.fusion-body .fusion-builder-nested-column-1{width:80% !important;order : 0;}.fusion-builder-nested-column-1 > .fusion-column-wrapper {margin-right : 2.4%;margin-left : 1.2%;}}<\/style><\/div><\/div><div class=\"fusion-builder-row fusion-builder-row-inner fusion-row fusion-flex-align-items-center\" style=\"width:104% !important;max-width:104% !important;margin-left: calc(-4% \/ 2 );margin-right: calc(-4% \/ 2 );\"><div class=\"fusion-layout-column fusion_builder_column_inner fusion-builder-nested-column-2 fusion_builder_column_inner_1_6 1_6 fusion-flex-column\"><div class=\"fusion-column-wrapper fusion-flex-justify-content-flex-start fusion-content-layout-column\" style=\"background-position:left top;background-repeat:no-repeat;-webkit-background-size:cover;-moz-background-size:cover;-o-background-size:cover;background-size:cover;padding: 0px 0px 0px 0px;\"><div ><span class=\" fusion-imageframe imageframe-none imageframe-2 hover-type-none\" style=\"max-width:55px;\"><img decoding=\"async\" width=\"200\" height=\"200\" src=\"https:\/\/automated-transactions.es\/wp-content\/uploads\/2022\/01\/lector.png\" alt class=\"img-responsive wp-image-1619\" srcset=\"https:\/\/automated-transactions.es\/wp-content\/uploads\/2022\/01\/lector-66x66.png 66w, https:\/\/automated-transactions.es\/wp-content\/uploads\/2022\/01\/lector-150x150.png 150w, https:\/\/automated-transactions.es\/wp-content\/uploads\/2022\/01\/lector.png 200w\" sizes=\"(max-width: 200px) 100vw, 200px\" \/><\/span><\/div><\/div><style type=\"text\/css\">.fusion-body .fusion-builder-nested-column-2{width:16.666666666667% !important;margin-top : -15px;margin-bottom : 20px;}.fusion-builder-nested-column-2 > .fusion-column-wrapper {padding-top : 0px !important;padding-right : 0px !important;margin-right : 11.52%;padding-bottom : 0px !important;padding-left : 0px !important;margin-left : 11.52%;}@media only screen and (max-width:1024px) {.fusion-body .fusion-builder-nested-column-2{width:16.666666666667% !important;order : 0;margin-top : -20px;}.fusion-builder-nested-column-2 > .fusion-column-wrapper {margin-right : 11.52%;margin-left : 11.52%;}}@media only screen and (max-width:640px) {.fusion-body .fusion-builder-nested-column-2{width:20% !important;order : 0;}.fusion-builder-nested-column-2 > .fusion-column-wrapper {margin-right : 10px;margin-left : 9.6%;}}<\/style><\/div><div class=\"fusion-layout-column fusion_builder_column_inner fusion-builder-nested-column-3 fusion_builder_column_inner_5_6 5_6 fusion-flex-column\"><div class=\"fusion-column-wrapper fusion-flex-justify-content-flex-start fusion-content-layout-column\" style=\"background-position:left top;background-repeat:no-repeat;-webkit-background-size:cover;-moz-background-size:cover;-o-background-size:cover;background-size:cover;padding: 0px 0px 0px 0px;\"><div class=\"fusion-text fusion-text-2 bulletblue\"><p><strong>Leitor de cart\u00f5es Ingenico modelo iUC285.<\/strong><\/p>\n<ul>\n<li>Pagamento com cart\u00e3o banc\u00e1rio padr\u00e3o.<\/li>\n<li>Banda magn\u00e9tica, Chip EMV e Contactless.<\/li>\n<li>Dispositivos m\u00f3veis NFC e aplica\u00e7\u00f5es banc\u00e1rias m\u00f3veis.<\/li>\n<\/ul>\n<\/div><div class=\"fusion-separator fusion-full-width-sep\" style=\"align-self: center;margin-left: auto;margin-right: auto;width:100%;\"><div class=\"fusion-separator-border sep-single sep-solid\" style=\"border-color:#00ace9;border-top-width:1px;\"><\/div><\/div><\/div><style type=\"text\/css\">.fusion-body .fusion-builder-nested-column-3{width:83.333333333333% !important;margin-top : 0px;margin-bottom : 20px;}.fusion-builder-nested-column-3 > .fusion-column-wrapper {padding-top : 0px !important;padding-right : 0px !important;margin-right : 2.304%;padding-bottom : 0px !important;padding-left : 0px !important;margin-left : 0%;}@media only screen and (max-width:1024px) {.fusion-body .fusion-builder-nested-column-3{width:83.333333333333% !important;order : 0;}.fusion-builder-nested-column-3 > .fusion-column-wrapper {margin-right : 2.304%;margin-left : 0%;}}@media only screen and (max-width:640px) {.fusion-body .fusion-builder-nested-column-3{width:80% !important;order : 0;}.fusion-builder-nested-column-3 > .fusion-column-wrapper {margin-right : 2.4%;margin-left : 1.2%;}}<\/style><\/div><\/div><\/div><style type=\"text\/css\">.fusion-body .fusion-builder-column-0{width:50% !important;margin-top : 0px;margin-bottom : 0px;}.fusion-builder-column-0 > .fusion-column-wrapper {padding-top : 0px !important;padding-right : 0px !important;margin-right : 3.84%;padding-bottom : 0px !important;padding-left : 0px !important;margin-left : 0%;}@media only screen and (max-width:1024px) {.fusion-body .fusion-builder-column-0{width:60% !important;order : 0;}.fusion-builder-column-0 > .fusion-column-wrapper {margin-right : 3.2%;margin-left : 0%;}}@media only screen and (max-width:640px) {.fusion-body .fusion-builder-column-0{width:100% !important;order : 0;}.fusion-builder-column-0 > .fusion-column-wrapper {margin-right : 1.92%;margin-left : 1.92%;}}<\/style><\/div><\/div><style type=\"text\/css\">.fusion-body .fusion-flex-container.fusion-builder-row-1{ padding-top : 0px;margin-top : 0px;padding-right : 0px;padding-bottom : 0px;margin-bottom : 0px;padding-left : 0px;}@media only screen and (max-width:640px) {.fusion-body .fusion-flex-container.fusion-builder-row-1{ padding-right : 0px;padding-left : 0px;}}<\/style><\/div>\n","protected":false},"excerpt":{"rendered":"<h5>Facilita as compras, aumenta as suas vendas e diminui a gest\u00e3o do dinheiro.<\/h5>\n<ul>\n<li>F\u00e1cil instala\u00e7\u00e3o, s\u00f3 tem de ligar o nosso sistema \u00e0 m\u00e1quina por MDB, ou pendur\u00e1-lo no perif\u00e9rico MDB do seu moedeiro, e ficar\u00e1 100% operativo.<\/li>\n<li>No caso das m\u00e1quinas que funcionam com validador, s\u00f3 ter\u00e1 de substituir o seu validador atual pelo nosso sistema.<\/li>\n<li>Poder\u00e1 pagar com todas as op\u00e7\u00f5es dispon\u00edveis, banda magn\u00e9tica, chip, contactless e smartphones com NFC.<\/li>\n<li>Os nossos sistemas est\u00e3o certificados pela Redsys, pelo que poder\u00e1 trabalhar com o seu balc\u00e3o banc\u00e1rio de confian\u00e7a e negociar todos os detalhes com eles, sem intermedi\u00e1rios.<\/li>\n<\/ul>\n","protected":false},"featured_media":1648,"comment_status":"open","ping_status":"closed","template":"","meta":{"content-type":""},"product_cat":[135],"product_tag":[104],"class_list":["post-2125","product","type-product","status-publish","has-post-thumbnail","hentry","product_cat-pagamento-com-cartao-bancario","product_tag-manejo-sin-efectivo-pt-pt"],"yoast_head":"<!-- This site is optimized with the Yoast SEO plugin v23.0 - https:\/\/yoast.com\/wordpress\/plugins\/seo\/ -->\n<title>Pagamento com cart\u00e3o de cr\u00e9dito - Automated Transactions<\/title>\n<meta name=\"robots\" content=\"index, follow, max-snippet:-1, max-image-preview:large, max-video-preview:-1\" \/>\n<link rel=\"canonical\" href=\"https:\/\/automated-transactions.es\/pt-pt\/producto\/pagamento-com-cartao-de-credito\/\" \/>\n<meta property=\"og:locale\" content=\"pt_PT\" \/>\n<meta property=\"og:type\" content=\"article\" \/>\n<meta property=\"og:title\" content=\"Pagamento com cart\u00e3o de cr\u00e9dito - Automated Transactions\" \/>\n<meta property=\"og:description\" content=\"Facilita as compras, aumenta as suas vendas e diminui a gest\u00e3o do dinheiro.   F\u00e1cil instala\u00e7\u00e3o, s\u00f3 tem de ligar o nosso sistema \u00e0 m\u00e1quina por MDB, ou pendur\u00e1-lo no perif\u00e9rico MDB do seu moedeiro, e ficar\u00e1 100% operativo.  No caso das m\u00e1quinas que funcionam com validador, s\u00f3 ter\u00e1 de substituir o seu validador atual pelo nosso sistema.  Poder\u00e1 pagar com todas as op\u00e7\u00f5es dispon\u00edveis, banda magn\u00e9tica, chip, contactless e smartphones com NFC.  Os nossos sistemas est\u00e3o certificados pela Redsys, pelo que poder\u00e1 trabalhar com o seu balc\u00e3o banc\u00e1rio de confian\u00e7a e negociar todos os detalhes com eles, sem intermedi\u00e1rios.\" \/>\n<meta property=\"og:url\" content=\"https:\/\/automated-transactions.es\/pt-pt\/producto\/pagamento-com-cartao-de-credito\/\" \/>\n<meta property=\"og:site_name\" content=\"Automated Transactions\" \/>\n<meta property=\"article:modified_time\" content=\"2022-03-16T10:57:53+00:00\" \/>\n<meta property=\"og:image\" content=\"https:\/\/automated-transactions.es\/wp-content\/uploads\/2022\/01\/av1300.jpg\" \/>\n\t<meta property=\"og:image:width\" content=\"1000\" \/>\n\t<meta property=\"og:image:height\" content=\"1100\" \/>\n\t<meta property=\"og:image:type\" content=\"image\/jpeg\" \/>\n<meta name=\"twitter:card\" content=\"summary_large_image\" \/>\n<meta name=\"twitter:label1\" content=\"Tempo estimado de leitura\" \/>\n\t<meta name=\"twitter:data1\" content=\"3 minutos\" \/>\n<script type=\"application\/ld+json\" class=\"yoast-schema-graph\">{\"@context\":\"https:\/\/schema.org\",\"@graph\":[{\"@type\":\"WebPage\",\"@id\":\"https:\/\/automated-transactions.es\/pt-pt\/producto\/pagamento-com-cartao-de-credito\/\",\"url\":\"https:\/\/automated-transactions.es\/pt-pt\/producto\/pagamento-com-cartao-de-credito\/\",\"name\":\"Pagamento com cart\u00e3o de cr\u00e9dito - Automated Transactions\",\"isPartOf\":{\"@id\":\"https:\/\/automated-transactions.es\/#website\"},\"primaryImageOfPage\":{\"@id\":\"https:\/\/automated-transactions.es\/pt-pt\/producto\/pagamento-com-cartao-de-credito\/#primaryimage\"},\"image\":{\"@id\":\"https:\/\/automated-transactions.es\/pt-pt\/producto\/pagamento-com-cartao-de-credito\/#primaryimage\"},\"thumbnailUrl\":\"https:\/\/automated-transactions.es\/wp-content\/uploads\/2022\/01\/av1300.jpg\",\"datePublished\":\"2022-01-23T00:21:04+00:00\",\"dateModified\":\"2022-03-16T10:57:53+00:00\",\"breadcrumb\":{\"@id\":\"https:\/\/automated-transactions.es\/pt-pt\/producto\/pagamento-com-cartao-de-credito\/#breadcrumb\"},\"inLanguage\":\"pt-PT\",\"potentialAction\":[{\"@type\":\"ReadAction\",\"target\":[\"https:\/\/automated-transactions.es\/pt-pt\/producto\/pagamento-com-cartao-de-credito\/\"]}]},{\"@type\":\"ImageObject\",\"inLanguage\":\"pt-PT\",\"@id\":\"https:\/\/automated-transactions.es\/pt-pt\/producto\/pagamento-com-cartao-de-credito\/#primaryimage\",\"url\":\"https:\/\/automated-transactions.es\/wp-content\/uploads\/2022\/01\/av1300.jpg\",\"contentUrl\":\"https:\/\/automated-transactions.es\/wp-content\/uploads\/2022\/01\/av1300.jpg\",\"width\":1000,\"height\":1100},{\"@type\":\"BreadcrumbList\",\"@id\":\"https:\/\/automated-transactions.es\/pt-pt\/producto\/pagamento-com-cartao-de-credito\/#breadcrumb\",\"itemListElement\":[{\"@type\":\"ListItem\",\"position\":1,\"name\":\"Tienda\",\"item\":\"https:\/\/automated-transactions.es\/?page_id=7\"},{\"@type\":\"ListItem\",\"position\":2,\"name\":\"Pagamento com cart\u00e3o de cr\u00e9dito\"}]},{\"@type\":\"WebSite\",\"@id\":\"https:\/\/automated-transactions.es\/#website\",\"url\":\"https:\/\/automated-transactions.es\/\",\"name\":\"Soluciones tecnol\u00f3gicas innovadoras para desarrolladores, fabricantes y operadores de m\u00e1quinas desatendidas.\",\"description\":\"Tecnolog\u00eda innovadora para m\u00e1quinas de autoservicio\",\"alternateName\":\"Automated Transactions\",\"potentialAction\":[{\"@type\":\"SearchAction\",\"target\":{\"@type\":\"EntryPoint\",\"urlTemplate\":\"https:\/\/automated-transactions.es\/?s={search_term_string}\"},\"query-input\":\"required name=search_term_string\"}],\"inLanguage\":\"pt-PT\"}]}<\/script>\n<!-- \/ Yoast SEO plugin. -->","yoast_head_json":{"title":"Pagamento com cart\u00e3o de cr\u00e9dito - Automated Transactions","robots":{"index":"index","follow":"follow","max-snippet":"max-snippet:-1","max-image-preview":"max-image-preview:large","max-video-preview":"max-video-preview:-1"},"canonical":"https:\/\/automated-transactions.es\/pt-pt\/producto\/pagamento-com-cartao-de-credito\/","og_locale":"pt_PT","og_type":"article","og_title":"Pagamento com cart\u00e3o de cr\u00e9dito - Automated Transactions","og_description":"Facilita as compras, aumenta as suas vendas e diminui a gest\u00e3o do dinheiro.   F\u00e1cil instala\u00e7\u00e3o, s\u00f3 tem de ligar o nosso sistema \u00e0 m\u00e1quina por MDB, ou pendur\u00e1-lo no perif\u00e9rico MDB do seu moedeiro, e ficar\u00e1 100% operativo.  No caso das m\u00e1quinas que funcionam com validador, s\u00f3 ter\u00e1 de substituir o seu validador atual pelo nosso sistema.  Poder\u00e1 pagar com todas as op\u00e7\u00f5es dispon\u00edveis, banda magn\u00e9tica, chip, contactless e smartphones com NFC.  Os nossos sistemas est\u00e3o certificados pela Redsys, pelo que poder\u00e1 trabalhar com o seu balc\u00e3o banc\u00e1rio de confian\u00e7a e negociar todos os detalhes com eles, sem intermedi\u00e1rios.","og_url":"https:\/\/automated-transactions.es\/pt-pt\/producto\/pagamento-com-cartao-de-credito\/","og_site_name":"Automated Transactions","article_modified_time":"2022-03-16T10:57:53+00:00","og_image":[{"width":1000,"height":1100,"url":"https:\/\/automated-transactions.es\/wp-content\/uploads\/2022\/01\/av1300.jpg","type":"image\/jpeg"}],"twitter_card":"summary_large_image","twitter_misc":{"Tempo estimado de leitura":"3 minutos"},"schema":{"@context":"https:\/\/schema.org","@graph":[{"@type":"WebPage","@id":"https:\/\/automated-transactions.es\/pt-pt\/producto\/pagamento-com-cartao-de-credito\/","url":"https:\/\/automated-transactions.es\/pt-pt\/producto\/pagamento-com-cartao-de-credito\/","name":"Pagamento com cart\u00e3o de cr\u00e9dito - Automated Transactions","isPartOf":{"@id":"https:\/\/automated-transactions.es\/#website"},"primaryImageOfPage":{"@id":"https:\/\/automated-transactions.es\/pt-pt\/producto\/pagamento-com-cartao-de-credito\/#primaryimage"},"image":{"@id":"https:\/\/automated-transactions.es\/pt-pt\/producto\/pagamento-com-cartao-de-credito\/#primaryimage"},"thumbnailUrl":"https:\/\/automated-transactions.es\/wp-content\/uploads\/2022\/01\/av1300.jpg","datePublished":"2022-01-23T00:21:04+00:00","dateModified":"2022-03-16T10:57:53+00:00","breadcrumb":{"@id":"https:\/\/automated-transactions.es\/pt-pt\/producto\/pagamento-com-cartao-de-credito\/#breadcrumb"},"inLanguage":"pt-PT","potentialAction":[{"@type":"ReadAction","target":["https:\/\/automated-transactions.es\/pt-pt\/producto\/pagamento-com-cartao-de-credito\/"]}]},{"@type":"ImageObject","inLanguage":"pt-PT","@id":"https:\/\/automated-transactions.es\/pt-pt\/producto\/pagamento-com-cartao-de-credito\/#primaryimage","url":"https:\/\/automated-transactions.es\/wp-content\/uploads\/2022\/01\/av1300.jpg","contentUrl":"https:\/\/automated-transactions.es\/wp-content\/uploads\/2022\/01\/av1300.jpg","width":1000,"height":1100},{"@type":"BreadcrumbList","@id":"https:\/\/automated-transactions.es\/pt-pt\/producto\/pagamento-com-cartao-de-credito\/#breadcrumb","itemListElement":[{"@type":"ListItem","position":1,"name":"Tienda","item":"https:\/\/automated-transactions.es\/?page_id=7"},{"@type":"ListItem","position":2,"name":"Pagamento com cart\u00e3o de cr\u00e9dito"}]},{"@type":"WebSite","@id":"https:\/\/automated-transactions.es\/#website","url":"https:\/\/automated-transactions.es\/","name":"Soluciones tecnol\u00f3gicas innovadoras para desarrolladores, fabricantes y operadores de m\u00e1quinas desatendidas.","description":"Tecnolog\u00eda innovadora para m\u00e1quinas de autoservicio","alternateName":"Automated Transactions","potentialAction":[{"@type":"SearchAction","target":{"@type":"EntryPoint","urlTemplate":"https:\/\/automated-transactions.es\/?s={search_term_string}"},"query-input":"required name=search_term_string"}],"inLanguage":"pt-PT"}]}},"_links":{"self":[{"href":"https:\/\/automated-transactions.es\/pt-pt\/wp-json\/wp\/v2\/product\/2125","targetHints":{"allow":["GET"]}}],"collection":[{"href":"https:\/\/automated-transactions.es\/pt-pt\/wp-json\/wp\/v2\/product"}],"about":[{"href":"https:\/\/automated-transactions.es\/pt-pt\/wp-json\/wp\/v2\/types\/product"}],"replies":[{"embeddable":true,"href":"https:\/\/automated-transactions.es\/pt-pt\/wp-json\/wp\/v2\/comments?post=2125"}],"wp:featuredmedia":[{"embeddable":true,"href":"https:\/\/automated-transactions.es\/pt-pt\/wp-json\/wp\/v2\/media\/1648"}],"wp:attachment":[{"href":"https:\/\/automated-transactions.es\/pt-pt\/wp-json\/wp\/v2\/media?parent=2125"}],"wp:term":[{"taxonomy":"product_cat","embeddable":true,"href":"https:\/\/automated-transactions.es\/pt-pt\/wp-json\/wp\/v2\/product_cat?post=2125"},{"taxonomy":"product_tag","embeddable":true,"href":"https:\/\/automated-transactions.es\/pt-pt\/wp-json\/wp\/v2\/product_tag?post=2125"}],"curies":[{"name":"wp","href":"https:\/\/api.w.org\/{rel}","templated":true}]}}