{"id":2051,"date":"2021-12-22T21:22:59","date_gmt":"2021-12-22T21:22:59","guid":{"rendered":"https:\/\/automated-transactions.es\/producto\/hopper-u3\/"},"modified":"2022-03-14T23:46:15","modified_gmt":"2022-03-14T22:46:15","slug":"hopper-u3","status":"publish","type":"product","link":"https:\/\/automated-transactions.es\/pt-pt\/producto\/hopper-u3\/","title":{"rendered":"Hopper U3"},"content":{"rendered":"","protected":false},"excerpt":{"rendered":"<h5>Fiabilidade, precis\u00e3o, seguran\u00e7a e rapidez de pagamento em todos os modelos, mais a versatilidade para criar m\u00faltiplas configura\u00e7\u00f5es em fun\u00e7\u00e3o das capacidades requeridas.<\/h5>\n<h5>Os Hoppers da Azkoyen Payment Technologies destacam-se pela sua fiabilidade, velocidade de pagamento e precis\u00e3o na contagem de moedas.<\/h5>\n<ul>\n<li>M\u00faltiplas possibilidades: pagamento por setor lateral, quatro novas tremonhas de diferente capacidade, configura\u00e7\u00e3o em cascata, possibilidade de suplementos para maior capacidade, sa\u00edda ou balan\u00e7a eletr\u00f3nica.<\/li>\n<li>Duplo sensor de controlo de sa\u00edda de moedas para m\u00e1xima seguran\u00e7a e sistema de bloqueio de disco e novo cart\u00e3o eletr\u00f3nico que representa maior seguran\u00e7a.<\/li>\n<li>Protocolos: ccTalk e MDB. Vers\u00f5es com encripta\u00e7\u00e3o.<\/li>\n<li>Aplica\u00e7\u00f5es recomendadas: Gaming, Quiosques, M\u00e1quinas de Troco, Estacionamento, Transporte e Retail.<\/li>\n<\/ul>\n","protected":false},"featured_media":1448,"comment_status":"open","ping_status":"closed","template":"","meta":{"content-type":""},"product_cat":[130],"product_tag":[],"class_list":["post-2051","product","type-product","status-publish","has-post-thumbnail","hentry","product_cat-hoppers"],"yoast_head":"<!-- This site is optimized with the Yoast SEO plugin v23.0 - https:\/\/yoast.com\/wordpress\/plugins\/seo\/ -->\n<title>Hopper U3 - Automated Transactions<\/title>\n<meta name=\"robots\" content=\"index, follow, max-snippet:-1, max-image-preview:large, max-video-preview:-1\" \/>\n<link rel=\"canonical\" href=\"https:\/\/automated-transactions.es\/pt-pt\/producto\/hopper-u3\/\" \/>\n<meta property=\"og:locale\" content=\"pt_PT\" \/>\n<meta property=\"og:type\" content=\"article\" \/>\n<meta property=\"og:title\" content=\"Hopper U3 - Automated Transactions\" \/>\n<meta property=\"og:description\" content=\"Fiabilidade, precis\u00e3o, seguran\u00e7a e rapidez de pagamento em todos os modelos, mais a versatilidade para criar m\u00faltiplas configura\u00e7\u00f5es em fun\u00e7\u00e3o das capacidades requeridas. Os Hoppers da Azkoyen Payment Technologies destacam-se pela sua fiabilidade, velocidade de pagamento e precis\u00e3o na contagem de moedas.   M\u00faltiplas possibilidades: pagamento por setor lateral, quatro novas tremonhas de diferente capacidade, configura\u00e7\u00e3o em cascata, possibilidade de suplementos para maior capacidade, sa\u00edda ou balan\u00e7a eletr\u00f3nica.  Duplo sensor de controlo de sa\u00edda de moedas para m\u00e1xima seguran\u00e7a e sistema de bloqueio de disco e novo cart\u00e3o eletr\u00f3nico que representa maior seguran\u00e7a.  Protocolos: ccTalk e MDB. Vers\u00f5es com encripta\u00e7\u00e3o.  Aplica\u00e7\u00f5es recomendadas: Gaming, Quiosques, M\u00e1quinas de Troco, Estacionamento, Transporte e Retail.\" \/>\n<meta property=\"og:url\" content=\"https:\/\/automated-transactions.es\/pt-pt\/producto\/hopper-u3\/\" \/>\n<meta property=\"og:site_name\" content=\"Automated Transactions\" \/>\n<meta property=\"article:modified_time\" content=\"2022-03-14T22:46:15+00:00\" \/>\n<meta property=\"og:image\" content=\"https:\/\/automated-transactions.es\/wp-content\/uploads\/2021\/12\/u3.jpg\" \/>\n\t<meta property=\"og:image:width\" content=\"1000\" \/>\n\t<meta property=\"og:image:height\" content=\"1100\" \/>\n\t<meta property=\"og:image:type\" content=\"image\/jpeg\" \/>\n<meta name=\"twitter:card\" content=\"summary_large_image\" \/>\n<script type=\"application\/ld+json\" class=\"yoast-schema-graph\">{\"@context\":\"https:\/\/schema.org\",\"@graph\":[{\"@type\":\"WebPage\",\"@id\":\"https:\/\/automated-transactions.es\/pt-pt\/producto\/hopper-u3\/\",\"url\":\"https:\/\/automated-transactions.es\/pt-pt\/producto\/hopper-u3\/\",\"name\":\"Hopper U3 - Automated Transactions\",\"isPartOf\":{\"@id\":\"https:\/\/automated-transactions.es\/#website\"},\"primaryImageOfPage\":{\"@id\":\"https:\/\/automated-transactions.es\/pt-pt\/producto\/hopper-u3\/#primaryimage\"},\"image\":{\"@id\":\"https:\/\/automated-transactions.es\/pt-pt\/producto\/hopper-u3\/#primaryimage\"},\"thumbnailUrl\":\"https:\/\/automated-transactions.es\/wp-content\/uploads\/2021\/12\/u3.jpg\",\"datePublished\":\"2021-12-22T21:22:59+00:00\",\"dateModified\":\"2022-03-14T22:46:15+00:00\",\"breadcrumb\":{\"@id\":\"https:\/\/automated-transactions.es\/pt-pt\/producto\/hopper-u3\/#breadcrumb\"},\"inLanguage\":\"pt-PT\",\"potentialAction\":[{\"@type\":\"ReadAction\",\"target\":[\"https:\/\/automated-transactions.es\/pt-pt\/producto\/hopper-u3\/\"]}]},{\"@type\":\"ImageObject\",\"inLanguage\":\"pt-PT\",\"@id\":\"https:\/\/automated-transactions.es\/pt-pt\/producto\/hopper-u3\/#primaryimage\",\"url\":\"https:\/\/automated-transactions.es\/wp-content\/uploads\/2021\/12\/u3.jpg\",\"contentUrl\":\"https:\/\/automated-transactions.es\/wp-content\/uploads\/2021\/12\/u3.jpg\",\"width\":1000,\"height\":1100},{\"@type\":\"BreadcrumbList\",\"@id\":\"https:\/\/automated-transactions.es\/pt-pt\/producto\/hopper-u3\/#breadcrumb\",\"itemListElement\":[{\"@type\":\"ListItem\",\"position\":1,\"name\":\"Tienda\",\"item\":\"https:\/\/automated-transactions.es\/?page_id=7\"},{\"@type\":\"ListItem\",\"position\":2,\"name\":\"Hopper U3\"}]},{\"@type\":\"WebSite\",\"@id\":\"https:\/\/automated-transactions.es\/#website\",\"url\":\"https:\/\/automated-transactions.es\/\",\"name\":\"Soluciones tecnol\u00f3gicas innovadoras para desarrolladores, fabricantes y operadores de m\u00e1quinas desatendidas.\",\"description\":\"Tecnolog\u00eda innovadora para m\u00e1quinas de autoservicio\",\"alternateName\":\"Automated Transactions\",\"potentialAction\":[{\"@type\":\"SearchAction\",\"target\":{\"@type\":\"EntryPoint\",\"urlTemplate\":\"https:\/\/automated-transactions.es\/?s={search_term_string}\"},\"query-input\":\"required name=search_term_string\"}],\"inLanguage\":\"pt-PT\"}]}<\/script>\n<!-- \/ Yoast SEO plugin. -->","yoast_head_json":{"title":"Hopper U3 - Automated Transactions","robots":{"index":"index","follow":"follow","max-snippet":"max-snippet:-1","max-image-preview":"max-image-preview:large","max-video-preview":"max-video-preview:-1"},"canonical":"https:\/\/automated-transactions.es\/pt-pt\/producto\/hopper-u3\/","og_locale":"pt_PT","og_type":"article","og_title":"Hopper U3 - Automated Transactions","og_description":"Fiabilidade, precis\u00e3o, seguran\u00e7a e rapidez de pagamento em todos os modelos, mais a versatilidade para criar m\u00faltiplas configura\u00e7\u00f5es em fun\u00e7\u00e3o das capacidades requeridas. Os Hoppers da Azkoyen Payment Technologies destacam-se pela sua fiabilidade, velocidade de pagamento e precis\u00e3o na contagem de moedas.   M\u00faltiplas possibilidades: pagamento por setor lateral, quatro novas tremonhas de diferente capacidade, configura\u00e7\u00e3o em cascata, possibilidade de suplementos para maior capacidade, sa\u00edda ou balan\u00e7a eletr\u00f3nica.  Duplo sensor de controlo de sa\u00edda de moedas para m\u00e1xima seguran\u00e7a e sistema de bloqueio de disco e novo cart\u00e3o eletr\u00f3nico que representa maior seguran\u00e7a.  Protocolos: ccTalk e MDB. Vers\u00f5es com encripta\u00e7\u00e3o.  Aplica\u00e7\u00f5es recomendadas: Gaming, Quiosques, M\u00e1quinas de Troco, Estacionamento, Transporte e Retail.","og_url":"https:\/\/automated-transactions.es\/pt-pt\/producto\/hopper-u3\/","og_site_name":"Automated Transactions","article_modified_time":"2022-03-14T22:46:15+00:00","og_image":[{"width":1000,"height":1100,"url":"https:\/\/automated-transactions.es\/wp-content\/uploads\/2021\/12\/u3.jpg","type":"image\/jpeg"}],"twitter_card":"summary_large_image","schema":{"@context":"https:\/\/schema.org","@graph":[{"@type":"WebPage","@id":"https:\/\/automated-transactions.es\/pt-pt\/producto\/hopper-u3\/","url":"https:\/\/automated-transactions.es\/pt-pt\/producto\/hopper-u3\/","name":"Hopper U3 - Automated Transactions","isPartOf":{"@id":"https:\/\/automated-transactions.es\/#website"},"primaryImageOfPage":{"@id":"https:\/\/automated-transactions.es\/pt-pt\/producto\/hopper-u3\/#primaryimage"},"image":{"@id":"https:\/\/automated-transactions.es\/pt-pt\/producto\/hopper-u3\/#primaryimage"},"thumbnailUrl":"https:\/\/automated-transactions.es\/wp-content\/uploads\/2021\/12\/u3.jpg","datePublished":"2021-12-22T21:22:59+00:00","dateModified":"2022-03-14T22:46:15+00:00","breadcrumb":{"@id":"https:\/\/automated-transactions.es\/pt-pt\/producto\/hopper-u3\/#breadcrumb"},"inLanguage":"pt-PT","potentialAction":[{"@type":"ReadAction","target":["https:\/\/automated-transactions.es\/pt-pt\/producto\/hopper-u3\/"]}]},{"@type":"ImageObject","inLanguage":"pt-PT","@id":"https:\/\/automated-transactions.es\/pt-pt\/producto\/hopper-u3\/#primaryimage","url":"https:\/\/automated-transactions.es\/wp-content\/uploads\/2021\/12\/u3.jpg","contentUrl":"https:\/\/automated-transactions.es\/wp-content\/uploads\/2021\/12\/u3.jpg","width":1000,"height":1100},{"@type":"BreadcrumbList","@id":"https:\/\/automated-transactions.es\/pt-pt\/producto\/hopper-u3\/#breadcrumb","itemListElement":[{"@type":"ListItem","position":1,"name":"Tienda","item":"https:\/\/automated-transactions.es\/?page_id=7"},{"@type":"ListItem","position":2,"name":"Hopper U3"}]},{"@type":"WebSite","@id":"https:\/\/automated-transactions.es\/#website","url":"https:\/\/automated-transactions.es\/","name":"Soluciones tecnol\u00f3gicas innovadoras para desarrolladores, fabricantes y operadores de m\u00e1quinas desatendidas.","description":"Tecnolog\u00eda innovadora para m\u00e1quinas de autoservicio","alternateName":"Automated Transactions","potentialAction":[{"@type":"SearchAction","target":{"@type":"EntryPoint","urlTemplate":"https:\/\/automated-transactions.es\/?s={search_term_string}"},"query-input":"required name=search_term_string"}],"inLanguage":"pt-PT"}]}},"_links":{"self":[{"href":"https:\/\/automated-transactions.es\/pt-pt\/wp-json\/wp\/v2\/product\/2051","targetHints":{"allow":["GET"]}}],"collection":[{"href":"https:\/\/automated-transactions.es\/pt-pt\/wp-json\/wp\/v2\/product"}],"about":[{"href":"https:\/\/automated-transactions.es\/pt-pt\/wp-json\/wp\/v2\/types\/product"}],"replies":[{"embeddable":true,"href":"https:\/\/automated-transactions.es\/pt-pt\/wp-json\/wp\/v2\/comments?post=2051"}],"wp:featuredmedia":[{"embeddable":true,"href":"https:\/\/automated-transactions.es\/pt-pt\/wp-json\/wp\/v2\/media\/1448"}],"wp:attachment":[{"href":"https:\/\/automated-transactions.es\/pt-pt\/wp-json\/wp\/v2\/media?parent=2051"}],"wp:term":[{"taxonomy":"product_cat","embeddable":true,"href":"https:\/\/automated-transactions.es\/pt-pt\/wp-json\/wp\/v2\/product_cat?post=2051"},{"taxonomy":"product_tag","embeddable":true,"href":"https:\/\/automated-transactions.es\/pt-pt\/wp-json\/wp\/v2\/product_tag?post=2051"}],"curies":[{"name":"wp","href":"https:\/\/api.w.org\/{rel}","templated":true}]}}