{"id":1884,"date":"2022-01-22T22:45:26","date_gmt":"2022-01-22T22:45:26","guid":{"rendered":"https:\/\/automated-transactions.es\/producto\/modulo-inteligente-sc200\/"},"modified":"2022-03-10T23:48:30","modified_gmt":"2022-03-10T22:48:30","slug":"modulo-inteligente-sc200","status":"publish","type":"product","link":"https:\/\/automated-transactions.es\/pt-pt\/producto\/modulo-inteligente-sc200\/","title":{"rendered":"M\u00f3dulo inteligente SC200"},"content":{"rendered":"<div class=\"fusion-fullwidth fullwidth-box fusion-builder-row-1 fusion-flex-container nonhundred-percent-fullwidth non-hundred-percent-height-scrolling\" style=\"background-color: rgba(255,255,255,0);background-position: center center;background-repeat: no-repeat;border-width: 0px 0px 0px 0px;border-color:#e2e2e2;border-style:solid;\" ><div class=\"fusion-builder-row fusion-row fusion-flex-align-items-flex-start\" style=\"max-width:1248px;margin-left: calc(-4% \/ 2 );margin-right: calc(-4% \/ 2 );\"><div class=\"fusion-layout-column fusion_builder_column fusion-builder-column-0 fusion_builder_column_1_1 1_1 fusion-flex-column\"><div class=\"fusion-column-wrapper fusion-flex-justify-content-flex-start fusion-content-layout-column\" style=\"background-position:left top;background-repeat:no-repeat;-webkit-background-size:cover;-moz-background-size:cover;-o-background-size:cover;background-size:cover;padding: 0px 0px 0px 0px;\">\n<div class=\"table-1\">\n<table width=\"100%\">\n<thead>\n<tr>\n<th align=\"center\">CARACTER\u00cdSTICA<\/th>\n<th align=\"center\">ESPECIFICA\u00c7\u00c3O<\/th>\n<\/tr>\n<\/thead>\n<tbody>\n<tr>\n<td style=\"text-align: center;\" align=\"left\">Interfaz Host<\/td>\n<td style=\"text-align: center;\" align=\"left\">USB 2.0 \/ 1.1 alimentado por bus<\/td>\n<\/tr>\n<tr>\n<td style=\"text-align: center;\" align=\"left\">Entradas digitais<\/td>\n<td style=\"text-align: center;\" align=\"left\">16 bits TTL, ESD protected<\/td>\n<\/tr>\n<tr>\n<td style=\"text-align: center;\" align=\"left\">Sa\u00eddas digitais<\/td>\n<td style=\"text-align: center;\" align=\"left\">16 bits TTL, ESD protected<\/td>\n<\/tr>\n<tr>\n<td style=\"text-align: center;\" align=\"left\">I2C<\/td>\n<td style=\"text-align: center;\" align=\"left\">Si (400 KHz max)<\/td>\n<\/tr>\n<tr>\n<td style=\"text-align: center;\" align=\"left\">CAN<\/td>\n<td style=\"text-align: center;\" align=\"left\">Si (V2.0B)<\/td>\n<\/tr>\n<tr>\n<td style=\"text-align: center;\" align=\"left\">SPI<\/td>\n<td style=\"text-align: center;\" align=\"left\">Si (+2 chip selects)<\/td>\n<\/tr>\n<tr>\n<td style=\"text-align: center;\" align=\"left\">1 wire<\/td>\n<td style=\"text-align: center;\" align=\"left\">Sim<\/td>\n<\/tr>\n<tr>\n<td style=\"text-align: center;\" align=\"left\">Interfaces:<\/td>\n<td style=\"text-align: center;\" align=\"left\">1 x TX\/RX\/CTS\/RTS RS232\/TTL<br \/>\n1 x TX\/RX RS232\/RS485<br \/>\n1 x RS232\/CCTalk<br \/>\n1 x RS232\/MDB<br \/>\n1 Bus x MDB Master \/ Slave<br \/>\n1 Bus x CCTalk<\/td>\n<\/tr>\n<tr>\n<td style=\"text-align: center;\" align=\"left\">9 bit support<\/td>\n<td style=\"text-align: center;\" align=\"left\">Sim<\/td>\n<\/tr>\n<tr>\n<td style=\"text-align: center;\" align=\"left\">EE memory<\/td>\n<td style=\"text-align: center;\" align=\"left\">16kbits<\/td>\n<\/tr>\n<tr>\n<td style=\"text-align: center;\" align=\"left\">CPU \/ APU \/ SOCK<\/td>\n<td style=\"text-align: center;\" align=\"left\">i.MX6 Dual Core Lite<\/td>\n<\/tr>\n<tr>\n<td style=\"text-align: center;\" align=\"left\">CPU Core Speed<\/td>\n<td style=\"text-align: center;\" align=\"left\">1.0 Ghz<\/td>\n<\/tr>\n<tr>\n<td style=\"text-align: center;\" align=\"left\">eMMc onboard<\/td>\n<td style=\"text-align: center;\" align=\"left\">2GB<\/td>\n<\/tr>\n<tr>\n<td style=\"text-align: center;\" align=\"left\">Display 1<\/td>\n<td style=\"text-align: center;\" align=\"left\">HDMI (1080p)<\/td>\n<\/tr>\n<tr>\n<td style=\"text-align: center;\" align=\"left\">mPCle expans\u00e3o<\/td>\n<td style=\"text-align: center;\" align=\"left\">Full size USB<\/td>\n<\/tr>\n<tr>\n<td style=\"text-align: center;\" align=\"left\">LAN1<\/td>\n<td style=\"text-align: center;\" align=\"left\">GbE<\/td>\n<\/tr>\n<tr>\n<td style=\"text-align: center;\" align=\"left\">LAN2<\/td>\n<td style=\"text-align: center;\" align=\"left\">10\/100<\/td>\n<\/tr>\n<tr>\n<td style=\"text-align: center;\" align=\"left\">mPCle<\/td>\n<td style=\"text-align: center;\" align=\"left\">X1 +USB<\/td>\n<\/tr>\n<tr>\n<td style=\"text-align: center;\" align=\"left\">SD Card<\/td>\n<td style=\"text-align: center;\" align=\"left\">Micro SD Card<\/td>\n<\/tr>\n<tr>\n<td style=\"text-align: center;\" align=\"left\">USB 2.0<\/td>\n<td style=\"text-align: center;\" align=\"left\">4 ports<\/td>\n<\/tr>\n<tr>\n<td style=\"text-align: center;\" align=\"left\">O\/S + Middleware<\/td>\n<td style=\"text-align: center;\" align=\"left\">Linux integrado + iSocket<\/td>\n<\/tr>\n<tr>\n<td style=\"text-align: center;\" align=\"left\">WiFi\/BLE option<\/td>\n<td style=\"text-align: center;\" align=\"left\">Via mPCIe module<\/td>\n<\/tr>\n<tr>\n<td style=\"text-align: center;\" align=\"left\">Dimens\u00f5es<\/td>\n<td style=\"text-align: center;\" align=\"left\">155 x 118 x 36 mm<\/td>\n<\/tr>\n<tr>\n<td style=\"text-align: center;\" align=\"left\">System Power<\/td>\n<td style=\"text-align: center;\" align=\"left\">12V DC @ 1 A max<\/td>\n<\/tr>\n<\/tbody>\n<\/table>\n<\/div>\n<\/div><style type=\"text\/css\">.fusion-body .fusion-builder-column-0{width:100% !important;margin-top : 0px;margin-bottom : 56px;}.fusion-builder-column-0 > .fusion-column-wrapper {padding-top : 0px !important;padding-right : 0px !important;margin-right : 1.92%;padding-bottom : 0px !important;padding-left : 0px !important;margin-left : 1.92%;}@media only screen and (max-width:1024px) {.fusion-body .fusion-builder-column-0{width:100% !important;order : 0;}.fusion-builder-column-0 > .fusion-column-wrapper {margin-right : 1.92%;margin-left : 1.92%;}}@media only screen and (max-width:640px) {.fusion-body .fusion-builder-column-0{width:100% !important;order : 0;}.fusion-builder-column-0 > .fusion-column-wrapper {margin-right : 1.92%;margin-left : 1.92%;}}<\/style><\/div><\/div><style type=\"text\/css\">.fusion-body .fusion-flex-container.fusion-builder-row-1{ padding-top : 0px;margin-top : 0px;padding-right : 0px;padding-bottom : 0px;margin-bottom : 0px;padding-left : 0px;}<\/style><\/div>\n","protected":false},"excerpt":{"rendered":"<h5>O SmartConnect SC200 \u00e9 um produto multifuncional concebido para aplica\u00e7\u00e3o em in\u00fameros mercados.<\/h5>\n<h5>O SC200 combina a tecnologia de controlo inteligente da e2c com um potente processador ARM dual-core de 32 bits (NXP i.MX6) para fornecer uma solu\u00e7\u00e3o independente que combina um sistema operativo eLinux com uma extensa interface I\/O e interfaces de conectividade.<\/h5>\n<h5>O SC200 proporciona automatiza\u00e7\u00e3o e controlo geral de IoT.<\/h5>\n<ul>\n<li>O SC200 \u00e9 uma solu\u00e7\u00e3o ideal para aplica\u00e7\u00f5es emergentes de IoT, pois proporciona um complemento completo de interfaces de rede, que incluem LAN Dual, WiFi e 3G.<\/li>\n<li>Com SAS 6.02 integrado no iSocket, o SC200 \u00e9 ideal para programadores de sistemas de jogos.<\/li>\n<li>O SC200 integra o poderoso middleware de dispositivos iSocket com administra\u00e7\u00e3o remota integrada para Enterprise Server. Tudo o que pode ser controlado pelo SC200 pode ser monitorizado e administrado remotamente.<\/li>\n<\/ul>\n","protected":false},"featured_media":1606,"comment_status":"open","ping_status":"closed","template":"","meta":{"content-type":""},"product_cat":[125],"product_tag":[165],"class_list":["post-1884","product","type-product","status-publish","has-post-thumbnail","hentry","product_cat-modulo-inteligente","product_tag-herramientas-pt-pt"],"yoast_head":"<!-- This site is optimized with the Yoast SEO plugin v23.0 - https:\/\/yoast.com\/wordpress\/plugins\/seo\/ -->\n<title>M\u00f3dulo inteligente SC200 - Automated Transactions<\/title>\n<meta name=\"robots\" content=\"index, follow, max-snippet:-1, max-image-preview:large, max-video-preview:-1\" \/>\n<link rel=\"canonical\" href=\"https:\/\/automated-transactions.es\/pt-pt\/producto\/modulo-inteligente-sc200\/\" \/>\n<meta property=\"og:locale\" content=\"pt_PT\" \/>\n<meta property=\"og:type\" content=\"article\" \/>\n<meta property=\"og:title\" content=\"M\u00f3dulo inteligente SC200 - Automated Transactions\" \/>\n<meta property=\"og:description\" content=\"O SmartConnect SC200 \u00e9 um produto multifuncional concebido para aplica\u00e7\u00e3o em in\u00fameros mercados. O SC200 combina a tecnologia de controlo inteligente da e2c com um potente processador ARM dual-core de 32 bits (NXP i.MX6) para fornecer uma solu\u00e7\u00e3o independente que combina um sistema operativo eLinux com uma extensa interface I\/O e interfaces de conectividade. O SC200 proporciona automatiza\u00e7\u00e3o e controlo geral de IoT.   O SC200 \u00e9 uma solu\u00e7\u00e3o ideal para aplica\u00e7\u00f5es emergentes de IoT, pois proporciona um complemento completo de interfaces de rede, que incluem LAN Dual, WiFi e 3G.  Com SAS 6.02 integrado no iSocket, o SC200 \u00e9 ideal para programadores de sistemas de jogos.  O SC200 integra o poderoso middleware de dispositivos iSocket com administra\u00e7\u00e3o remota integrada para Enterprise Server. Tudo o que pode ser controlado pelo SC200 pode ser monitorizado e administrado remotamente.\" \/>\n<meta property=\"og:url\" content=\"https:\/\/automated-transactions.es\/pt-pt\/producto\/modulo-inteligente-sc200\/\" \/>\n<meta property=\"og:site_name\" content=\"Automated Transactions\" \/>\n<meta property=\"article:modified_time\" content=\"2022-03-10T22:48:30+00:00\" \/>\n<meta property=\"og:image\" content=\"https:\/\/automated-transactions.es\/wp-content\/uploads\/2022\/01\/sc200.jpg\" \/>\n\t<meta property=\"og:image:width\" content=\"1000\" \/>\n\t<meta property=\"og:image:height\" content=\"1100\" \/>\n\t<meta property=\"og:image:type\" content=\"image\/jpeg\" \/>\n<meta name=\"twitter:card\" content=\"summary_large_image\" \/>\n<meta name=\"twitter:label1\" content=\"Tempo estimado de leitura\" \/>\n\t<meta name=\"twitter:data1\" content=\"2 minutos\" \/>\n<script type=\"application\/ld+json\" class=\"yoast-schema-graph\">{\"@context\":\"https:\/\/schema.org\",\"@graph\":[{\"@type\":\"WebPage\",\"@id\":\"https:\/\/automated-transactions.es\/pt-pt\/producto\/modulo-inteligente-sc200\/\",\"url\":\"https:\/\/automated-transactions.es\/pt-pt\/producto\/modulo-inteligente-sc200\/\",\"name\":\"M\u00f3dulo inteligente SC200 - Automated Transactions\",\"isPartOf\":{\"@id\":\"https:\/\/automated-transactions.es\/#website\"},\"primaryImageOfPage\":{\"@id\":\"https:\/\/automated-transactions.es\/pt-pt\/producto\/modulo-inteligente-sc200\/#primaryimage\"},\"image\":{\"@id\":\"https:\/\/automated-transactions.es\/pt-pt\/producto\/modulo-inteligente-sc200\/#primaryimage\"},\"thumbnailUrl\":\"https:\/\/automated-transactions.es\/wp-content\/uploads\/2022\/01\/sc200.jpg\",\"datePublished\":\"2022-01-22T22:45:26+00:00\",\"dateModified\":\"2022-03-10T22:48:30+00:00\",\"breadcrumb\":{\"@id\":\"https:\/\/automated-transactions.es\/pt-pt\/producto\/modulo-inteligente-sc200\/#breadcrumb\"},\"inLanguage\":\"pt-PT\",\"potentialAction\":[{\"@type\":\"ReadAction\",\"target\":[\"https:\/\/automated-transactions.es\/pt-pt\/producto\/modulo-inteligente-sc200\/\"]}]},{\"@type\":\"ImageObject\",\"inLanguage\":\"pt-PT\",\"@id\":\"https:\/\/automated-transactions.es\/pt-pt\/producto\/modulo-inteligente-sc200\/#primaryimage\",\"url\":\"https:\/\/automated-transactions.es\/wp-content\/uploads\/2022\/01\/sc200.jpg\",\"contentUrl\":\"https:\/\/automated-transactions.es\/wp-content\/uploads\/2022\/01\/sc200.jpg\",\"width\":1000,\"height\":1100},{\"@type\":\"BreadcrumbList\",\"@id\":\"https:\/\/automated-transactions.es\/pt-pt\/producto\/modulo-inteligente-sc200\/#breadcrumb\",\"itemListElement\":[{\"@type\":\"ListItem\",\"position\":1,\"name\":\"Tienda\",\"item\":\"https:\/\/automated-transactions.es\/?page_id=7\"},{\"@type\":\"ListItem\",\"position\":2,\"name\":\"M\u00f3dulo inteligente SC200\"}]},{\"@type\":\"WebSite\",\"@id\":\"https:\/\/automated-transactions.es\/#website\",\"url\":\"https:\/\/automated-transactions.es\/\",\"name\":\"Soluciones tecnol\u00f3gicas innovadoras para desarrolladores, fabricantes y operadores de m\u00e1quinas desatendidas.\",\"description\":\"Tecnolog\u00eda innovadora para m\u00e1quinas de autoservicio\",\"alternateName\":\"Automated Transactions\",\"potentialAction\":[{\"@type\":\"SearchAction\",\"target\":{\"@type\":\"EntryPoint\",\"urlTemplate\":\"https:\/\/automated-transactions.es\/?s={search_term_string}\"},\"query-input\":\"required name=search_term_string\"}],\"inLanguage\":\"pt-PT\"}]}<\/script>\n<!-- \/ Yoast SEO plugin. -->","yoast_head_json":{"title":"M\u00f3dulo inteligente SC200 - Automated Transactions","robots":{"index":"index","follow":"follow","max-snippet":"max-snippet:-1","max-image-preview":"max-image-preview:large","max-video-preview":"max-video-preview:-1"},"canonical":"https:\/\/automated-transactions.es\/pt-pt\/producto\/modulo-inteligente-sc200\/","og_locale":"pt_PT","og_type":"article","og_title":"M\u00f3dulo inteligente SC200 - Automated Transactions","og_description":"O SmartConnect SC200 \u00e9 um produto multifuncional concebido para aplica\u00e7\u00e3o em in\u00fameros mercados. O SC200 combina a tecnologia de controlo inteligente da e2c com um potente processador ARM dual-core de 32 bits (NXP i.MX6) para fornecer uma solu\u00e7\u00e3o independente que combina um sistema operativo eLinux com uma extensa interface I\/O e interfaces de conectividade. O SC200 proporciona automatiza\u00e7\u00e3o e controlo geral de IoT.   O SC200 \u00e9 uma solu\u00e7\u00e3o ideal para aplica\u00e7\u00f5es emergentes de IoT, pois proporciona um complemento completo de interfaces de rede, que incluem LAN Dual, WiFi e 3G.  Com SAS 6.02 integrado no iSocket, o SC200 \u00e9 ideal para programadores de sistemas de jogos.  O SC200 integra o poderoso middleware de dispositivos iSocket com administra\u00e7\u00e3o remota integrada para Enterprise Server. Tudo o que pode ser controlado pelo SC200 pode ser monitorizado e administrado remotamente.","og_url":"https:\/\/automated-transactions.es\/pt-pt\/producto\/modulo-inteligente-sc200\/","og_site_name":"Automated Transactions","article_modified_time":"2022-03-10T22:48:30+00:00","og_image":[{"width":1000,"height":1100,"url":"https:\/\/automated-transactions.es\/wp-content\/uploads\/2022\/01\/sc200.jpg","type":"image\/jpeg"}],"twitter_card":"summary_large_image","twitter_misc":{"Tempo estimado de leitura":"2 minutos"},"schema":{"@context":"https:\/\/schema.org","@graph":[{"@type":"WebPage","@id":"https:\/\/automated-transactions.es\/pt-pt\/producto\/modulo-inteligente-sc200\/","url":"https:\/\/automated-transactions.es\/pt-pt\/producto\/modulo-inteligente-sc200\/","name":"M\u00f3dulo inteligente SC200 - Automated Transactions","isPartOf":{"@id":"https:\/\/automated-transactions.es\/#website"},"primaryImageOfPage":{"@id":"https:\/\/automated-transactions.es\/pt-pt\/producto\/modulo-inteligente-sc200\/#primaryimage"},"image":{"@id":"https:\/\/automated-transactions.es\/pt-pt\/producto\/modulo-inteligente-sc200\/#primaryimage"},"thumbnailUrl":"https:\/\/automated-transactions.es\/wp-content\/uploads\/2022\/01\/sc200.jpg","datePublished":"2022-01-22T22:45:26+00:00","dateModified":"2022-03-10T22:48:30+00:00","breadcrumb":{"@id":"https:\/\/automated-transactions.es\/pt-pt\/producto\/modulo-inteligente-sc200\/#breadcrumb"},"inLanguage":"pt-PT","potentialAction":[{"@type":"ReadAction","target":["https:\/\/automated-transactions.es\/pt-pt\/producto\/modulo-inteligente-sc200\/"]}]},{"@type":"ImageObject","inLanguage":"pt-PT","@id":"https:\/\/automated-transactions.es\/pt-pt\/producto\/modulo-inteligente-sc200\/#primaryimage","url":"https:\/\/automated-transactions.es\/wp-content\/uploads\/2022\/01\/sc200.jpg","contentUrl":"https:\/\/automated-transactions.es\/wp-content\/uploads\/2022\/01\/sc200.jpg","width":1000,"height":1100},{"@type":"BreadcrumbList","@id":"https:\/\/automated-transactions.es\/pt-pt\/producto\/modulo-inteligente-sc200\/#breadcrumb","itemListElement":[{"@type":"ListItem","position":1,"name":"Tienda","item":"https:\/\/automated-transactions.es\/?page_id=7"},{"@type":"ListItem","position":2,"name":"M\u00f3dulo inteligente SC200"}]},{"@type":"WebSite","@id":"https:\/\/automated-transactions.es\/#website","url":"https:\/\/automated-transactions.es\/","name":"Soluciones tecnol\u00f3gicas innovadoras para desarrolladores, fabricantes y operadores de m\u00e1quinas desatendidas.","description":"Tecnolog\u00eda innovadora para m\u00e1quinas de autoservicio","alternateName":"Automated Transactions","potentialAction":[{"@type":"SearchAction","target":{"@type":"EntryPoint","urlTemplate":"https:\/\/automated-transactions.es\/?s={search_term_string}"},"query-input":"required name=search_term_string"}],"inLanguage":"pt-PT"}]}},"_links":{"self":[{"href":"https:\/\/automated-transactions.es\/pt-pt\/wp-json\/wp\/v2\/product\/1884","targetHints":{"allow":["GET"]}}],"collection":[{"href":"https:\/\/automated-transactions.es\/pt-pt\/wp-json\/wp\/v2\/product"}],"about":[{"href":"https:\/\/automated-transactions.es\/pt-pt\/wp-json\/wp\/v2\/types\/product"}],"replies":[{"embeddable":true,"href":"https:\/\/automated-transactions.es\/pt-pt\/wp-json\/wp\/v2\/comments?post=1884"}],"wp:featuredmedia":[{"embeddable":true,"href":"https:\/\/automated-transactions.es\/pt-pt\/wp-json\/wp\/v2\/media\/1606"}],"wp:attachment":[{"href":"https:\/\/automated-transactions.es\/pt-pt\/wp-json\/wp\/v2\/media?parent=1884"}],"wp:term":[{"taxonomy":"product_cat","embeddable":true,"href":"https:\/\/automated-transactions.es\/pt-pt\/wp-json\/wp\/v2\/product_cat?post=1884"},{"taxonomy":"product_tag","embeddable":true,"href":"https:\/\/automated-transactions.es\/pt-pt\/wp-json\/wp\/v2\/product_tag?post=1884"}],"curies":[{"name":"wp","href":"https:\/\/api.w.org\/{rel}","templated":true}]}}