{"id":1876,"date":"2022-01-22T22:24:02","date_gmt":"2022-01-22T22:24:02","guid":{"rendered":"https:\/\/automated-transactions.es\/producto\/hub-cc200\/"},"modified":"2022-03-10T23:15:56","modified_gmt":"2022-03-10T22:15:56","slug":"hub-cc200","status":"publish","type":"product","link":"https:\/\/automated-transactions.es\/pt-pt\/producto\/hub-cc200\/","title":{"rendered":"Hub CC200"},"content":{"rendered":"<div class=\"fusion-fullwidth fullwidth-box fusion-builder-row-1 fusion-flex-container nonhundred-percent-fullwidth non-hundred-percent-height-scrolling\" style=\"background-color: rgba(255,255,255,0);background-position: center center;background-repeat: no-repeat;border-width: 0px 0px 0px 0px;border-color:#e2e2e2;border-style:solid;\" ><div class=\"fusion-builder-row fusion-row fusion-flex-align-items-flex-start\" style=\"max-width:1248px;margin-left: calc(-4% \/ 2 );margin-right: calc(-4% \/ 2 );\"><div class=\"fusion-layout-column fusion_builder_column fusion-builder-column-0 fusion_builder_column_1_1 1_1 fusion-flex-column\"><div class=\"fusion-column-wrapper fusion-flex-justify-content-flex-start fusion-content-layout-column\" style=\"background-position:left top;background-repeat:no-repeat;-webkit-background-size:cover;-moz-background-size:cover;-o-background-size:cover;background-size:cover;padding: 0px 0px 0px 0px;\">\n<div class=\"table-1\">\n<table width=\"100%\">\n<thead>\n<tr>\n<th align=\"center\">CARACTER\u00cdSTICA<\/th>\n<th align=\"center\">ESPECIFICA\u00c7\u00c3O<\/th>\n<\/tr>\n<\/thead>\n<tbody>\n<tr>\n<td style=\"text-align: center;\" align=\"left\">Interfaz Host<\/td>\n<td style=\"text-align: center;\" align=\"left\">USB 2.0 \/ 1.1 alimentado por bus<\/td>\n<\/tr>\n<tr>\n<td style=\"text-align: center;\" align=\"left\">Entradas digitais<\/td>\n<td style=\"text-align: center;\" align=\"left\">3 x TTL, protegidas contra ESD<\/td>\n<\/tr>\n<tr>\n<td style=\"text-align: center;\" align=\"left\">S\u00eddas digitais<\/td>\n<td style=\"text-align: center;\" align=\"left\">3 x drenagem aberta 1A<\/td>\n<\/tr>\n<tr>\n<td style=\"text-align: center;\" align=\"left\">Serial Interface<\/td>\n<td style=\"text-align: center;\" align=\"left\">RS232 \/ TTL + RS232 \/ 485<\/td>\n<\/tr>\n<tr>\n<td style=\"text-align: center;\" align=\"left\">MDB Interface (CashBus)<\/td>\n<td style=\"text-align: center;\" align=\"left\">1 x MDB Master + Slave<\/td>\n<\/tr>\n<tr>\n<td style=\"text-align: center;\" align=\"left\">ccTalk<\/td>\n<td style=\"text-align: center;\" align=\"left\">Sim<\/td>\n<\/tr>\n<tr>\n<td style=\"text-align: center;\" align=\"left\">C1 wire<\/td>\n<td style=\"text-align: center;\" align=\"left\">Sim<\/td>\n<\/tr>\n<tr>\n<td style=\"text-align: center;\" align=\"left\">Porta expans\u00e3o e2c<\/td>\n<td style=\"text-align: center;\" align=\"left\">Si (SPI)<\/td>\n<\/tr>\n<tr>\n<td style=\"text-align: center;\" align=\"left\">DC Power in<\/td>\n<td style=\"text-align: center;\" align=\"left\">C12 &#8211; 48 V DC<\/td>\n<\/tr>\n<tr>\n<td style=\"text-align: center;\" align=\"left\">DC power Out<\/td>\n<td style=\"text-align: center;\" align=\"left\">+5V 1A (tipo A USB)<\/td>\n<\/tr>\n<tr>\n<td style=\"text-align: center;\" align=\"left\">Dimens\u00f5es<\/td>\n<td style=\"text-align: center;\" align=\"left\">106 x 65 x 20 mm<\/td>\n<\/tr>\n<tr>\n<td style=\"text-align: center;\" align=\"left\">Dimens\u00f5es da Vers\u00e3o PCBA<\/td>\n<td style=\"text-align: center;\" align=\"left\">84 x 60 x 20<\/td>\n<\/tr>\n<tr>\n<td style=\"text-align: center;\" align=\"left\">Compatibilidade com:<\/td>\n<td style=\"text-align: center;\" align=\"left\">Validadores de Notas, Validadores de Moedas, Hoppers, M\u00e1quinas de Troco, Impressoras, Leitores de Cart\u00f5es, Dispositivos de Seguran\u00e7a, Contactless, RFID \/ NFC.<\/td>\n<\/tr>\n<\/tbody>\n<\/table>\n<\/div>\n<\/div><style type=\"text\/css\">.fusion-body .fusion-builder-column-0{width:100% !important;margin-top : 0px;margin-bottom : 56px;}.fusion-builder-column-0 > .fusion-column-wrapper {padding-top : 0px !important;padding-right : 0px !important;margin-right : 1.92%;padding-bottom : 0px !important;padding-left : 0px !important;margin-left : 1.92%;}@media only screen and (max-width:1024px) {.fusion-body .fusion-builder-column-0{width:100% !important;order : 0;}.fusion-builder-column-0 > .fusion-column-wrapper {margin-right : 1.92%;margin-left : 1.92%;}}@media only screen and (max-width:640px) {.fusion-body .fusion-builder-column-0{width:100% !important;order : 0;}.fusion-builder-column-0 > .fusion-column-wrapper {margin-right : 1.92%;margin-left : 1.92%;}}<\/style><\/div><\/div><style type=\"text\/css\">.fusion-body .fusion-flex-container.fusion-builder-row-1{ padding-top : 0px;margin-top : 0px;padding-right : 0px;padding-bottom : 0px;margin-bottom : 0px;padding-left : 0px;}<\/style><\/div>\n","protected":false},"excerpt":{"rendered":"<h5>O concentrador (HUB) de dispositivos inteligentes CC200 \u00e9 utilizado com o iSocket Payment Device Manager (PDM) para fornecer servi\u00e7os de pagamento em qualquer quiosque ou terminal. O CC200 liga-se a qualquer plataforma de host utilizando apenas USB.<\/h5>\n<ul>\n<li>O HUB de dispositivos inteligentes CC200 proporciona um complemento completo de interfaces de dispositivos f\u00edsicos para ligar perif\u00e9ricos de pagamento.<\/li>\n<li>O CC200 \u00e9 adequado para aplica\u00e7\u00f5es de pagamento com dinheiro e sem dinheiro.<\/li>\n<li>O CC200 suporta dispositivos de pagamento tais como Hoppers, Recicladores de numer\u00e1rio e dispensadores de notas.<\/li>\n<li>Uma vez que o iSocket \u00e9 multi-plataforma, qualquer plataforma X86 ou ARM pode ser utilizada como m\u00f3dulo inform\u00e1tico.<\/li>\n<li>O CC200 pode ser utilizado em conjunto com o iSocket da e2c, pode-se executar em qualquer plataforma de PC, proporcionando um controlo e uma gest\u00e3o robustos e tolerantes a falhas de todos os dispositivos ligados e perif\u00e9ricos. Os servi\u00e7os M2M tamb\u00e9m est\u00e3o integrados no cliente iSocket para permitir que todas as m\u00e1quinas sejam monitorizadas de forma remota e controlada.<\/li>\n<\/ul>\n","protected":false},"featured_media":1603,"comment_status":"open","ping_status":"closed","template":"","meta":{"content-type":""},"product_cat":[124],"product_tag":[165],"class_list":["post-1876","product","type-product","status-publish","has-post-thumbnail","hentry","product_cat-hub","product_tag-herramientas-pt-pt"],"yoast_head":"<!-- This site is optimized with the Yoast SEO plugin v23.0 - https:\/\/yoast.com\/wordpress\/plugins\/seo\/ -->\n<title>Hub CC200 - Automated Transactions<\/title>\n<meta name=\"robots\" content=\"index, follow, max-snippet:-1, max-image-preview:large, max-video-preview:-1\" \/>\n<link rel=\"canonical\" href=\"https:\/\/automated-transactions.es\/pt-pt\/producto\/hub-cc200\/\" \/>\n<meta property=\"og:locale\" content=\"pt_PT\" \/>\n<meta property=\"og:type\" content=\"article\" \/>\n<meta property=\"og:title\" content=\"Hub CC200 - Automated Transactions\" \/>\n<meta property=\"og:description\" content=\"O concentrador (HUB) de dispositivos inteligentes CC200 \u00e9 utilizado com o iSocket Payment Device Manager (PDM) para fornecer servi\u00e7os de pagamento em qualquer quiosque ou terminal. O CC200 liga-se a qualquer plataforma de host utilizando apenas USB.   O HUB de dispositivos inteligentes CC200 proporciona um complemento completo de interfaces de dispositivos f\u00edsicos para ligar perif\u00e9ricos de pagamento.  O CC200 \u00e9 adequado para aplica\u00e7\u00f5es de pagamento com dinheiro e sem dinheiro.  O CC200 suporta dispositivos de pagamento tais como Hoppers, Recicladores de numer\u00e1rio e dispensadores de notas.  Uma vez que o iSocket \u00e9 multi-plataforma, qualquer plataforma X86 ou ARM pode ser utilizada como m\u00f3dulo inform\u00e1tico.  O CC200 pode ser utilizado em conjunto com o iSocket da e2c, pode-se executar em qualquer plataforma de PC, proporcionando um controlo e uma gest\u00e3o robustos e tolerantes a falhas de todos os dispositivos ligados e perif\u00e9ricos. Os servi\u00e7os M2M tamb\u00e9m est\u00e3o integrados no cliente iSocket para permitir que todas as m\u00e1quinas sejam monitorizadas de forma remota e controlada.\" \/>\n<meta property=\"og:url\" content=\"https:\/\/automated-transactions.es\/pt-pt\/producto\/hub-cc200\/\" \/>\n<meta property=\"og:site_name\" content=\"Automated Transactions\" \/>\n<meta property=\"article:modified_time\" content=\"2022-03-10T22:15:56+00:00\" \/>\n<meta property=\"og:image\" content=\"https:\/\/automated-transactions.es\/wp-content\/uploads\/2022\/01\/cc200-2.jpg\" \/>\n\t<meta property=\"og:image:width\" content=\"1000\" \/>\n\t<meta property=\"og:image:height\" content=\"1100\" \/>\n\t<meta property=\"og:image:type\" content=\"image\/jpeg\" \/>\n<meta name=\"twitter:card\" content=\"summary_large_image\" \/>\n<meta name=\"twitter:label1\" content=\"Tempo estimado de leitura\" \/>\n\t<meta name=\"twitter:data1\" content=\"2 minutos\" \/>\n<script type=\"application\/ld+json\" class=\"yoast-schema-graph\">{\"@context\":\"https:\/\/schema.org\",\"@graph\":[{\"@type\":\"WebPage\",\"@id\":\"https:\/\/automated-transactions.es\/pt-pt\/producto\/hub-cc200\/\",\"url\":\"https:\/\/automated-transactions.es\/pt-pt\/producto\/hub-cc200\/\",\"name\":\"Hub CC200 - Automated Transactions\",\"isPartOf\":{\"@id\":\"https:\/\/automated-transactions.es\/#website\"},\"primaryImageOfPage\":{\"@id\":\"https:\/\/automated-transactions.es\/pt-pt\/producto\/hub-cc200\/#primaryimage\"},\"image\":{\"@id\":\"https:\/\/automated-transactions.es\/pt-pt\/producto\/hub-cc200\/#primaryimage\"},\"thumbnailUrl\":\"https:\/\/automated-transactions.es\/wp-content\/uploads\/2022\/01\/cc200-2.jpg\",\"datePublished\":\"2022-01-22T22:24:02+00:00\",\"dateModified\":\"2022-03-10T22:15:56+00:00\",\"breadcrumb\":{\"@id\":\"https:\/\/automated-transactions.es\/pt-pt\/producto\/hub-cc200\/#breadcrumb\"},\"inLanguage\":\"pt-PT\",\"potentialAction\":[{\"@type\":\"ReadAction\",\"target\":[\"https:\/\/automated-transactions.es\/pt-pt\/producto\/hub-cc200\/\"]}]},{\"@type\":\"ImageObject\",\"inLanguage\":\"pt-PT\",\"@id\":\"https:\/\/automated-transactions.es\/pt-pt\/producto\/hub-cc200\/#primaryimage\",\"url\":\"https:\/\/automated-transactions.es\/wp-content\/uploads\/2022\/01\/cc200-2.jpg\",\"contentUrl\":\"https:\/\/automated-transactions.es\/wp-content\/uploads\/2022\/01\/cc200-2.jpg\",\"width\":1000,\"height\":1100,\"caption\":\"Imagen de un concentrador de dispositivos inteligentes e2c CC200 conectado a varios perif\u00e9ricos de pago, como lectores de billetes, lectores de tarjetas de cr\u00e9dito y dispensadores de billetes\"},{\"@type\":\"BreadcrumbList\",\"@id\":\"https:\/\/automated-transactions.es\/pt-pt\/producto\/hub-cc200\/#breadcrumb\",\"itemListElement\":[{\"@type\":\"ListItem\",\"position\":1,\"name\":\"Tienda\",\"item\":\"https:\/\/automated-transactions.es\/?page_id=7\"},{\"@type\":\"ListItem\",\"position\":2,\"name\":\"Hub CC200\"}]},{\"@type\":\"WebSite\",\"@id\":\"https:\/\/automated-transactions.es\/#website\",\"url\":\"https:\/\/automated-transactions.es\/\",\"name\":\"Soluciones tecnol\u00f3gicas innovadoras para desarrolladores, fabricantes y operadores de m\u00e1quinas desatendidas.\",\"description\":\"Tecnolog\u00eda innovadora para m\u00e1quinas de autoservicio\",\"alternateName\":\"Automated Transactions\",\"potentialAction\":[{\"@type\":\"SearchAction\",\"target\":{\"@type\":\"EntryPoint\",\"urlTemplate\":\"https:\/\/automated-transactions.es\/?s={search_term_string}\"},\"query-input\":\"required name=search_term_string\"}],\"inLanguage\":\"pt-PT\"}]}<\/script>\n<!-- \/ Yoast SEO plugin. -->","yoast_head_json":{"title":"Hub CC200 - Automated Transactions","robots":{"index":"index","follow":"follow","max-snippet":"max-snippet:-1","max-image-preview":"max-image-preview:large","max-video-preview":"max-video-preview:-1"},"canonical":"https:\/\/automated-transactions.es\/pt-pt\/producto\/hub-cc200\/","og_locale":"pt_PT","og_type":"article","og_title":"Hub CC200 - Automated Transactions","og_description":"O concentrador (HUB) de dispositivos inteligentes CC200 \u00e9 utilizado com o iSocket Payment Device Manager (PDM) para fornecer servi\u00e7os de pagamento em qualquer quiosque ou terminal. O CC200 liga-se a qualquer plataforma de host utilizando apenas USB.   O HUB de dispositivos inteligentes CC200 proporciona um complemento completo de interfaces de dispositivos f\u00edsicos para ligar perif\u00e9ricos de pagamento.  O CC200 \u00e9 adequado para aplica\u00e7\u00f5es de pagamento com dinheiro e sem dinheiro.  O CC200 suporta dispositivos de pagamento tais como Hoppers, Recicladores de numer\u00e1rio e dispensadores de notas.  Uma vez que o iSocket \u00e9 multi-plataforma, qualquer plataforma X86 ou ARM pode ser utilizada como m\u00f3dulo inform\u00e1tico.  O CC200 pode ser utilizado em conjunto com o iSocket da e2c, pode-se executar em qualquer plataforma de PC, proporcionando um controlo e uma gest\u00e3o robustos e tolerantes a falhas de todos os dispositivos ligados e perif\u00e9ricos. Os servi\u00e7os M2M tamb\u00e9m est\u00e3o integrados no cliente iSocket para permitir que todas as m\u00e1quinas sejam monitorizadas de forma remota e controlada.","og_url":"https:\/\/automated-transactions.es\/pt-pt\/producto\/hub-cc200\/","og_site_name":"Automated Transactions","article_modified_time":"2022-03-10T22:15:56+00:00","og_image":[{"width":1000,"height":1100,"url":"https:\/\/automated-transactions.es\/wp-content\/uploads\/2022\/01\/cc200-2.jpg","type":"image\/jpeg"}],"twitter_card":"summary_large_image","twitter_misc":{"Tempo estimado de leitura":"2 minutos"},"schema":{"@context":"https:\/\/schema.org","@graph":[{"@type":"WebPage","@id":"https:\/\/automated-transactions.es\/pt-pt\/producto\/hub-cc200\/","url":"https:\/\/automated-transactions.es\/pt-pt\/producto\/hub-cc200\/","name":"Hub CC200 - Automated Transactions","isPartOf":{"@id":"https:\/\/automated-transactions.es\/#website"},"primaryImageOfPage":{"@id":"https:\/\/automated-transactions.es\/pt-pt\/producto\/hub-cc200\/#primaryimage"},"image":{"@id":"https:\/\/automated-transactions.es\/pt-pt\/producto\/hub-cc200\/#primaryimage"},"thumbnailUrl":"https:\/\/automated-transactions.es\/wp-content\/uploads\/2022\/01\/cc200-2.jpg","datePublished":"2022-01-22T22:24:02+00:00","dateModified":"2022-03-10T22:15:56+00:00","breadcrumb":{"@id":"https:\/\/automated-transactions.es\/pt-pt\/producto\/hub-cc200\/#breadcrumb"},"inLanguage":"pt-PT","potentialAction":[{"@type":"ReadAction","target":["https:\/\/automated-transactions.es\/pt-pt\/producto\/hub-cc200\/"]}]},{"@type":"ImageObject","inLanguage":"pt-PT","@id":"https:\/\/automated-transactions.es\/pt-pt\/producto\/hub-cc200\/#primaryimage","url":"https:\/\/automated-transactions.es\/wp-content\/uploads\/2022\/01\/cc200-2.jpg","contentUrl":"https:\/\/automated-transactions.es\/wp-content\/uploads\/2022\/01\/cc200-2.jpg","width":1000,"height":1100,"caption":"Imagen de un concentrador de dispositivos inteligentes e2c CC200 conectado a varios perif\u00e9ricos de pago, como lectores de billetes, lectores de tarjetas de cr\u00e9dito y dispensadores de billetes"},{"@type":"BreadcrumbList","@id":"https:\/\/automated-transactions.es\/pt-pt\/producto\/hub-cc200\/#breadcrumb","itemListElement":[{"@type":"ListItem","position":1,"name":"Tienda","item":"https:\/\/automated-transactions.es\/?page_id=7"},{"@type":"ListItem","position":2,"name":"Hub CC200"}]},{"@type":"WebSite","@id":"https:\/\/automated-transactions.es\/#website","url":"https:\/\/automated-transactions.es\/","name":"Soluciones tecnol\u00f3gicas innovadoras para desarrolladores, fabricantes y operadores de m\u00e1quinas desatendidas.","description":"Tecnolog\u00eda innovadora para m\u00e1quinas de autoservicio","alternateName":"Automated Transactions","potentialAction":[{"@type":"SearchAction","target":{"@type":"EntryPoint","urlTemplate":"https:\/\/automated-transactions.es\/?s={search_term_string}"},"query-input":"required name=search_term_string"}],"inLanguage":"pt-PT"}]}},"_links":{"self":[{"href":"https:\/\/automated-transactions.es\/pt-pt\/wp-json\/wp\/v2\/product\/1876","targetHints":{"allow":["GET"]}}],"collection":[{"href":"https:\/\/automated-transactions.es\/pt-pt\/wp-json\/wp\/v2\/product"}],"about":[{"href":"https:\/\/automated-transactions.es\/pt-pt\/wp-json\/wp\/v2\/types\/product"}],"replies":[{"embeddable":true,"href":"https:\/\/automated-transactions.es\/pt-pt\/wp-json\/wp\/v2\/comments?post=1876"}],"wp:featuredmedia":[{"embeddable":true,"href":"https:\/\/automated-transactions.es\/pt-pt\/wp-json\/wp\/v2\/media\/1603"}],"wp:attachment":[{"href":"https:\/\/automated-transactions.es\/pt-pt\/wp-json\/wp\/v2\/media?parent=1876"}],"wp:term":[{"taxonomy":"product_cat","embeddable":true,"href":"https:\/\/automated-transactions.es\/pt-pt\/wp-json\/wp\/v2\/product_cat?post=1876"},{"taxonomy":"product_tag","embeddable":true,"href":"https:\/\/automated-transactions.es\/pt-pt\/wp-json\/wp\/v2\/product_tag?post=1876"}],"curies":[{"name":"wp","href":"https:\/\/api.w.org\/{rel}","templated":true}]}}