{"id":1809,"date":"2022-01-29T00:07:39","date_gmt":"2022-01-29T00:07:39","guid":{"rendered":"https:\/\/automated-transactions.es\/producto\/at-cash-one\/"},"modified":"2025-10-08T09:39:04","modified_gmt":"2025-10-08T08:39:04","slug":"at-cash-one","status":"publish","type":"product","link":"https:\/\/automated-transactions.es\/pt-pt\/producto\/at-cash-one\/","title":{"rendered":"AT\u00b7Cash EVO"},"content":{"rendered":"","protected":false},"excerpt":{"rendered":"<h5>AT\u00b7CASH EVO es la nueva m\u00e1quina de cobro autom\u00e1tico dise\u00f1ada por Automated Transactions, que destaca por ser la soluci\u00f3n m\u00e1s innovadora y eficiente del mercado para cualquier tipo de comercio.<\/h5>\n<h5>AT\u00b7CASH EVO sobresale con respecto a su competencia por disponer de caracter\u00edsticas tecnol\u00f3gicas m\u00e1s avanzadas, ofrecer una interfaz m\u00e1s intuitiva y proporcionar la m\u00e1xima seguridad en cada transacci\u00f3n.<\/h5>\n<h5>AT\u00b7CASH EVO, un innovador dispositivo que no s\u00f3lo optimiza las operaciones y reduce errores, sino que tambi\u00e9n ofrece un nuevo nivel de gesti\u00f3n a los comerciantes de cara al proceso de venta y maximizar su eficiencia operativa.<\/h5>\n<p><img decoding=\"async\" class=\"alignnone wp-image-4556\" src=\"https:\/\/automated-transactions.es\/wp-content\/uploads\/2022\/01\/ATCashEvo.png\" alt=\"\" width=\"198\" height=\"74\" srcset=\"https:\/\/automated-transactions.es\/wp-content\/uploads\/2022\/01\/ATCashEvo-200x75.png 200w, https:\/\/automated-transactions.es\/wp-content\/uploads\/2022\/01\/ATCashEvo-300x112.png 300w, https:\/\/automated-transactions.es\/wp-content\/uploads\/2022\/01\/ATCashEvo-400x150.png 400w, https:\/\/automated-transactions.es\/wp-content\/uploads\/2022\/01\/ATCashEvo.png 420w\" sizes=\"(max-width: 198px) 100vw, 198px\" \/><\/p>\n<p><strong><em><span style=\"font-family: arial, sans-serif;\">Ventajas<\/span><\/em><\/strong><\/p>\n<ul>\n<li><span style=\"font-family: arial, sans-serif;\">GESTI\u00d3N SEGURA DE EFECTIVO<\/span><\/li>\n<li><span style=\"font-family: arial, sans-serif;\">REPORTE DE TRANSACCIONES<\/span><\/li>\n<li><span style=\"font-family: arial, sans-serif;\">RAPIDEZ EN EL SERVICIO<\/span><\/li>\n<li><span style=\"font-family: arial, sans-serif;\">FACILIDAD DE USO<\/span><\/li>\n<li><span style=\"font-family: arial, sans-serif;\">DISE\u00d1O COMPACTO Y MODERNO<\/span><\/li>\n<li><span style=\"font-family: arial, sans-serif;\">PERSONALIZACI\u00d3N DE PANTALLA<\/span><\/li>\n<\/ul>\n","protected":false},"featured_media":4559,"comment_status":"open","ping_status":"closed","template":"","meta":{"content-type":""},"product_cat":[99],"product_tag":[100,432],"class_list":["post-1809","product","type-product","status-publish","has-post-thumbnail","hentry","product_cat-at-cash-evo","product_tag-billetes-pt-pt","product_tag-cambio-correcto-pt-pt"],"yoast_head":"<!-- This site is optimized with the Yoast SEO plugin v23.0 - https:\/\/yoast.com\/wordpress\/plugins\/seo\/ -->\n<title>AT\u00b7Cash EVO - Automated Transactions<\/title>\n<meta name=\"robots\" content=\"index, follow, max-snippet:-1, max-image-preview:large, max-video-preview:-1\" \/>\n<link rel=\"canonical\" href=\"https:\/\/automated-transactions.es\/pt-pt\/producto\/at-cash-one\/\" \/>\n<meta property=\"og:locale\" content=\"pt_PT\" \/>\n<meta property=\"og:type\" content=\"article\" \/>\n<meta property=\"og:title\" content=\"AT\u00b7Cash EVO - Automated Transactions\" \/>\n<meta property=\"og:description\" content=\"AT\u00b7CASH EVO es la nueva m\u00e1quina de cobro autom\u00e1tico dise\u00f1ada por Automated Transactions, que destaca por ser la soluci\u00f3n m\u00e1s innovadora y eficiente del mercado para cualquier tipo de comercio. AT\u00b7CASH EVO sobresale con respecto a su competencia por disponer de caracter\u00edsticas tecnol\u00f3gicas m\u00e1s avanzadas, ofrecer una interfaz m\u00e1s intuitiva y proporcionar la m\u00e1xima seguridad en cada transacci\u00f3n. AT\u00b7CASH EVO, un innovador dispositivo que no s\u00f3lo optimiza las operaciones y reduce errores, sino que tambi\u00e9n ofrece un nuevo nivel de gesti\u00f3n a los comerciantes de cara al proceso de venta y maximizar su eficiencia operativa.   Ventajas   GESTI\u00d3N SEGURA DE EFECTIVO  REPORTE DE TRANSACCIONES  RAPIDEZ EN EL SERVICIO  FACILIDAD DE USO  DISE\u00d1O COMPACTO Y MODERNO  PERSONALIZACI\u00d3N DE PANTALLA\" \/>\n<meta property=\"og:url\" content=\"https:\/\/automated-transactions.es\/pt-pt\/producto\/at-cash-one\/\" \/>\n<meta property=\"og:site_name\" content=\"Automated Transactions\" \/>\n<meta property=\"article:modified_time\" content=\"2025-10-08T08:39:04+00:00\" \/>\n<meta property=\"og:image\" content=\"https:\/\/automated-transactions.es\/wp-content\/uploads\/2022\/01\/01_Frontal-0-e1759912626750.png\" \/>\n\t<meta property=\"og:image:width\" content=\"1499\" \/>\n\t<meta property=\"og:image:height\" content=\"2168\" \/>\n\t<meta property=\"og:image:type\" content=\"image\/png\" \/>\n<meta name=\"twitter:card\" content=\"summary_large_image\" \/>\n<meta name=\"twitter:label1\" content=\"Tempo estimado de leitura\" \/>\n\t<meta name=\"twitter:data1\" content=\"1 minuto\" \/>\n<script type=\"application\/ld+json\" class=\"yoast-schema-graph\">{\"@context\":\"https:\/\/schema.org\",\"@graph\":[{\"@type\":\"WebPage\",\"@id\":\"https:\/\/automated-transactions.es\/pt-pt\/producto\/at-cash-one\/\",\"url\":\"https:\/\/automated-transactions.es\/pt-pt\/producto\/at-cash-one\/\",\"name\":\"AT\u00b7Cash EVO - Automated Transactions\",\"isPartOf\":{\"@id\":\"https:\/\/automated-transactions.es\/#website\"},\"primaryImageOfPage\":{\"@id\":\"https:\/\/automated-transactions.es\/pt-pt\/producto\/at-cash-one\/#primaryimage\"},\"image\":{\"@id\":\"https:\/\/automated-transactions.es\/pt-pt\/producto\/at-cash-one\/#primaryimage\"},\"thumbnailUrl\":\"https:\/\/automated-transactions.es\/wp-content\/uploads\/2022\/01\/01_Frontal-0-e1759912626750.png\",\"datePublished\":\"2022-01-29T00:07:39+00:00\",\"dateModified\":\"2025-10-08T08:39:04+00:00\",\"breadcrumb\":{\"@id\":\"https:\/\/automated-transactions.es\/pt-pt\/producto\/at-cash-one\/#breadcrumb\"},\"inLanguage\":\"pt-PT\",\"potentialAction\":[{\"@type\":\"ReadAction\",\"target\":[\"https:\/\/automated-transactions.es\/pt-pt\/producto\/at-cash-one\/\"]}]},{\"@type\":\"ImageObject\",\"inLanguage\":\"pt-PT\",\"@id\":\"https:\/\/automated-transactions.es\/pt-pt\/producto\/at-cash-one\/#primaryimage\",\"url\":\"https:\/\/automated-transactions.es\/wp-content\/uploads\/2022\/01\/01_Frontal-0-e1759912626750.png\",\"contentUrl\":\"https:\/\/automated-transactions.es\/wp-content\/uploads\/2022\/01\/01_Frontal-0-e1759912626750.png\",\"width\":1499,\"height\":2168},{\"@type\":\"BreadcrumbList\",\"@id\":\"https:\/\/automated-transactions.es\/pt-pt\/producto\/at-cash-one\/#breadcrumb\",\"itemListElement\":[{\"@type\":\"ListItem\",\"position\":1,\"name\":\"Tienda\",\"item\":\"https:\/\/automated-transactions.es\/?page_id=7\"},{\"@type\":\"ListItem\",\"position\":2,\"name\":\"AT\u00b7Cash EVO\"}]},{\"@type\":\"WebSite\",\"@id\":\"https:\/\/automated-transactions.es\/#website\",\"url\":\"https:\/\/automated-transactions.es\/\",\"name\":\"Soluciones tecnol\u00f3gicas innovadoras para desarrolladores, fabricantes y operadores de m\u00e1quinas desatendidas.\",\"description\":\"Tecnolog\u00eda innovadora para m\u00e1quinas de autoservicio\",\"alternateName\":\"Automated Transactions\",\"potentialAction\":[{\"@type\":\"SearchAction\",\"target\":{\"@type\":\"EntryPoint\",\"urlTemplate\":\"https:\/\/automated-transactions.es\/?s={search_term_string}\"},\"query-input\":\"required name=search_term_string\"}],\"inLanguage\":\"pt-PT\"}]}<\/script>\n<!-- \/ Yoast SEO plugin. -->","yoast_head_json":{"title":"AT\u00b7Cash EVO - Automated Transactions","robots":{"index":"index","follow":"follow","max-snippet":"max-snippet:-1","max-image-preview":"max-image-preview:large","max-video-preview":"max-video-preview:-1"},"canonical":"https:\/\/automated-transactions.es\/pt-pt\/producto\/at-cash-one\/","og_locale":"pt_PT","og_type":"article","og_title":"AT\u00b7Cash EVO - Automated Transactions","og_description":"AT\u00b7CASH EVO es la nueva m\u00e1quina de cobro autom\u00e1tico dise\u00f1ada por Automated Transactions, que destaca por ser la soluci\u00f3n m\u00e1s innovadora y eficiente del mercado para cualquier tipo de comercio. AT\u00b7CASH EVO sobresale con respecto a su competencia por disponer de caracter\u00edsticas tecnol\u00f3gicas m\u00e1s avanzadas, ofrecer una interfaz m\u00e1s intuitiva y proporcionar la m\u00e1xima seguridad en cada transacci\u00f3n. AT\u00b7CASH EVO, un innovador dispositivo que no s\u00f3lo optimiza las operaciones y reduce errores, sino que tambi\u00e9n ofrece un nuevo nivel de gesti\u00f3n a los comerciantes de cara al proceso de venta y maximizar su eficiencia operativa.   Ventajas   GESTI\u00d3N SEGURA DE EFECTIVO  REPORTE DE TRANSACCIONES  RAPIDEZ EN EL SERVICIO  FACILIDAD DE USO  DISE\u00d1O COMPACTO Y MODERNO  PERSONALIZACI\u00d3N DE PANTALLA","og_url":"https:\/\/automated-transactions.es\/pt-pt\/producto\/at-cash-one\/","og_site_name":"Automated Transactions","article_modified_time":"2025-10-08T08:39:04+00:00","og_image":[{"width":1499,"height":2168,"url":"https:\/\/automated-transactions.es\/wp-content\/uploads\/2022\/01\/01_Frontal-0-e1759912626750.png","type":"image\/png"}],"twitter_card":"summary_large_image","twitter_misc":{"Tempo estimado de leitura":"1 minuto"},"schema":{"@context":"https:\/\/schema.org","@graph":[{"@type":"WebPage","@id":"https:\/\/automated-transactions.es\/pt-pt\/producto\/at-cash-one\/","url":"https:\/\/automated-transactions.es\/pt-pt\/producto\/at-cash-one\/","name":"AT\u00b7Cash EVO - Automated Transactions","isPartOf":{"@id":"https:\/\/automated-transactions.es\/#website"},"primaryImageOfPage":{"@id":"https:\/\/automated-transactions.es\/pt-pt\/producto\/at-cash-one\/#primaryimage"},"image":{"@id":"https:\/\/automated-transactions.es\/pt-pt\/producto\/at-cash-one\/#primaryimage"},"thumbnailUrl":"https:\/\/automated-transactions.es\/wp-content\/uploads\/2022\/01\/01_Frontal-0-e1759912626750.png","datePublished":"2022-01-29T00:07:39+00:00","dateModified":"2025-10-08T08:39:04+00:00","breadcrumb":{"@id":"https:\/\/automated-transactions.es\/pt-pt\/producto\/at-cash-one\/#breadcrumb"},"inLanguage":"pt-PT","potentialAction":[{"@type":"ReadAction","target":["https:\/\/automated-transactions.es\/pt-pt\/producto\/at-cash-one\/"]}]},{"@type":"ImageObject","inLanguage":"pt-PT","@id":"https:\/\/automated-transactions.es\/pt-pt\/producto\/at-cash-one\/#primaryimage","url":"https:\/\/automated-transactions.es\/wp-content\/uploads\/2022\/01\/01_Frontal-0-e1759912626750.png","contentUrl":"https:\/\/automated-transactions.es\/wp-content\/uploads\/2022\/01\/01_Frontal-0-e1759912626750.png","width":1499,"height":2168},{"@type":"BreadcrumbList","@id":"https:\/\/automated-transactions.es\/pt-pt\/producto\/at-cash-one\/#breadcrumb","itemListElement":[{"@type":"ListItem","position":1,"name":"Tienda","item":"https:\/\/automated-transactions.es\/?page_id=7"},{"@type":"ListItem","position":2,"name":"AT\u00b7Cash EVO"}]},{"@type":"WebSite","@id":"https:\/\/automated-transactions.es\/#website","url":"https:\/\/automated-transactions.es\/","name":"Soluciones tecnol\u00f3gicas innovadoras para desarrolladores, fabricantes y operadores de m\u00e1quinas desatendidas.","description":"Tecnolog\u00eda innovadora para m\u00e1quinas de autoservicio","alternateName":"Automated Transactions","potentialAction":[{"@type":"SearchAction","target":{"@type":"EntryPoint","urlTemplate":"https:\/\/automated-transactions.es\/?s={search_term_string}"},"query-input":"required name=search_term_string"}],"inLanguage":"pt-PT"}]}},"_links":{"self":[{"href":"https:\/\/automated-transactions.es\/pt-pt\/wp-json\/wp\/v2\/product\/1809","targetHints":{"allow":["GET"]}}],"collection":[{"href":"https:\/\/automated-transactions.es\/pt-pt\/wp-json\/wp\/v2\/product"}],"about":[{"href":"https:\/\/automated-transactions.es\/pt-pt\/wp-json\/wp\/v2\/types\/product"}],"replies":[{"embeddable":true,"href":"https:\/\/automated-transactions.es\/pt-pt\/wp-json\/wp\/v2\/comments?post=1809"}],"wp:featuredmedia":[{"embeddable":true,"href":"https:\/\/automated-transactions.es\/pt-pt\/wp-json\/wp\/v2\/media\/4559"}],"wp:attachment":[{"href":"https:\/\/automated-transactions.es\/pt-pt\/wp-json\/wp\/v2\/media?parent=1809"}],"wp:term":[{"taxonomy":"product_cat","embeddable":true,"href":"https:\/\/automated-transactions.es\/pt-pt\/wp-json\/wp\/v2\/product_cat?post=1809"},{"taxonomy":"product_tag","embeddable":true,"href":"https:\/\/automated-transactions.es\/pt-pt\/wp-json\/wp\/v2\/product_tag?post=1809"}],"curies":[{"name":"wp","href":"https:\/\/api.w.org\/{rel}","templated":true}]}}