{"id":1786,"date":"2022-01-28T22:59:31","date_gmt":"2022-01-28T22:59:31","guid":{"rendered":"https:\/\/automated-transactions.es\/politica-de-cookies\/"},"modified":"2022-03-07T13:17:10","modified_gmt":"2022-03-07T12:17:10","slug":"politica-de-cookies","status":"publish","type":"page","link":"https:\/\/automated-transactions.es\/pt-pt\/politica-de-cookies\/","title":{"rendered":"Pol\u00edtica de cookies"},"content":{"rendered":"<div class=\"fusion-fullwidth fullwidth-box fusion-builder-row-1 fusion-flex-container nonhundred-percent-fullwidth non-hundred-percent-height-scrolling\" style=\"background-color: rgba(255,255,255,0);background-position: center center;background-repeat: no-repeat;border-width: 0px 0px 0px 0px;border-color:#e2e2e2;border-style:solid;\" ><div class=\"fusion-builder-row fusion-row fusion-flex-align-items-flex-start\" style=\"max-width:1248px;margin-left: calc(-4% \/ 2 );margin-right: calc(-4% \/ 2 );\"><div class=\"fusion-layout-column fusion_builder_column fusion-builder-column-0 fusion_builder_column_1_1 1_1 fusion-flex-column\"><div class=\"fusion-column-wrapper fusion-flex-justify-content-flex-start fusion-content-layout-column\" style=\"background-position:left top;background-repeat:no-repeat;-webkit-background-size:cover;-moz-background-size:cover;-o-background-size:cover;background-size:cover;padding: 0px 0px 0px 0px;\"><div class=\"fusion-text fusion-text-1 fusion-text-no-margin\" style=\"margin-bottom:30px;\"><h3>POL\u00cdTICA DE COOKIES<\/h3>\n<\/div><div class=\"fusion-text fusion-text-2\"><p>O objetivo desta pol\u00edtica de cookies \u00e9 fornecer informa\u00e7\u00f5es claras e precisas sobre os cookies utilizados no nosso site.<\/p>\n<p>Utilizamos cookies pr\u00f3prios e de terceiros para melhorar os nossos servi\u00e7os, personalizar o nosso site, facilitar a navega\u00e7\u00e3o aos nossos utilizadores, proporcionar-lhe uma melhor experi\u00eancia na utiliza\u00e7\u00e3o do site, identificar problemas de modo a melhor\u00e1-lo, fazer medi\u00e7\u00f5es e estat\u00edsticas de utiliza\u00e7\u00e3o e mostrar-lhe publicidade relacionada com as suas prefer\u00eancias, analisando a utiliza\u00e7\u00e3o do site.<\/p>\n<p>Informamos que podemos utilizar cookies no seu dispositivo desde que tenha dado o seu consentimento, exceto nos casos em que os cookies sejam necess\u00e1rios para navegar no nosso site. Onde voc\u00ea autorizar, podemos usar cookies para nos permitir saber mais sobre as suas prefer\u00eancias e personalizar o nosso site de acordo com os seus interesses individuais.<\/p>\n<h5><strong>O QUE S\u00c3O OS COOKIES?<\/strong><\/h5>\n<p>Os cookies e outras tecnologias similares, tais como objetos partilhados locais, flash cookies ou p\u00edxeis, s\u00e3o ferramentas utilizadas pelos servidores web para armazenar e recuperar informa\u00e7\u00e3o sobre os seus visitantes, bem como para oferecer um funcionamento adequado do site.<\/p>\n<h5><strong>TIPOS DE COOKIES<\/strong><\/h5>\n<h5>Tipos de cookies, dependendo da entidade que os gere:<\/h5>\n<ul>\n<li>Cookies pr\u00f3prios: s\u00e3o aqueles que s\u00e3o enviados para o dispositivo terminal do utilizador a partir de um computador ou dom\u00ednio gerido pelo propriet\u00e1rio do site e a partir do qual \u00e9 prestado o servi\u00e7o solicitado pelo utilizador.<\/li>\n<li>Cookies de terceiros: s\u00e3o aqueles que s\u00e3o enviados para o dispositivo terminal do utilizador a partir de um computador ou dom\u00ednio que n\u00e3o \u00e9 gerido pelo propriet\u00e1rio do site e a partir do qual \u00e9 prestado o servi\u00e7o solicitado pelo utilizador, mas por outra entidade que processa os dados obtidos atrav\u00e9s dos cookies. No caso os cookies sejam instalados a partir de um computador ou dom\u00ednio gerido pelo propriet\u00e1rio do site, mas as informa\u00e7\u00f5es coletadas atrav\u00e9s deles sejam geridas por terceiros, tamb\u00e9m ser\u00e3o considerados como cookies de terceiros.<\/li>\n<\/ul>\n<h5>Tipos de cookies de acordo com a sua finalidade:<\/h5>\n<ul>\n<li>Cookies t\u00e9cnicos: s\u00e3o aqueles que permitem ao utilizador navegar por um site, plataforma ou aplica\u00e7\u00e3o e a utiliza\u00e7\u00e3o das diferentes op\u00e7\u00f5es ou servi\u00e7os que neles existam, incluindo aquelas que o editor utiliza para permitir a gest\u00e3o e a opera\u00e7\u00e3o do site e habilitar as suas fun\u00e7\u00f5es e servi\u00e7os, como, por exemplo, controlar o tr\u00e1fego e a comunica\u00e7\u00e3o de dados, identificar a sess\u00e3o, aceder a partes de acesso restrito, lembrar os elementos que comp\u00f5em um pedido, realizar o processo de compra de um pedido, gerir o pagamento, controlar fraudes ligadas \u00e0 seguran\u00e7a do servi\u00e7o, fazer um pedido de registro ou participa\u00e7\u00e3o em um evento, contar visitas para fins de faturamento de licen\u00e7as do software com o qual o servi\u00e7o opera (site, plataforma ou aplica\u00e7\u00e3o), utilizar elementos de seguran\u00e7a durante a navega\u00e7\u00e3o, armazenar conte\u00fado para a transmiss\u00e3o de v\u00eddeos ou som, permitir conte\u00fado din\u00e2mico (por exemplo, anima\u00e7\u00e3o de carregamento de texto ou imagens) ou compartilhar conte\u00fado atrav\u00e9s de redes sociais.Tamb\u00e9m pertencem a esta categoria, pela sua natureza t\u00e9cnica, aqueles cookies que permitem a gest\u00e3o, da forma mais eficiente poss\u00edvel, dos espa\u00e7os publicit\u00e1rios que, como outro elemento de design ou \u201clayout\u201d do servi\u00e7o oferecido ao utilizador, o editor tenha inclu\u00eddo no site, aplica\u00e7\u00e3o ou plataforma com base em crit\u00e9rios como o conte\u00fado editado, sem recolher informa\u00e7\u00f5es dos utilizadores para outros fins, como a personaliza\u00e7\u00e3o desse conte\u00fado publicit\u00e1rio ou outros conte\u00fados.<\/li>\n<li>Cookies de prefer\u00eancia ou de personaliza\u00e7\u00e3o: s\u00e3o aqueles que permitem lembrar as informa\u00e7\u00f5es para que o utilizador possa aceder ao servi\u00e7o com certas caracter\u00edsticas que podem diferenciar a sua experi\u00eancia da de outros utilizadores, como por exemplo, o idioma, o n\u00famero de resultados a serem<br \/>\nexibidos quando o utilizador realiza uma pesquisa, a apar\u00eancia ou conte\u00fado do servi\u00e7o dependendo do tipo de navegador atrav\u00e9s do qual o utilizador acede ao servi\u00e7o ou a regi\u00e3o a partir da qual acede ao servi\u00e7o, etc.<\/li>\n<li>Cookies de an\u00e1lise ou medi\u00e7\u00e3o: s\u00e3o aqueles que permitem ao seu respons\u00e1vel monitorar e analisar o comportamento dos utilizadores dos sites aos quais est\u00e3o ligados, incluindo a quantifica\u00e7\u00e3o dos impactos dos an\u00fancios. As informa\u00e7\u00f5es recolhidas atrav\u00e9s deste tipo de cookie \u00e9 utilizada para medir<br \/>\na atividade dos sites, aplica\u00e7\u00e3o ou plataforma, a fim de fazer melhorias com base na an\u00e1lise dos dados sobre o uso feito pelos utilizadores do servi\u00e7o.<br \/>\nCookies publicit\u00e1rios comportamentais: s\u00e3o aqueles que permitem a gest\u00e3o, da forma mais eficaz poss\u00edvel, dos espa\u00e7os publicit\u00e1rios do site. Estes cookies armazenam informa\u00e7\u00f5es sobre o comportamento dos utilizadores obtidas atrav\u00e9s da observa\u00e7\u00e3o cont\u00ednua dos seus h\u00e1bitos de navega\u00e7\u00e3o, o que permite desenvolver um perfil espec\u00edfico para exibir publicidade com base nos mesmos.<\/li>\n<li>Cookies de geolocaliza\u00e7\u00e3o: estes s\u00e3o utilizados para descobrir onde est\u00e1 um utilizador quando solicita um servi\u00e7o. Este cookie \u00e9 an\u00f3nimo e \u00e9 utilizado, por exemplo, para lhe fornecer as informa\u00e7\u00f5es adequadas, dependendo do pa\u00eds em que se encontra.<\/li>\n<\/ul>\n<h5>Tipos de cookies de acordo com o per\u00edodo de tempo em que permanecem ativados:<\/h5>\n<ul>\n<li>Cookies de sess\u00e3o: estes s\u00e3o concebidos para recolher e armazenar dados enquanto o utilizador acede a um site. S\u00e3o normalmente utilizados para armazenar informa\u00e7\u00f5es que s\u00f3 s\u00e3o relevantes para a presta\u00e7\u00e3o do servi\u00e7o solicitado pelo utilizador numa \u00fanica ocasi\u00e3o (por exemplo, uma lista de produtos adquiridos) e desaparecem no final da sess\u00e3o.<\/li>\n<li>Cookies persistentes: s\u00e3o aqueles nos quais os dados permanecem armazenados no terminal e podem ser acedidos e processados por um per\u00edodo definido pelo respons\u00e1vel do cookie, que pode variar de alguns minutos a v\u00e1rios anos.<\/li>\n<\/ul>\n<h5><strong>COOKIES UTILIZADOS NO NOSSO SITE <\/strong><\/h5>\n<p>(Insira os nomes dos cookies, tipo, propriet\u00e1rio, fun\u00e7\u00e3o e expira\u00e7\u00e3o) por exemplo:<\/p>\n<p><img decoding=\"async\" class=\"alignnone wp-image-1787\" src=\"https:\/\/automated-transactions.es\/wp-content\/uploads\/2022\/03\/hh.jpg\" alt=\"\" width=\"686\" height=\"167\" srcset=\"https:\/\/automated-transactions.es\/wp-content\/uploads\/2022\/03\/hh-200x49.jpg 200w, https:\/\/automated-transactions.es\/wp-content\/uploads\/2022\/03\/hh-300x73.jpg 300w, https:\/\/automated-transactions.es\/wp-content\/uploads\/2022\/03\/hh-400x97.jpg 400w, https:\/\/automated-transactions.es\/wp-content\/uploads\/2022\/03\/hh-500x122.jpg 500w, https:\/\/automated-transactions.es\/wp-content\/uploads\/2022\/03\/hh-600x146.jpg 600w, https:\/\/automated-transactions.es\/wp-content\/uploads\/2022\/03\/hh-700x170.jpg 700w, https:\/\/automated-transactions.es\/wp-content\/uploads\/2022\/03\/hh-768x187.jpg 768w, https:\/\/automated-transactions.es\/wp-content\/uploads\/2022\/03\/hh-800x194.jpg 800w, https:\/\/automated-transactions.es\/wp-content\/uploads\/2022\/03\/hh-1024x249.jpg 1024w, https:\/\/automated-transactions.es\/wp-content\/uploads\/2022\/03\/hh-1200x292.jpg 1200w, https:\/\/automated-transactions.es\/wp-content\/uploads\/2022\/03\/hh-1536x373.jpg 1536w, https:\/\/automated-transactions.es\/wp-content\/uploads\/2022\/03\/hh.jpg 1695w\" sizes=\"(max-width: 686px) 100vw, 686px\" \/><\/p>\n<h5><strong>COMO DESATIVAR OS COOKIES NOS NAVEGADORES?<\/strong><\/h5>\n<p>O usu\u00e1rio pode, a qualquer momento, permitir, bloquear ou eliminar os cookies instalados no seu dispositivo modificando os par\u00e2metros de configura\u00e7\u00e3o do navegador instalado no seu dispositivo:<\/p>\n<ul>\n<li>Chrome Configura\u00e7\u00e3o -&gt; Mostrar op\u00e7\u00f5es avan\u00e7adas -&gt; Privacidade -&gt; Configura\u00e7\u00e3o de conte\u00fado.<br \/>\nPara mais informa\u00e7\u00f5es, pode consultar o centro de ajuda do Google ou a Ajuda do navegador.<\/li>\n<li>Explorer ou Edge Ferramentas -&gt; Op\u00e7\u00f5es de Internet -&gt; Privacidade -&gt; Configura\u00e7\u00e3o.<br \/>\nPara mais informa\u00e7\u00f5es, pode consultar o centro de ajuda da Microsoft ou a Ajuda do navegador.<\/li>\n<li>Firefox: Ferramentas -&gt; Op\u00e7\u00f5es -&gt; Privacidade -&gt; Historial -&gt; Configura\u00e7\u00e3o Personalizada.<br \/>\nPara mais informa\u00e7\u00f5es, pode consultar o centro de ajuda do Mozilla ou a Ajuda do navegador.<\/li>\n<li>Safari Prefer\u00eancias -&gt; Seguran\u00e7a.<br \/>\nPara mais informa\u00e7\u00f5es, pode consultar o centro de ajuda da Apple ou a Ajuda do navegador.<\/li>\n<\/ul>\n<p>A desativa\u00e7\u00e3o dos cookies n\u00e3o impede a navega\u00e7\u00e3o pelo site, mas o uso de alguns dos seus servi\u00e7os pode ser limitado e, portanto, a sua experi\u00eancia de navega\u00e7\u00e3o pode ser menos satisfat\u00f3ria.<\/p>\n<h5><strong>RETIRAR O CONSENTIMENTO<\/strong><\/h5>\n<p>O utilizador pode retirar, a qualquer momento, o seu consentimento relacionado com a Pol\u00edtica de Cookies e pode eliminar os cookies armazenados no seu dispositivo, atrav\u00e9s dos ajustes e configura\u00e7\u00f5es do seu navegador de Internet, indicados anteriormente, bem como acedendo ao nosso painel de configura\u00e7\u00e3o:<\/p>\n<h5>CONFIGURA\u00c7\u00c3O DE COOKIES<\/h5>\n<p>A presente Pol\u00edtica de Cookies pode ser alterada quando assim seja exigido pela legisla\u00e7\u00e3o vigente em cada momento ou quando exista alguma varia\u00e7\u00e3o no tipo de cookies utilizados no site. Por isso, lembre-se de revisar esta pol\u00edtica em cada acesso ao nosso site, para estar adequadamente informado sobre como e para que utilizamos os cookies.<\/p>\n<\/div><\/div><style type=\"text\/css\">.fusion-body .fusion-builder-column-0{width:100% !important;margin-top : 0px;margin-bottom : 20px;}.fusion-builder-column-0 > .fusion-column-wrapper {padding-top : 0px !important;padding-right : 0px !important;margin-right : 1.92%;padding-bottom : 0px !important;padding-left : 0px !important;margin-left : 1.92%;}@media only screen and (max-width:1024px) {.fusion-body .fusion-builder-column-0{width:100% !important;order : 0;}.fusion-builder-column-0 > .fusion-column-wrapper {margin-right : 1.92%;margin-left : 1.92%;}}@media only screen and (max-width:640px) {.fusion-body .fusion-builder-column-0{width:100% !important;order : 0;}.fusion-builder-column-0 > .fusion-column-wrapper {margin-right : 1.92%;margin-left : 1.92%;}}<\/style><\/div><\/div><style type=\"text\/css\">.fusion-body .fusion-flex-container.fusion-builder-row-1{ padding-top : 0px;margin-top : 60px;padding-right : 0px;padding-bottom : 0px;margin-bottom : 60px;padding-left : 0px;}<\/style><\/div>\n","protected":false},"excerpt":{"rendered":"","protected":false},"author":1,"featured_media":0,"parent":0,"menu_order":0,"comment_status":"closed","ping_status":"closed","template":"","meta":{"content-type":"","footnotes":""},"class_list":["post-1786","page","type-page","status-publish","hentry"],"yoast_head":"<!-- This site is optimized with the Yoast SEO plugin v23.0 - https:\/\/yoast.com\/wordpress\/plugins\/seo\/ -->\n<title>Pol\u00edtica de cookies - Automated Transactions<\/title>\n<meta name=\"robots\" content=\"noindex, follow\" \/>\n<meta property=\"og:locale\" content=\"pt_PT\" \/>\n<meta property=\"og:type\" content=\"article\" \/>\n<meta property=\"og:title\" content=\"Pol\u00edtica de cookies - Automated Transactions\" \/>\n<meta property=\"og:url\" content=\"https:\/\/automated-transactions.es\/pt-pt\/politica-de-cookies\/\" \/>\n<meta property=\"og:site_name\" content=\"Automated Transactions\" \/>\n<meta property=\"article:modified_time\" content=\"2022-03-07T12:17:10+00:00\" \/>\n<meta property=\"og:image\" content=\"https:\/\/automated-transactions.es\/wp-content\/uploads\/2022\/03\/hh.jpg\" \/>\n<meta name=\"twitter:card\" content=\"summary_large_image\" \/>\n<meta name=\"twitter:label1\" content=\"Tempo estimado de leitura\" \/>\n\t<meta name=\"twitter:data1\" content=\"7 minutos\" \/>\n<script type=\"application\/ld+json\" class=\"yoast-schema-graph\">{\"@context\":\"https:\/\/schema.org\",\"@graph\":[{\"@type\":\"WebPage\",\"@id\":\"https:\/\/automated-transactions.es\/pt-pt\/politica-de-cookies\/\",\"url\":\"https:\/\/automated-transactions.es\/pt-pt\/politica-de-cookies\/\",\"name\":\"Pol\u00edtica de cookies - Automated Transactions\",\"isPartOf\":{\"@id\":\"https:\/\/automated-transactions.es\/#website\"},\"primaryImageOfPage\":{\"@id\":\"https:\/\/automated-transactions.es\/pt-pt\/politica-de-cookies\/#primaryimage\"},\"image\":{\"@id\":\"https:\/\/automated-transactions.es\/pt-pt\/politica-de-cookies\/#primaryimage\"},\"thumbnailUrl\":\"https:\/\/automated-transactions.es\/wp-content\/uploads\/2022\/03\/hh.jpg\",\"datePublished\":\"2022-01-28T22:59:31+00:00\",\"dateModified\":\"2022-03-07T12:17:10+00:00\",\"inLanguage\":\"pt-PT\",\"potentialAction\":[{\"@type\":\"ReadAction\",\"target\":[\"https:\/\/automated-transactions.es\/pt-pt\/politica-de-cookies\/\"]}]},{\"@type\":\"ImageObject\",\"inLanguage\":\"pt-PT\",\"@id\":\"https:\/\/automated-transactions.es\/pt-pt\/politica-de-cookies\/#primaryimage\",\"url\":\"https:\/\/automated-transactions.es\/wp-content\/uploads\/2022\/03\/hh.jpg\",\"contentUrl\":\"https:\/\/automated-transactions.es\/wp-content\/uploads\/2022\/03\/hh.jpg\"},{\"@type\":\"WebSite\",\"@id\":\"https:\/\/automated-transactions.es\/#website\",\"url\":\"https:\/\/automated-transactions.es\/\",\"name\":\"Soluciones tecnol\u00f3gicas innovadoras para desarrolladores, fabricantes y operadores de m\u00e1quinas desatendidas.\",\"description\":\"Tecnolog\u00eda innovadora para m\u00e1quinas de autoservicio\",\"alternateName\":\"Automated Transactions\",\"potentialAction\":[{\"@type\":\"SearchAction\",\"target\":{\"@type\":\"EntryPoint\",\"urlTemplate\":\"https:\/\/automated-transactions.es\/?s={search_term_string}\"},\"query-input\":\"required name=search_term_string\"}],\"inLanguage\":\"pt-PT\"}]}<\/script>\n<!-- \/ Yoast SEO plugin. -->","yoast_head_json":{"title":"Pol\u00edtica de cookies - Automated Transactions","robots":{"index":"noindex","follow":"follow"},"og_locale":"pt_PT","og_type":"article","og_title":"Pol\u00edtica de cookies - Automated Transactions","og_url":"https:\/\/automated-transactions.es\/pt-pt\/politica-de-cookies\/","og_site_name":"Automated Transactions","article_modified_time":"2022-03-07T12:17:10+00:00","og_image":[{"url":"https:\/\/automated-transactions.es\/wp-content\/uploads\/2022\/03\/hh.jpg"}],"twitter_card":"summary_large_image","twitter_misc":{"Tempo estimado de leitura":"7 minutos"},"schema":{"@context":"https:\/\/schema.org","@graph":[{"@type":"WebPage","@id":"https:\/\/automated-transactions.es\/pt-pt\/politica-de-cookies\/","url":"https:\/\/automated-transactions.es\/pt-pt\/politica-de-cookies\/","name":"Pol\u00edtica de cookies - Automated Transactions","isPartOf":{"@id":"https:\/\/automated-transactions.es\/#website"},"primaryImageOfPage":{"@id":"https:\/\/automated-transactions.es\/pt-pt\/politica-de-cookies\/#primaryimage"},"image":{"@id":"https:\/\/automated-transactions.es\/pt-pt\/politica-de-cookies\/#primaryimage"},"thumbnailUrl":"https:\/\/automated-transactions.es\/wp-content\/uploads\/2022\/03\/hh.jpg","datePublished":"2022-01-28T22:59:31+00:00","dateModified":"2022-03-07T12:17:10+00:00","inLanguage":"pt-PT","potentialAction":[{"@type":"ReadAction","target":["https:\/\/automated-transactions.es\/pt-pt\/politica-de-cookies\/"]}]},{"@type":"ImageObject","inLanguage":"pt-PT","@id":"https:\/\/automated-transactions.es\/pt-pt\/politica-de-cookies\/#primaryimage","url":"https:\/\/automated-transactions.es\/wp-content\/uploads\/2022\/03\/hh.jpg","contentUrl":"https:\/\/automated-transactions.es\/wp-content\/uploads\/2022\/03\/hh.jpg"},{"@type":"WebSite","@id":"https:\/\/automated-transactions.es\/#website","url":"https:\/\/automated-transactions.es\/","name":"Soluciones tecnol\u00f3gicas innovadoras para desarrolladores, fabricantes y operadores de m\u00e1quinas desatendidas.","description":"Tecnolog\u00eda innovadora para m\u00e1quinas de autoservicio","alternateName":"Automated Transactions","potentialAction":[{"@type":"SearchAction","target":{"@type":"EntryPoint","urlTemplate":"https:\/\/automated-transactions.es\/?s={search_term_string}"},"query-input":"required name=search_term_string"}],"inLanguage":"pt-PT"}]}},"_links":{"self":[{"href":"https:\/\/automated-transactions.es\/pt-pt\/wp-json\/wp\/v2\/pages\/1786","targetHints":{"allow":["GET"]}}],"collection":[{"href":"https:\/\/automated-transactions.es\/pt-pt\/wp-json\/wp\/v2\/pages"}],"about":[{"href":"https:\/\/automated-transactions.es\/pt-pt\/wp-json\/wp\/v2\/types\/page"}],"author":[{"embeddable":true,"href":"https:\/\/automated-transactions.es\/pt-pt\/wp-json\/wp\/v2\/users\/1"}],"replies":[{"embeddable":true,"href":"https:\/\/automated-transactions.es\/pt-pt\/wp-json\/wp\/v2\/comments?post=1786"}],"version-history":[{"count":1,"href":"https:\/\/automated-transactions.es\/pt-pt\/wp-json\/wp\/v2\/pages\/1786\/revisions"}],"predecessor-version":[{"id":1789,"href":"https:\/\/automated-transactions.es\/pt-pt\/wp-json\/wp\/v2\/pages\/1786\/revisions\/1789"}],"wp:attachment":[{"href":"https:\/\/automated-transactions.es\/pt-pt\/wp-json\/wp\/v2\/media?parent=1786"}],"curies":[{"name":"wp","href":"https:\/\/api.w.org\/{rel}","templated":true}]}}